{"id":25958,"date":"2022-07-31T01:08:46","date_gmt":"2022-07-30T23:08:46","guid":{"rendered":"https:\/\/www.narrateworld.com\/prodotto\/salvagenthe-natale\/"},"modified":"2024-05-14T16:59:05","modified_gmt":"2024-05-14T14:59:05","slug":"sgs-christmas","status":"publish","type":"product","link":"https:\/\/narrateworld.com\/en\/prodotto\/sgs-christmas\/","title":{"rendered":"SGS CHRISTMAS"},"content":{"rendered":"\t\t<div data-elementor-type=\"wp-post\" data-elementor-id=\"25958\" class=\"elementor elementor-25958 elementor-18745\">\n\t\t\t\t\t\t<section class=\"wd-negative-gap elementor-section elementor-top-section elementor-element elementor-element-79752fbe wd-section-stretch elementor-section-content-top elementor-section-boxed elementor-section-height-default elementor-section-height-default\" data-id=\"79752fbe\" data-element_type=\"section\" data-settings=\"{&quot;background_background&quot;:&quot;classic&quot;}\">\n\t\t\t\t\t\t<div class=\"elementor-container elementor-column-gap-extended\">\n\t\t\t\t\t<div class=\"elementor-column elementor-col-50 elementor-top-column elementor-element elementor-element-2af8c87b\" data-id=\"2af8c87b\" data-element_type=\"column\">\n\t\t\t<div class=\"elementor-widget-wrap elementor-element-populated\">\n\t\t\t\t\t\t<div class=\"elementor-element elementor-element-34e43d1 elementor-widget elementor-widget-wd_text_block\" data-id=\"34e43d1\" data-element_type=\"widget\" data-widget_type=\"wd_text_block.default\">\n\t\t\t\t<div class=\"elementor-widget-container\">\n\t\t\t\t\t<div class=\"wd-text-block reset-last-child text-left\">\n\t\t\t\n\t\t\t<h3><span style=\"color: #3e3a93;\"><strong>BREVE PRONTUARIO DI SOPRAVVIVENZA AL NATALE<\/strong><\/span><\/h3><p style=\"font-weight: 400;\">Tra crisi di nervi, parenti serpenti e cene aziendali, come si pu\u00f2 sopravvivere oggi al Natale? Ce lo racconta con ironia e intelligenza Alberto FORNI.<\/p><p><span style=\"color: #3e3a93;\"><strong>NEW BLEND<br \/><\/strong><\/span><strong>T\u00e8 verde Bancha* | Canapa semi* | Arancio scorze* | Cannella* | Anice stellato* | Chiodi di Garofano*.<\/strong>\u00a0- * da agricoltura biologica<\/p><p style=\"text-align: center;\"><img decoding=\"async\" class=\"aligncenter size-full wp-image-18468\" src=\"https:\/\/www.narrateworld.com\/wp-content\/uploads\/2023\/08\/narratherapy-Salvagenthe-Natale-ingredienti.png\" alt=\"\" width=\"400\" height=\"57\" srcset=\"https:\/\/narrateworld.com\/wp-content\/uploads\/2023\/08\/narratherapy-Salvagenthe-Natale-ingredienti.png 400w, https:\/\/narrateworld.com\/wp-content\/uploads\/2023\/08\/narratherapy-Salvagenthe-Natale-ingredienti-150x21.png 150w\" sizes=\"(max-width: 400px) 100vw, 400px\" \/><\/p><p><span style=\"color: #3e3a93;\"><strong>CARATTERISTICHE TECNICHE<br \/><\/strong><\/span><strong>Libretto:<\/strong> Dim. 9 x 10 x 0,6 cm (chiuso), cover con stampa in fluo. 24 facciate stampate in offset su carta riciclata + 2 bianche di guardia. Doppia rilegatura: con punti metallici e incollatura. Assemblato a mano con amore in Italia. Chiusura con bollino adesivo di garanzia contenente l\u2019indicazione della data di scadenza.<\/p><p><strong>Filtro confezionato a mano:<br \/><\/strong>La formulazione, miscelazione, insacchettamento e confezionamento nel sacchetto monodose salva aroma, del blend avvengono manualmente in una piccola azienda agricola piemontese. Il taglio degli ingredienti contenuti \u00e8 quello \u201ctisana\u201d che consente la migliore infusione possibile. Per questo abbiamo scelto di utilizzare t\u00e8 biologici di alta qualit\u00e0, in filtri monodose, prodotti e confezionati manualmente uno a uno, in Italia con qualit\u00e0 e costi non paragonabili a quelli prodotti industrialmente. Una scelta che aiuta a garantire la giusta retribuzione lavorativa agli artigiani e un incentivo all\u2019economia territoriale dell\u2019eccellenza agroalimentare italiana. Infine non abbiamo voluto aggiungere filo e pendulino al filtro per non dover impiegare ulteriori elementi di raccordo (con potenziali micro inquinanti sia in fase di produzione che di consumo) cos\u00ec da salvaguardare al massimo le propriet\u00e0 aromatiche e organolettiche dell\u2019infuso.<br \/>Contiene 2 grammi di miscela biologica di alta qualit\u00e0, certificata ICEA.<\/p><p>Tempo d\u2019infusione: 5 minuti. Validit\u00e0 3 anni dall\u2019imbustamento. Confezionata in un sacchetto protettivo monodose termosaldato in plastica per alimenti 6 x 8,5 x 0,15 cm.<\/p><p><span style=\"color: #d65a94;\"><strong><span style=\"color: #3e3a93;\">PAGINE SPECIALI<\/span><br \/><\/strong><\/span>Oltre ai 10 paragrafetti del testo dedicato all\u2019infusione, abbiamo dedicato 2 pagine con gli <strong>esercizi psicofisici di sopravvivenza<\/strong> a cura della dott.ssa <span style=\"text-decoration: underline;\"><span style=\"color: #777777; text-decoration: underline;\"><a style=\"color: #777777; text-decoration: underline;\" href=\"https:\/\/www.ilariacaelli.com\/\" target=\"_blank\" rel=\"noopener\">Ilaria Caelli<\/a>.<\/span><\/span> Di Elena Molini (della <span style=\"text-decoration: underline;\"><span style=\"color: #777777;\"><a style=\"color: #777777; text-decoration: underline;\" href=\"https:\/\/www.piccolafarmacialetteraria.it\/\" target=\"_blank\" rel=\"noopener\">Piccola Farmacia Letteraria di Firenze<\/a><\/span><\/span>) invece i <strong>suggerimenti delle letture di sopravvivenza<\/strong>. L\u2019ultima pagina del libretto ospita il qr-code necessario ad accedere ai relativi contenuti multimediali.<\/p><p><strong>Prezzo al pubblico \u20ac 6,90 | ISBN\u00a09788885507876<\/strong><\/p>\n\t\t\t\t\t<\/div>\n\t\t\t\t<\/div>\n\t\t\t\t<\/div>\n\t\t\t\t\t<\/div>\n\t\t<\/div>\n\t\t\t\t<div class=\"elementor-column elementor-col-50 elementor-top-column elementor-element elementor-element-5471f06f\" data-id=\"5471f06f\" data-element_type=\"column\">\n\t\t\t<div class=\"elementor-widget-wrap elementor-element-populated\">\n\t\t\t\t\t\t<div class=\"elementor-element elementor-element-0784455 elementor-widget elementor-widget-wd_accordion\" data-id=\"0784455\" data-element_type=\"widget\" data-widget_type=\"wd_accordion.default\">\n\t\t\t\t<div class=\"elementor-widget-container\">\n\t\t\t\n\t\t<div class=\"wd-accordion wd-style-default\" data-state=\"first\">\n\t\t\t\t\t\t\t\n\t\t\t\t<div class=\"wd-accordion-item\">\n\t\t\t\t\t<div class=\"wd-accordion-title wd-active text-left wd-opener-pos-left\" data-accordion-index=\"0\">\n\t\t\t\t\t\t<div class=\"wd-accordion-title-text\">\n\t\t\t\t\t\t\t\t\t\t\t\t\t\t<span>\n\t\t\t\t\t\t\t\tIl Blend di sopravvivenza al NATALE\t\t\t\t\t\t\t<\/span>\n\t\t\t\t\t\t<\/div>\n\t\t\t\t\t\t<span class=\"wd-accordion-opener wd-opener-style-arrow\"><\/span>\n\t\t\t\t\t<\/div>\n\n\t\t\t\t\t<div class=\"wd-accordion-content reset-last-child wd-active\" data-accordion-index=\"0\">\n\t\t\t\t\t\t\t\t\t\t\t\t\t\n\t\t\t\t\t\t\t<p>Sopravvivere \u00e8 un\u2019attivit\u00e0 snervante, da qui la scelta della Canapa (semi) come base di tutti i blend\u00a0dei prontuari. Poi un pregiato t\u00e8 verde Bancha, ricco di di antiossidanti, calcio e niacina che protegge il\u00a0sistema nervoso. Per il resto ci siamo affidati agli immancabili aromi del classico infuso di Natale: scorze\u00a0d\u2019Arancio, Cannella, Anice stellato, Chiodi di Garofano.<\/p>\n\t\t\t\t\t\t\t\t\t\t\t\t\t\t\t\t\t\t<\/div>\n\t\t\t\t<\/div>\n\t\t\t\t\t\t\t\n\t\t\t\t<div class=\"wd-accordion-item\">\n\t\t\t\t\t<div class=\"wd-accordion-title text-left wd-opener-pos-left\" data-accordion-index=\"1\">\n\t\t\t\t\t\t<div class=\"wd-accordion-title-text\">\n\t\t\t\t\t\t\t\t\t\t\t\t\t\t<span>\n\t\t\t\t\t\t\t\tL&#039;autore | Alberto FORNI\t\t\t\t\t\t\t<\/span>\n\t\t\t\t\t\t<\/div>\n\t\t\t\t\t\t<span class=\"wd-accordion-opener wd-opener-style-arrow\"><\/span>\n\t\t\t\t\t<\/div>\n\n\t\t\t\t\t<div class=\"wd-accordion-content reset-last-child\" data-accordion-index=\"1\">\n\t\t\t\t\t\t\t\t\t\t\t\t\t\n\t\t\t\t\t\t\t<p><span style=\"text-decoration: underline; color: #777777;\"><strong>Alberto Forni<\/strong><\/span> \u00e8\u00a0 giornalista e scrittore. \u00c8 stato autore del programma radiofonico Dispenser (Radio 2) e di quelli televisivi Viva la crisi! (Rai 3), Lorem Ipsum (Deejay TV), Vite da copertina (TV8). Ha scritto su varie riviste fra cui Wired, Empire, Panorama, Flair, Grazia. Ha pubblicato la raccolta di racconti \u201cAvanti Veloce\u201d con Baldini&amp;Castoldi e il romanzo per ragazzi \u201cLa Battaglia Suprema\u201d con Electa. Attualmente \u00e8 lettore editoriale per Feltrinelli e ghostwriter per il gruppo Mondadori.<\/p>\n\t\t\t\t\t\t\t\t\t\t\t\t\t\t\t\t\t\t<\/div>\n\t\t\t\t<\/div>\n\t\t\t\t\t\t\t\n\t\t\t\t<div class=\"wd-accordion-item\">\n\t\t\t\t\t<div class=\"wd-accordion-title text-left wd-opener-pos-left\" data-accordion-index=\"2\">\n\t\t\t\t\t\t<div class=\"wd-accordion-title-text\">\n\t\t\t\t\t\t\t\t\t\t\t\t\t\t<span>\n\t\t\t\t\t\t\t\tContributi\t\t\t\t\t\t\t<\/span>\n\t\t\t\t\t\t<\/div>\n\t\t\t\t\t\t<span class=\"wd-accordion-opener wd-opener-style-arrow\"><\/span>\n\t\t\t\t\t<\/div>\n\n\t\t\t\t\t<div class=\"wd-accordion-content reset-last-child\" data-accordion-index=\"2\">\n\t\t\t\t\t\t\t\t\t\t\t\t\t\n\t\t\t\t\t\t\t<p>Per gli\u00a0<em>Esercizi Psico-fisici di sopravvivenza: <\/em>la psicologa\u00a0<span style=\"text-decoration: underline;\"><a style=\"color: #777777;\" href=\"https:\/\/www.ilariacaelli.com\/\" target=\"_blank\" rel=\"noopener\"><strong>Ilaria CAELLI<\/strong><\/a>.<br \/><\/span>Per le <em>Letture di sopravvivenza<\/em>:\u00a0<strong>Elena MOLINI<\/strong>\u00a0di<span style=\"text-decoration: underline;\"><strong>\u00a0<a style=\"color: #777777; text-decoration: underline;\" href=\"https:\/\/www.piccolafarmacialetteraria.it\/\" target=\"_blank\" rel=\"noopener\">Piccola Farmacia Letteraria<\/a>.<\/strong><\/span><\/p>\n\t\t\t\t\t\t\t\t\t\t\t\t\t\t\t\t\t\t<\/div>\n\t\t\t\t<\/div>\n\t\t\t\t\t<\/div>\n\t\t\t\t<\/div>\n\t\t\t\t<\/div>\n\t\t\t\t<div class=\"elementor-element elementor-element-2d6609b elementor-widget elementor-widget-wd_image_or_svg\" data-id=\"2d6609b\" data-element_type=\"widget\" data-widget_type=\"wd_image_or_svg.default\">\n\t\t\t\t<div class=\"elementor-widget-container\">\n\t\t\t\n\t\t<div class=\"wd-image text-left\">\n\t\t\t\t\t\t\t\t<img fetchpriority=\"high\" decoding=\"async\" width=\"900\" height=\"900\" src=\"https:\/\/narrateworld.com\/wp-content\/uploads\/2023\/08\/Narrate-Salvagenthe-Natale-presentazione.png\" class=\"attachment-full size-full\" alt=\"\" srcset=\"https:\/\/narrateworld.com\/wp-content\/uploads\/2023\/08\/Narrate-Salvagenthe-Natale-presentazione.png 900w, https:\/\/narrateworld.com\/wp-content\/uploads\/2023\/08\/Narrate-Salvagenthe-Natale-presentazione-430x430.png 430w, https:\/\/narrateworld.com\/wp-content\/uploads\/2023\/08\/Narrate-Salvagenthe-Natale-presentazione-150x150.png 150w, https:\/\/narrateworld.com\/wp-content\/uploads\/2023\/08\/Narrate-Salvagenthe-Natale-presentazione-700x700.png 700w, https:\/\/narrateworld.com\/wp-content\/uploads\/2023\/08\/Narrate-Salvagenthe-Natale-presentazione-300x300.png 300w, https:\/\/narrateworld.com\/wp-content\/uploads\/2023\/08\/Narrate-Salvagenthe-Natale-presentazione-800x800.png 800w, https:\/\/narrateworld.com\/wp-content\/uploads\/2023\/08\/Narrate-Salvagenthe-Natale-presentazione-768x768.png 768w, https:\/\/narrateworld.com\/wp-content\/uploads\/2023\/08\/Narrate-Salvagenthe-Natale-presentazione-860x860.png 860w\" sizes=\"(max-width: 900px) 100vw, 900px\" \/>\t\t\t\t\t<\/div>\n\n\t\t\t\t<\/div>\n\t\t\t\t<\/div>\n\t\t\t\t\t<\/div>\n\t\t<\/div>\n\t\t\t\t\t<\/div>\n\t\t<\/section>\n\t\t\t\t<\/div>\n\t\t","protected":false},"excerpt":{"rendered":"<p>Breve prontuario semiserio di sopravvivenza al Natale<\/p>\n","protected":false},"featured_media":24540,"template":"","meta":[],"product_brand":[],"product_cat":[215],"product_tag":[],"class_list":{"0":"post-25958","1":"product","2":"type-product","3":"status-publish","4":"has-post-thumbnail","6":"product_cat-lifebeltea","8":"first","9":"instock","10":"taxable","11":"shipping-taxable","12":"purchasable","13":"product-type-simple"},"yoast_head":"<!-- This site is optimized with the Yoast SEO plugin v27.4 - https:\/\/yoast.com\/product\/yoast-seo-wordpress\/ -->\n<title>SGS CHRISTMAS - Narrat\u00e8 World<\/title>\n<meta name=\"robots\" content=\"index, follow, max-snippet:-1, max-image-preview:large, max-video-preview:-1\" \/>\n<link rel=\"canonical\" href=\"https:\/\/narrateworld.com\/en\/prodotto\/sgs-christmas\/\" \/>\n<meta property=\"og:locale\" content=\"en_US\" \/>\n<meta property=\"og:type\" content=\"article\" \/>\n<meta property=\"og:title\" content=\"SGS CHRISTMAS - Narrat\u00e8 World\" \/>\n<meta property=\"og:description\" content=\"Breve prontuario semiserio di sopravvivenza al Natale\" \/>\n<meta property=\"og:url\" content=\"https:\/\/narrateworld.com\/en\/prodotto\/sgs-christmas\/\" \/>\n<meta property=\"og:site_name\" content=\"Narrat\u00e8 World\" \/>\n<meta property=\"article:publisher\" content=\"https:\/\/www.facebook.com\/narrateworld\" \/>\n<meta property=\"article:modified_time\" content=\"2024-05-14T14:59:05+00:00\" \/>\n<meta property=\"og:image\" content=\"https:\/\/narrateworld.com\/wp-content\/uploads\/2023\/07\/Narrate-Salvagenthe-Natale-fronte.png\" \/>\n\t<meta property=\"og:image:width\" content=\"567\" \/>\n\t<meta property=\"og:image:height\" content=\"613\" \/>\n\t<meta property=\"og:image:type\" content=\"image\/png\" \/>\n<meta name=\"twitter:card\" content=\"summary_large_image\" \/>\n<meta name=\"twitter:site\" content=\"@narrateworld\" \/>\n<meta name=\"twitter:label1\" content=\"Est. reading time\" \/>\n\t<meta name=\"twitter:data1\" content=\"3 minutes\" \/>\n<script type=\"application\/ld+json\" class=\"yoast-schema-graph\">{\"@context\":\"https:\\\/\\\/schema.org\",\"@graph\":[{\"@type\":\"WebPage\",\"@id\":\"https:\\\/\\\/narrateworld.com\\\/en\\\/prodotto\\\/sgs-christmas\\\/\",\"url\":\"https:\\\/\\\/narrateworld.com\\\/en\\\/prodotto\\\/sgs-christmas\\\/\",\"name\":\"SGS CHRISTMAS - Narrat\u00e8 World\",\"isPartOf\":{\"@id\":\"https:\\\/\\\/narrateworld.com\\\/en\\\/#website\"},\"primaryImageOfPage\":{\"@id\":\"https:\\\/\\\/narrateworld.com\\\/en\\\/prodotto\\\/sgs-christmas\\\/#primaryimage\"},\"image\":{\"@id\":\"https:\\\/\\\/narrateworld.com\\\/en\\\/prodotto\\\/sgs-christmas\\\/#primaryimage\"},\"thumbnailUrl\":\"https:\\\/\\\/narrateworld.com\\\/wp-content\\\/uploads\\\/2023\\\/07\\\/Narrate-Salvagenthe-Natale-fronte.png\",\"datePublished\":\"2022-07-30T23:08:46+00:00\",\"dateModified\":\"2024-05-14T14:59:05+00:00\",\"breadcrumb\":{\"@id\":\"https:\\\/\\\/narrateworld.com\\\/en\\\/prodotto\\\/sgs-christmas\\\/#breadcrumb\"},\"inLanguage\":\"en-US\",\"potentialAction\":[{\"@type\":\"ReadAction\",\"target\":[\"https:\\\/\\\/narrateworld.com\\\/en\\\/prodotto\\\/sgs-christmas\\\/\"]}]},{\"@type\":\"ImageObject\",\"inLanguage\":\"en-US\",\"@id\":\"https:\\\/\\\/narrateworld.com\\\/en\\\/prodotto\\\/sgs-christmas\\\/#primaryimage\",\"url\":\"https:\\\/\\\/narrateworld.com\\\/wp-content\\\/uploads\\\/2023\\\/07\\\/Narrate-Salvagenthe-Natale-fronte.png\",\"contentUrl\":\"https:\\\/\\\/narrateworld.com\\\/wp-content\\\/uploads\\\/2023\\\/07\\\/Narrate-Salvagenthe-Natale-fronte.png\",\"width\":567,\"height\":613},{\"@type\":\"BreadcrumbList\",\"@id\":\"https:\\\/\\\/narrateworld.com\\\/en\\\/prodotto\\\/sgs-christmas\\\/#breadcrumb\",\"itemListElement\":[{\"@type\":\"ListItem\",\"position\":1,\"name\":\"Home\",\"item\":\"https:\\\/\\\/narrateworld.com\\\/en\\\/\"},{\"@type\":\"ListItem\",\"position\":2,\"name\":\"Shop\",\"item\":\"https:\\\/\\\/narrateworld.com\\\/en\\\/shop-en\\\/\"},{\"@type\":\"ListItem\",\"position\":3,\"name\":\"SGS CHRISTMAS\"}]},{\"@type\":\"WebSite\",\"@id\":\"https:\\\/\\\/narrateworld.com\\\/en\\\/#website\",\"url\":\"https:\\\/\\\/narrateworld.com\\\/en\\\/\",\"name\":\"Narrat\u00e8 World\",\"description\":\"La lettura ha scoperto l&#039;acqua calda\",\"publisher\":{\"@id\":\"https:\\\/\\\/narrateworld.com\\\/en\\\/#organization\"},\"potentialAction\":[{\"@type\":\"SearchAction\",\"target\":{\"@type\":\"EntryPoint\",\"urlTemplate\":\"https:\\\/\\\/narrateworld.com\\\/en\\\/?s={search_term_string}\"},\"query-input\":{\"@type\":\"PropertyValueSpecification\",\"valueRequired\":true,\"valueName\":\"search_term_string\"}}],\"inLanguage\":\"en-US\"},{\"@type\":\"Organization\",\"@id\":\"https:\\\/\\\/narrateworld.com\\\/en\\\/#organization\",\"name\":\"Narrat\u00e8 World\",\"url\":\"https:\\\/\\\/narrateworld.com\\\/en\\\/\",\"logo\":{\"@type\":\"ImageObject\",\"inLanguage\":\"en-US\",\"@id\":\"https:\\\/\\\/narrateworld.com\\\/en\\\/#\\\/schema\\\/logo\\\/image\\\/\",\"url\":\"https:\\\/\\\/www.narrateworld.com\\\/wp-content\\\/uploads\\\/2024\\\/05\\\/logo-order-email-seller.png\",\"contentUrl\":\"https:\\\/\\\/www.narrateworld.com\\\/wp-content\\\/uploads\\\/2024\\\/05\\\/logo-order-email-seller.png\",\"width\":664,\"height\":124,\"caption\":\"Narrat\u00e8 World\"},\"image\":{\"@id\":\"https:\\\/\\\/narrateworld.com\\\/en\\\/#\\\/schema\\\/logo\\\/image\\\/\"},\"sameAs\":[\"https:\\\/\\\/www.facebook.com\\\/narrateworld\",\"https:\\\/\\\/x.com\\\/narrateworld\",\"https:\\\/\\\/instagram.com\\\/narrateworld\"]}]}<\/script>\n<!-- \/ Yoast SEO plugin. -->","yoast_head_json":{"title":"SGS CHRISTMAS - Narrat\u00e8 World","robots":{"index":"index","follow":"follow","max-snippet":"max-snippet:-1","max-image-preview":"max-image-preview:large","max-video-preview":"max-video-preview:-1"},"canonical":"https:\/\/narrateworld.com\/en\/prodotto\/sgs-christmas\/","og_locale":"en_US","og_type":"article","og_title":"SGS CHRISTMAS - Narrat\u00e8 World","og_description":"Breve prontuario semiserio di sopravvivenza al Natale","og_url":"https:\/\/narrateworld.com\/en\/prodotto\/sgs-christmas\/","og_site_name":"Narrat\u00e8 World","article_publisher":"https:\/\/www.facebook.com\/narrateworld","article_modified_time":"2024-05-14T14:59:05+00:00","og_image":[{"width":567,"height":613,"url":"https:\/\/narrateworld.com\/wp-content\/uploads\/2023\/07\/Narrate-Salvagenthe-Natale-fronte.png","type":"image\/png"}],"twitter_card":"summary_large_image","twitter_site":"@narrateworld","twitter_misc":{"Est. reading time":"3 minutes"},"schema":{"@context":"https:\/\/schema.org","@graph":[{"@type":"WebPage","@id":"https:\/\/narrateworld.com\/en\/prodotto\/sgs-christmas\/","url":"https:\/\/narrateworld.com\/en\/prodotto\/sgs-christmas\/","name":"SGS CHRISTMAS - Narrat\u00e8 World","isPartOf":{"@id":"https:\/\/narrateworld.com\/en\/#website"},"primaryImageOfPage":{"@id":"https:\/\/narrateworld.com\/en\/prodotto\/sgs-christmas\/#primaryimage"},"image":{"@id":"https:\/\/narrateworld.com\/en\/prodotto\/sgs-christmas\/#primaryimage"},"thumbnailUrl":"https:\/\/narrateworld.com\/wp-content\/uploads\/2023\/07\/Narrate-Salvagenthe-Natale-fronte.png","datePublished":"2022-07-30T23:08:46+00:00","dateModified":"2024-05-14T14:59:05+00:00","breadcrumb":{"@id":"https:\/\/narrateworld.com\/en\/prodotto\/sgs-christmas\/#breadcrumb"},"inLanguage":"en-US","potentialAction":[{"@type":"ReadAction","target":["https:\/\/narrateworld.com\/en\/prodotto\/sgs-christmas\/"]}]},{"@type":"ImageObject","inLanguage":"en-US","@id":"https:\/\/narrateworld.com\/en\/prodotto\/sgs-christmas\/#primaryimage","url":"https:\/\/narrateworld.com\/wp-content\/uploads\/2023\/07\/Narrate-Salvagenthe-Natale-fronte.png","contentUrl":"https:\/\/narrateworld.com\/wp-content\/uploads\/2023\/07\/Narrate-Salvagenthe-Natale-fronte.png","width":567,"height":613},{"@type":"BreadcrumbList","@id":"https:\/\/narrateworld.com\/en\/prodotto\/sgs-christmas\/#breadcrumb","itemListElement":[{"@type":"ListItem","position":1,"name":"Home","item":"https:\/\/narrateworld.com\/en\/"},{"@type":"ListItem","position":2,"name":"Shop","item":"https:\/\/narrateworld.com\/en\/shop-en\/"},{"@type":"ListItem","position":3,"name":"SGS CHRISTMAS"}]},{"@type":"WebSite","@id":"https:\/\/narrateworld.com\/en\/#website","url":"https:\/\/narrateworld.com\/en\/","name":"Narrat\u00e8 World","description":"La lettura ha scoperto l&#039;acqua calda","publisher":{"@id":"https:\/\/narrateworld.com\/en\/#organization"},"potentialAction":[{"@type":"SearchAction","target":{"@type":"EntryPoint","urlTemplate":"https:\/\/narrateworld.com\/en\/?s={search_term_string}"},"query-input":{"@type":"PropertyValueSpecification","valueRequired":true,"valueName":"search_term_string"}}],"inLanguage":"en-US"},{"@type":"Organization","@id":"https:\/\/narrateworld.com\/en\/#organization","name":"Narrat\u00e8 World","url":"https:\/\/narrateworld.com\/en\/","logo":{"@type":"ImageObject","inLanguage":"en-US","@id":"https:\/\/narrateworld.com\/en\/#\/schema\/logo\/image\/","url":"https:\/\/www.narrateworld.com\/wp-content\/uploads\/2024\/05\/logo-order-email-seller.png","contentUrl":"https:\/\/www.narrateworld.com\/wp-content\/uploads\/2024\/05\/logo-order-email-seller.png","width":664,"height":124,"caption":"Narrat\u00e8 World"},"image":{"@id":"https:\/\/narrateworld.com\/en\/#\/schema\/logo\/image\/"},"sameAs":["https:\/\/www.facebook.com\/narrateworld","https:\/\/x.com\/narrateworld","https:\/\/instagram.com\/narrateworld"]}]}},"_links":{"self":[{"href":"https:\/\/narrateworld.com\/en\/wp-json\/wp\/v2\/product\/25958","targetHints":{"allow":["GET"]}}],"collection":[{"href":"https:\/\/narrateworld.com\/en\/wp-json\/wp\/v2\/product"}],"about":[{"href":"https:\/\/narrateworld.com\/en\/wp-json\/wp\/v2\/types\/product"}],"version-history":[{"count":4,"href":"https:\/\/narrateworld.com\/en\/wp-json\/wp\/v2\/product\/25958\/revisions"}],"predecessor-version":[{"id":33851,"href":"https:\/\/narrateworld.com\/en\/wp-json\/wp\/v2\/product\/25958\/revisions\/33851"}],"wp:featuredmedia":[{"embeddable":true,"href":"https:\/\/narrateworld.com\/en\/wp-json\/wp\/v2\/media\/24540"}],"wp:attachment":[{"href":"https:\/\/narrateworld.com\/en\/wp-json\/wp\/v2\/media?parent=25958"}],"wp:term":[{"taxonomy":"product_brand","embeddable":true,"href":"https:\/\/narrateworld.com\/en\/wp-json\/wp\/v2\/product_brand?post=25958"},{"taxonomy":"product_cat","embeddable":true,"href":"https:\/\/narrateworld.com\/en\/wp-json\/wp\/v2\/product_cat?post=25958"},{"taxonomy":"product_tag","embeddable":true,"href":"https:\/\/narrateworld.com\/en\/wp-json\/wp\/v2\/product_tag?post=25958"}],"curies":[{"name":"wp","href":"https:\/\/api.w.org\/{rel}","templated":true}]}}