{"id":26106,"date":"2021-07-31T11:24:23","date_gmt":"2021-07-31T09:24:23","guid":{"rendered":"https:\/\/www.narrateworld.com\/prodotto\/gratitudine-tisane-filosofiche-narratherapy\/"},"modified":"2024-02-23T21:23:49","modified_gmt":"2024-02-23T20:23:49","slug":"literary-supplement-of-gratitude","status":"publish","type":"product","link":"https:\/\/narrateworld.com\/en\/prodotto\/literary-supplement-of-gratitude\/","title":{"rendered":"Literary supplement of GRATITUDE"},"content":{"rendered":"\t\t<div data-elementor-type=\"wp-post\" data-elementor-id=\"26106\" class=\"elementor elementor-26106 elementor-17660\">\n\t\t\t\t\t\t<section class=\"wd-negative-gap elementor-section elementor-top-section elementor-element elementor-element-79752fbe wd-section-stretch elementor-section-content-top elementor-section-boxed elementor-section-height-default elementor-section-height-default\" data-id=\"79752fbe\" data-element_type=\"section\" data-settings=\"{&quot;background_background&quot;:&quot;classic&quot;}\">\n\t\t\t\t\t\t<div class=\"elementor-container elementor-column-gap-extended\">\n\t\t\t\t\t<div class=\"elementor-column elementor-col-50 elementor-top-column elementor-element elementor-element-2af8c87b\" data-id=\"2af8c87b\" data-element_type=\"column\">\n\t\t\t<div class=\"elementor-widget-wrap elementor-element-populated\">\n\t\t\t\t\t\t<div class=\"elementor-element elementor-element-34e43d1 elementor-widget elementor-widget-wd_text_block\" data-id=\"34e43d1\" data-element_type=\"widget\" data-widget_type=\"wd_text_block.default\">\n\t\t\t\t<div class=\"elementor-widget-container\">\n\t\t\t\t\t<div class=\"wd-text-block reset-last-child text-left\">\n\t\t\t\n\t\t\t<h3><span style=\"color: #947eb4;\"><strong>LA TISANA GRATITUDINE<\/strong><\/span><\/h3><p>Imparare a esprimere riconoscenza produce <strong>benessere e felicit\u00e0, riducendo i sintomi depressivi. Potenzia l\u2019empatia e riduce l\u2019aggressivit\u00e0.<\/strong> Sicuri di poterne fare a meno?<\/p><p><strong><span style=\"color: #947eb4;\">LE TISANE FILOSOFICHE<br \/><\/span>Le Tisane Filosofiche Narra<\/strong><strong>THERAPY<\/strong><strong>\u00a0sono un rimedio olistico composto da parole terapeutiche e infusi officinali biologici, fruibili attraverso il format Narrat\u00e8<\/strong><strong>\u00ae<\/strong><strong>: la lettura che dura il tempo d\u2019infusione<\/strong>. Racconti e tisane che insieme si potenziano vicendevolmente con l\u2019intento di comprendere e integrare le carenze all\u2019origine dei pi\u00f9 diffusi disagi contemporanei, per questo le definiamo\u00a0<strong>\u201cIntegratori Letterari\u201d<\/strong>.<strong>\u00a0La confezione si ispira alle scatoline dei medicinali e il \u201csincerino\u201d contenuto, ovvero un bugiardino che dice la verit\u00e0, racchiude sia le parole che il filtro\u00a0<\/strong><strong>monodose\u00a0<\/strong><strong>della tisana.<\/strong><\/p><p><strong><span style=\"color: #dda7c2;\"><span style=\"color: #947eb4;\">BLEND<\/span><br \/><\/span><\/strong>Una tisana d\u2019intonazione <strong>empatica, dolce e gustosa.<\/strong> Il <strong>Rosmarino,<\/strong> al cui profumo \u00e8 sovente associato al potenziamento della memoria. <strong>L\u2019Arancia,<\/strong> originaria della Cina, il cui dono \u00e8 da sempre simbolo di buon auspicio, prosperit\u00e0 e abbondanza. La preziosa sacralit\u00e0 della <strong>Cannella,<\/strong> anticamente considerata un dono degno di un re. Ma soprattutto l\u2019<strong>Agrimonia,<\/strong> il cui significato nel linguaggio dei fiori \u00e8 proprio quello della gratitudine. Infine lo <strong>Zenzero<\/strong> che sin dai tempi pi\u00f9 remoti veniva considerato una pianta magica, simbolo di forza.<\/p><p style=\"text-align: center;\"><img decoding=\"async\" class=\"alignnone wp-image-17518 size-full\" src=\"https:\/\/www.narrateworld.com\/wp-content\/uploads\/2023\/07\/narratherapy-gratitudine-ingredienti.png\" alt=\"\" width=\"400\" height=\"57\" srcset=\"https:\/\/narrateworld.com\/wp-content\/uploads\/2023\/07\/narratherapy-gratitudine-ingredienti.png 400w, https:\/\/narrateworld.com\/wp-content\/uploads\/2023\/07\/narratherapy-gratitudine-ingredienti-150x21.png 150w\" sizes=\"(max-width: 400px) 100vw, 400px\" \/><\/p><p>La formulazione, miscelazione, insacchettamento e confezionamento nel sacchetto salva aroma, avvengono a mano in una societ\u00e0 agricola piemontese. Il taglio delle piante inserite \u00e8 quello \u201ctisana\u201d che consente la migliore infusione possibile. Per accentuare l\u2019efficacia terapeutica delle piante officinali abbiamo scelto di utilizzare tisane biologiche di alta qualit\u00e0, in confezioni monodose, prodotte e confezionate a mano in Italia. Qualit\u00e0 e costi non paragonabili a quelle, seppur biologiche, prodotte industrialmente. Una scelta che aiuta a garantire la giusta retribuzione lavorativa e un incentivo all\u2019economia territoriale dell\u2019eccellenza agroalimentare italiana. Infine non abbiamo voluto aggiungere filo e pendulino al filtro per non dover impiegare ulteriori elementi di raccordo (<strong>con potenziali micro inquinanti)<\/strong>\u00a0cos\u00ec da salvaguardare al massimo le propriet\u00e0 aromatiche e salutistiche dell\u2019infuso.<\/p><p><strong>Prezzo al pubblico \u20ac 5,90 | ISBN 9788885507470<\/strong><\/p>\n\t\t\t\t\t<\/div>\n\t\t\t\t<\/div>\n\t\t\t\t<\/div>\n\t\t\t\t\t<\/div>\n\t\t<\/div>\n\t\t\t\t<div class=\"elementor-column elementor-col-50 elementor-top-column elementor-element elementor-element-5471f06f\" data-id=\"5471f06f\" data-element_type=\"column\">\n\t\t\t<div class=\"elementor-widget-wrap elementor-element-populated\">\n\t\t\t\t\t\t<div class=\"elementor-element elementor-element-0784455 elementor-widget elementor-widget-wd_accordion\" data-id=\"0784455\" data-element_type=\"widget\" data-widget_type=\"wd_accordion.default\">\n\t\t\t\t<div class=\"elementor-widget-container\">\n\t\t\t\n\t\t<div class=\"wd-accordion wd-style-default\" data-state=\"first\">\n\t\t\t\t\t\t\t\n\t\t\t\t<div class=\"wd-accordion-item\">\n\t\t\t\t\t<div class=\"wd-accordion-title wd-active text-left wd-opener-pos-left\" data-accordion-index=\"0\">\n\t\t\t\t\t\t<div class=\"wd-accordion-title-text\">\n\t\t\t\t\t\t\t\t\t\t\t\t\t\t<span>\n\t\t\t\t\t\t\t\tI TESTI\t\t\t\t\t\t\t<\/span>\n\t\t\t\t\t\t<\/div>\n\t\t\t\t\t\t<span class=\"wd-accordion-opener wd-opener-style-arrow\"><\/span>\n\t\t\t\t\t<\/div>\n\n\t\t\t\t\t<div class=\"wd-accordion-content reset-last-child wd-active\" data-accordion-index=\"0\">\n\t\t\t\t\t\t\t\t\t\t\t\t\t\n\t\t\t\t\t\t\t<p>Le parole giuste hanno un grande\u00a0<strong>potere terapeutico sulla psiche<\/strong>, per questo le abbiamo volute integrare con gli infusi officinali. I testi contenuti sono suddivisi nelle due facce del sincerino: l<strong>a prima \u00e8 dedicata interamente al racconto di Filosofia, che dura il tempo d\u2019infusione della tisana (5 min)<\/strong>. Il racconto \u00e8 opera di\u00a0<strong><a href=\"https:\/\/www.rollingstone.it\/cultura\/ilaria-gaspari-e-lastro-nascente-della-filosofia-italiana\/532313\/\" target=\"_blank\" rel=\"noopener\"><span style=\"text-decoration: underline; color: #777777;\">Ilaria Gaspari<\/span><\/a>\u00a0<\/strong>una degli astri nascenti della filosofia italiana.<br \/><strong>Questo testo \u00e8 impaginato con OpenDyslexic un font studiato per facilitare la lettura ai dislessici.<br \/><\/strong>L\u2019altra faccia del sincerino contiene invece i rimanenti contenuti multidisciplinari, utili ad avere altre sfaccettature da leggere nel post infusione:<br \/>-\u00a0<strong>Psicologia<\/strong>, a cura della Dott.ssa\u00a0<span style=\"text-decoration: underline; color: #777777;\"><strong><a style=\"color: #777777; text-decoration: underline;\" href=\"http:\/\/www.b-cam.it\/\" target=\"_blank\" rel=\"noopener\">Ilaria Caelli<\/a><\/strong><\/span>\u00a0grazie al contributo dell\u2019associazione\u00a0<span style=\"text-decoration: underline; color: #777777;\"><strong><a style=\"color: #777777; text-decoration: underline;\" href=\"https:\/\/www.giovanipsicologi.it\/\" target=\"_blank\" rel=\"noopener\">Giovani Psicologi della Lombardia<\/a><\/strong><\/span><br \/>-\u00a0<strong>Etimologia<\/strong>\u00a0e\u00a0<strong>Letteratura<\/strong>\u00a0a cura di Elena Molini di\u00a0<span style=\"text-decoration: underline; color: #777777;\"><strong><a style=\"color: #777777; text-decoration: underline;\" href=\"https:\/\/www.piccolafarmacialetteraria.it\/\" target=\"_blank\" rel=\"noopener\">Piccola Farmacia Letterar<span>ia<\/span><\/a><span>.<\/span><\/strong><\/span><br \/><strong>Su quest<\/strong><strong>a<\/strong><strong>\u00a0<\/strong><strong>faccia<\/strong><strong>\u00a0si trova anche il Qr-code da cui \u00e8 possibile accedere ai contenuti multimediali e ascoltare l\u2019audio racconto inte<\/strong><strong>r<\/strong><strong>pretato magnificamente da Eleonora De Angelis\u00a0<\/strong><strong>di\u00a0<\/strong><span style=\"text-decoration: underline;\"><span style=\"color: #777777; text-decoration: underline;\"><a style=\"color: #777777; text-decoration: underline;\" href=\"https:\/\/www.vixvocal.it\/\" target=\"_blank\" rel=\"noopener\"><strong>V<\/strong><strong>ixvocal<\/strong><\/a><\/span><\/span><strong><span style=\"text-decoration: underline;\"><span style=\"color: #777777; text-decoration: underline;\">,<\/span><\/span> voce italiana di Jennifer Aniston.<\/strong>\u00a0Un ulteriore vantaggio pensato per gli ipovedenti ma godibile da tutti.<\/p>\n\t\t\t\t\t\t\t\t\t\t\t\t\t\t\t\t\t\t<\/div>\n\t\t\t\t<\/div>\n\t\t\t\t\t\t\t\n\t\t\t\t<div class=\"wd-accordion-item\">\n\t\t\t\t\t<div class=\"wd-accordion-title text-left wd-opener-pos-left\" data-accordion-index=\"1\">\n\t\t\t\t\t\t<div class=\"wd-accordion-title-text\">\n\t\t\t\t\t\t\t\t\t\t\t\t\t\t<span>\n\t\t\t\t\t\t\t\t100% CONFEZIONATA A MANO, MADE IN ITALY E BIOLOGICA\t\t\t\t\t\t\t<\/span>\n\t\t\t\t\t\t<\/div>\n\t\t\t\t\t\t<span class=\"wd-accordion-opener wd-opener-style-arrow\"><\/span>\n\t\t\t\t\t<\/div>\n\n\t\t\t\t\t<div class=\"wd-accordion-content reset-last-child\" data-accordion-index=\"1\">\n\t\t\t\t\t\t\t\t\t\t\t\t\t\n\t\t\t\t\t\t\t<p>L'assemblaggio finale \u00e8 svolto a mano. La stampa \u00e8 curata da una tipografia della provincia di Varese e avviene utilizzando per il sincerino la StonePaper una carta ottenuta da polvere di pietra, vellutata al tatto, impermeabile ma fotodegradabile ed ecologica (non \u00e8 stato abbattuto un albero per la produzione).<br \/>La scatolina invece \u00e8 in cartoncino riciclato di alta qualit\u00e0. Il prodotto finito risulta cos\u00ec una piccola eccellenza del made in Italy da collezionare.<br \/>Le dimensioni della scatola sono 11 x 8 x 1,5 cm, quelle del sincerino 21 x 29,7 cm (aperto) e quelle del filtro 7 x 5 cm. Contiene 2g di infuso, taglio tisana, perfetto per preparare un\u2019eccellente tazza.<\/p>\n\t\t\t\t\t\t\t\t\t\t\t\t\t\t\t\t\t\t<\/div>\n\t\t\t\t<\/div>\n\t\t\t\t\t\t\t\n\t\t\t\t<div class=\"wd-accordion-item\">\n\t\t\t\t\t<div class=\"wd-accordion-title text-left wd-opener-pos-left\" data-accordion-index=\"2\">\n\t\t\t\t\t\t<div class=\"wd-accordion-title-text\">\n\t\t\t\t\t\t\t\t\t\t\t\t\t\t<span>\n\t\t\t\t\t\t\t\tRicarica GRATITUDINE\t\t\t\t\t\t\t<\/span>\n\t\t\t\t\t\t<\/div>\n\t\t\t\t\t\t<span class=\"wd-accordion-opener wd-opener-style-arrow\"><\/span>\n\t\t\t\t\t<\/div>\n\n\t\t\t\t\t<div class=\"wd-accordion-content reset-last-child\" data-accordion-index=\"2\">\n\t\t\t\t\t\t\t\t\t\t\t\t\t\n\t\t\t\t\t\t\t<p><a href=\"https:\/\/www.narrateworld.com\/en\/prodotto\/ricarica-tf-gratitudine\/\" target=\"_blank\" rel=\"noopener\"><span style=\"color: #947eb4;\"><strong>Acquistando la relativa confezione di ricarica da 5 filtri<\/strong><\/span><\/a><span style=\"color: #777777;\"><strong><span style=\"text-decoration: underline;\">,<\/span><\/strong><\/span> avrai sempre la possibilit\u00e0 di sostituire la tea bag usata con un filtro nuovo e la Tisana Filosofica sar\u00e0 pronta per essere offerta, prestata o gustata ancora.<\/p>\n\t\t\t\t\t\t\t\t\t\t\t\t\t\t\t\t\t\t<\/div>\n\t\t\t\t<\/div>\n\t\t\t\t\t<\/div>\n\t\t\t\t<\/div>\n\t\t\t\t<\/div>\n\t\t\t\t<div class=\"elementor-element elementor-element-2d6609b elementor-widget elementor-widget-wd_image_or_svg\" data-id=\"2d6609b\" data-element_type=\"widget\" data-widget_type=\"wd_image_or_svg.default\">\n\t\t\t\t<div class=\"elementor-widget-container\">\n\t\t\t\n\t\t<div class=\"wd-image text-left\">\n\t\t\t\t\t\t\t\t<img fetchpriority=\"high\" decoding=\"async\" width=\"900\" height=\"900\" src=\"https:\/\/narrateworld.com\/wp-content\/uploads\/2023\/07\/Narratherpy-Tisane-Fisolofiche-Gratitudine.png\" class=\"attachment-full size-full\" alt=\"\" srcset=\"https:\/\/narrateworld.com\/wp-content\/uploads\/2023\/07\/Narratherpy-Tisane-Fisolofiche-Gratitudine.png 900w, https:\/\/narrateworld.com\/wp-content\/uploads\/2023\/07\/Narratherpy-Tisane-Fisolofiche-Gratitudine-430x430.png 430w, https:\/\/narrateworld.com\/wp-content\/uploads\/2023\/07\/Narratherpy-Tisane-Fisolofiche-Gratitudine-150x150.png 150w, https:\/\/narrateworld.com\/wp-content\/uploads\/2023\/07\/Narratherpy-Tisane-Fisolofiche-Gratitudine-700x700.png 700w, https:\/\/narrateworld.com\/wp-content\/uploads\/2023\/07\/Narratherpy-Tisane-Fisolofiche-Gratitudine-300x300.png 300w, https:\/\/narrateworld.com\/wp-content\/uploads\/2023\/07\/Narratherpy-Tisane-Fisolofiche-Gratitudine-800x800.png 800w, https:\/\/narrateworld.com\/wp-content\/uploads\/2023\/07\/Narratherpy-Tisane-Fisolofiche-Gratitudine-768x768.png 768w, https:\/\/narrateworld.com\/wp-content\/uploads\/2023\/07\/Narratherpy-Tisane-Fisolofiche-Gratitudine-860x860.png 860w\" sizes=\"(max-width: 900px) 100vw, 900px\" \/>\t\t\t\t\t<\/div>\n\n\t\t\t\t<\/div>\n\t\t\t\t<\/div>\n\t\t\t\t\t<\/div>\n\t\t<\/div>\n\t\t\t\t\t<\/div>\n\t\t<\/section>\n\t\t\t\t<\/div>\n\t\t","protected":false},"excerpt":{"rendered":"<p><strong>Essere gentili fa bene al corpo e alla mente.<\/strong> Migliora l\u2019umore, rafforza le relazioni..<\/p>\n","protected":false},"featured_media":24119,"template":"","meta":[],"product_brand":[],"product_cat":[214],"product_tag":[],"class_list":{"0":"post-26106","1":"product","2":"type-product","3":"status-publish","4":"has-post-thumbnail","6":"product_cat-narratherapy","8":"first","9":"instock","10":"taxable","11":"shipping-taxable","12":"purchasable","13":"product-type-simple"},"yoast_head":"<!-- This site is optimized with the Yoast SEO plugin v27.4 - https:\/\/yoast.com\/product\/yoast-seo-wordpress\/ -->\n<title>Literary supplement of GRATITUDE - Narrat\u00e8 World<\/title>\n<meta name=\"robots\" content=\"index, follow, max-snippet:-1, max-image-preview:large, max-video-preview:-1\" \/>\n<link rel=\"canonical\" href=\"https:\/\/narrateworld.com\/en\/prodotto\/literary-supplement-of-gratitude\/\" \/>\n<meta property=\"og:locale\" content=\"en_US\" \/>\n<meta property=\"og:type\" content=\"article\" \/>\n<meta property=\"og:title\" content=\"Literary supplement of GRATITUDE - Narrat\u00e8 World\" \/>\n<meta property=\"og:description\" content=\"Essere gentili fa bene al corpo e alla mente. Migliora l\u2019umore, rafforza le relazioni..\" \/>\n<meta property=\"og:url\" content=\"https:\/\/narrateworld.com\/en\/prodotto\/literary-supplement-of-gratitude\/\" \/>\n<meta property=\"og:site_name\" content=\"Narrat\u00e8 World\" \/>\n<meta property=\"article:publisher\" content=\"https:\/\/www.facebook.com\/narrateworld\" \/>\n<meta property=\"article:modified_time\" content=\"2024-02-23T20:23:49+00:00\" \/>\n<meta property=\"og:image\" content=\"https:\/\/narrateworld.com\/wp-content\/uploads\/2023\/07\/Narratherpy-Tisane-Fisolofiche-Gratitudine.png\" \/>\n\t<meta property=\"og:image:width\" content=\"900\" \/>\n\t<meta property=\"og:image:height\" content=\"900\" \/>\n\t<meta property=\"og:image:type\" content=\"image\/png\" \/>\n<meta name=\"twitter:card\" content=\"summary_large_image\" \/>\n<meta name=\"twitter:site\" content=\"@narrateworld\" \/>\n<meta name=\"twitter:label1\" content=\"Est. reading time\" \/>\n\t<meta name=\"twitter:data1\" content=\"4 minutes\" \/>\n<script type=\"application\/ld+json\" class=\"yoast-schema-graph\">{\"@context\":\"https:\\\/\\\/schema.org\",\"@graph\":[{\"@type\":\"WebPage\",\"@id\":\"https:\\\/\\\/narrateworld.com\\\/en\\\/prodotto\\\/literary-supplement-of-gratitude\\\/\",\"url\":\"https:\\\/\\\/narrateworld.com\\\/en\\\/prodotto\\\/literary-supplement-of-gratitude\\\/\",\"name\":\"Literary supplement of GRATITUDE - Narrat\u00e8 World\",\"isPartOf\":{\"@id\":\"https:\\\/\\\/narrateworld.com\\\/en\\\/#website\"},\"primaryImageOfPage\":{\"@id\":\"https:\\\/\\\/narrateworld.com\\\/en\\\/prodotto\\\/literary-supplement-of-gratitude\\\/#primaryimage\"},\"image\":{\"@id\":\"https:\\\/\\\/narrateworld.com\\\/en\\\/prodotto\\\/literary-supplement-of-gratitude\\\/#primaryimage\"},\"thumbnailUrl\":\"https:\\\/\\\/narrateworld.com\\\/wp-content\\\/uploads\\\/2023\\\/07\\\/Narratherpy-Tisane-Fisolofiche-Gratitudine.png\",\"datePublished\":\"2021-07-31T09:24:23+00:00\",\"dateModified\":\"2024-02-23T20:23:49+00:00\",\"breadcrumb\":{\"@id\":\"https:\\\/\\\/narrateworld.com\\\/en\\\/prodotto\\\/literary-supplement-of-gratitude\\\/#breadcrumb\"},\"inLanguage\":\"en-US\",\"potentialAction\":[{\"@type\":\"ReadAction\",\"target\":[\"https:\\\/\\\/narrateworld.com\\\/en\\\/prodotto\\\/literary-supplement-of-gratitude\\\/\"]}]},{\"@type\":\"ImageObject\",\"inLanguage\":\"en-US\",\"@id\":\"https:\\\/\\\/narrateworld.com\\\/en\\\/prodotto\\\/literary-supplement-of-gratitude\\\/#primaryimage\",\"url\":\"https:\\\/\\\/narrateworld.com\\\/wp-content\\\/uploads\\\/2023\\\/07\\\/Narratherpy-Tisane-Fisolofiche-Gratitudine.png\",\"contentUrl\":\"https:\\\/\\\/narrateworld.com\\\/wp-content\\\/uploads\\\/2023\\\/07\\\/Narratherpy-Tisane-Fisolofiche-Gratitudine.png\",\"width\":900,\"height\":900},{\"@type\":\"BreadcrumbList\",\"@id\":\"https:\\\/\\\/narrateworld.com\\\/en\\\/prodotto\\\/literary-supplement-of-gratitude\\\/#breadcrumb\",\"itemListElement\":[{\"@type\":\"ListItem\",\"position\":1,\"name\":\"Home\",\"item\":\"https:\\\/\\\/narrateworld.com\\\/en\\\/\"},{\"@type\":\"ListItem\",\"position\":2,\"name\":\"Shop\",\"item\":\"https:\\\/\\\/narrateworld.com\\\/en\\\/shop-en\\\/\"},{\"@type\":\"ListItem\",\"position\":3,\"name\":\"Literary supplement of GRATITUDE\"}]},{\"@type\":\"WebSite\",\"@id\":\"https:\\\/\\\/narrateworld.com\\\/en\\\/#website\",\"url\":\"https:\\\/\\\/narrateworld.com\\\/en\\\/\",\"name\":\"Narrat\u00e8 World\",\"description\":\"La lettura ha scoperto l&#039;acqua calda\",\"publisher\":{\"@id\":\"https:\\\/\\\/narrateworld.com\\\/en\\\/#organization\"},\"potentialAction\":[{\"@type\":\"SearchAction\",\"target\":{\"@type\":\"EntryPoint\",\"urlTemplate\":\"https:\\\/\\\/narrateworld.com\\\/en\\\/?s={search_term_string}\"},\"query-input\":{\"@type\":\"PropertyValueSpecification\",\"valueRequired\":true,\"valueName\":\"search_term_string\"}}],\"inLanguage\":\"en-US\"},{\"@type\":\"Organization\",\"@id\":\"https:\\\/\\\/narrateworld.com\\\/en\\\/#organization\",\"name\":\"Narrat\u00e8 World\",\"url\":\"https:\\\/\\\/narrateworld.com\\\/en\\\/\",\"logo\":{\"@type\":\"ImageObject\",\"inLanguage\":\"en-US\",\"@id\":\"https:\\\/\\\/narrateworld.com\\\/en\\\/#\\\/schema\\\/logo\\\/image\\\/\",\"url\":\"https:\\\/\\\/www.narrateworld.com\\\/wp-content\\\/uploads\\\/2024\\\/05\\\/logo-order-email-seller.png\",\"contentUrl\":\"https:\\\/\\\/www.narrateworld.com\\\/wp-content\\\/uploads\\\/2024\\\/05\\\/logo-order-email-seller.png\",\"width\":664,\"height\":124,\"caption\":\"Narrat\u00e8 World\"},\"image\":{\"@id\":\"https:\\\/\\\/narrateworld.com\\\/en\\\/#\\\/schema\\\/logo\\\/image\\\/\"},\"sameAs\":[\"https:\\\/\\\/www.facebook.com\\\/narrateworld\",\"https:\\\/\\\/x.com\\\/narrateworld\",\"https:\\\/\\\/instagram.com\\\/narrateworld\"]}]}<\/script>\n<!-- \/ Yoast SEO plugin. -->","yoast_head_json":{"title":"Literary supplement of GRATITUDE - Narrat\u00e8 World","robots":{"index":"index","follow":"follow","max-snippet":"max-snippet:-1","max-image-preview":"max-image-preview:large","max-video-preview":"max-video-preview:-1"},"canonical":"https:\/\/narrateworld.com\/en\/prodotto\/literary-supplement-of-gratitude\/","og_locale":"en_US","og_type":"article","og_title":"Literary supplement of GRATITUDE - Narrat\u00e8 World","og_description":"Essere gentili fa bene al corpo e alla mente. Migliora l\u2019umore, rafforza le relazioni..","og_url":"https:\/\/narrateworld.com\/en\/prodotto\/literary-supplement-of-gratitude\/","og_site_name":"Narrat\u00e8 World","article_publisher":"https:\/\/www.facebook.com\/narrateworld","article_modified_time":"2024-02-23T20:23:49+00:00","og_image":[{"width":900,"height":900,"url":"https:\/\/narrateworld.com\/wp-content\/uploads\/2023\/07\/Narratherpy-Tisane-Fisolofiche-Gratitudine.png","type":"image\/png"}],"twitter_card":"summary_large_image","twitter_site":"@narrateworld","twitter_misc":{"Est. reading time":"4 minutes"},"schema":{"@context":"https:\/\/schema.org","@graph":[{"@type":"WebPage","@id":"https:\/\/narrateworld.com\/en\/prodotto\/literary-supplement-of-gratitude\/","url":"https:\/\/narrateworld.com\/en\/prodotto\/literary-supplement-of-gratitude\/","name":"Literary supplement of GRATITUDE - Narrat\u00e8 World","isPartOf":{"@id":"https:\/\/narrateworld.com\/en\/#website"},"primaryImageOfPage":{"@id":"https:\/\/narrateworld.com\/en\/prodotto\/literary-supplement-of-gratitude\/#primaryimage"},"image":{"@id":"https:\/\/narrateworld.com\/en\/prodotto\/literary-supplement-of-gratitude\/#primaryimage"},"thumbnailUrl":"https:\/\/narrateworld.com\/wp-content\/uploads\/2023\/07\/Narratherpy-Tisane-Fisolofiche-Gratitudine.png","datePublished":"2021-07-31T09:24:23+00:00","dateModified":"2024-02-23T20:23:49+00:00","breadcrumb":{"@id":"https:\/\/narrateworld.com\/en\/prodotto\/literary-supplement-of-gratitude\/#breadcrumb"},"inLanguage":"en-US","potentialAction":[{"@type":"ReadAction","target":["https:\/\/narrateworld.com\/en\/prodotto\/literary-supplement-of-gratitude\/"]}]},{"@type":"ImageObject","inLanguage":"en-US","@id":"https:\/\/narrateworld.com\/en\/prodotto\/literary-supplement-of-gratitude\/#primaryimage","url":"https:\/\/narrateworld.com\/wp-content\/uploads\/2023\/07\/Narratherpy-Tisane-Fisolofiche-Gratitudine.png","contentUrl":"https:\/\/narrateworld.com\/wp-content\/uploads\/2023\/07\/Narratherpy-Tisane-Fisolofiche-Gratitudine.png","width":900,"height":900},{"@type":"BreadcrumbList","@id":"https:\/\/narrateworld.com\/en\/prodotto\/literary-supplement-of-gratitude\/#breadcrumb","itemListElement":[{"@type":"ListItem","position":1,"name":"Home","item":"https:\/\/narrateworld.com\/en\/"},{"@type":"ListItem","position":2,"name":"Shop","item":"https:\/\/narrateworld.com\/en\/shop-en\/"},{"@type":"ListItem","position":3,"name":"Literary supplement of GRATITUDE"}]},{"@type":"WebSite","@id":"https:\/\/narrateworld.com\/en\/#website","url":"https:\/\/narrateworld.com\/en\/","name":"Narrat\u00e8 World","description":"La lettura ha scoperto l&#039;acqua calda","publisher":{"@id":"https:\/\/narrateworld.com\/en\/#organization"},"potentialAction":[{"@type":"SearchAction","target":{"@type":"EntryPoint","urlTemplate":"https:\/\/narrateworld.com\/en\/?s={search_term_string}"},"query-input":{"@type":"PropertyValueSpecification","valueRequired":true,"valueName":"search_term_string"}}],"inLanguage":"en-US"},{"@type":"Organization","@id":"https:\/\/narrateworld.com\/en\/#organization","name":"Narrat\u00e8 World","url":"https:\/\/narrateworld.com\/en\/","logo":{"@type":"ImageObject","inLanguage":"en-US","@id":"https:\/\/narrateworld.com\/en\/#\/schema\/logo\/image\/","url":"https:\/\/www.narrateworld.com\/wp-content\/uploads\/2024\/05\/logo-order-email-seller.png","contentUrl":"https:\/\/www.narrateworld.com\/wp-content\/uploads\/2024\/05\/logo-order-email-seller.png","width":664,"height":124,"caption":"Narrat\u00e8 World"},"image":{"@id":"https:\/\/narrateworld.com\/en\/#\/schema\/logo\/image\/"},"sameAs":["https:\/\/www.facebook.com\/narrateworld","https:\/\/x.com\/narrateworld","https:\/\/instagram.com\/narrateworld"]}]}},"_links":{"self":[{"href":"https:\/\/narrateworld.com\/en\/wp-json\/wp\/v2\/product\/26106","targetHints":{"allow":["GET"]}}],"collection":[{"href":"https:\/\/narrateworld.com\/en\/wp-json\/wp\/v2\/product"}],"about":[{"href":"https:\/\/narrateworld.com\/en\/wp-json\/wp\/v2\/types\/product"}],"version-history":[{"count":2,"href":"https:\/\/narrateworld.com\/en\/wp-json\/wp\/v2\/product\/26106\/revisions"}],"predecessor-version":[{"id":28332,"href":"https:\/\/narrateworld.com\/en\/wp-json\/wp\/v2\/product\/26106\/revisions\/28332"}],"wp:featuredmedia":[{"embeddable":true,"href":"https:\/\/narrateworld.com\/en\/wp-json\/wp\/v2\/media\/24119"}],"wp:attachment":[{"href":"https:\/\/narrateworld.com\/en\/wp-json\/wp\/v2\/media?parent=26106"}],"wp:term":[{"taxonomy":"product_brand","embeddable":true,"href":"https:\/\/narrateworld.com\/en\/wp-json\/wp\/v2\/product_brand?post=26106"},{"taxonomy":"product_cat","embeddable":true,"href":"https:\/\/narrateworld.com\/en\/wp-json\/wp\/v2\/product_cat?post=26106"},{"taxonomy":"product_tag","embeddable":true,"href":"https:\/\/narrateworld.com\/en\/wp-json\/wp\/v2\/product_tag?post=26106"}],"curies":[{"name":"wp","href":"https:\/\/api.w.org\/{rel}","templated":true}]}}