{"id":26120,"date":"2021-07-30T18:28:30","date_gmt":"2021-07-30T16:28:30","guid":{"rendered":"https:\/\/www.narrateworld.com\/prodotto\/ulisse-james-joyce-estratto\/"},"modified":"2024-05-13T18:33:00","modified_gmt":"2024-05-13T16:33:00","slug":"ulisse-james-joyce-estrattoextract-from-ulysses","status":"publish","type":"product","link":"https:\/\/narrateworld.com\/en\/prodotto\/ulisse-james-joyce-estrattoextract-from-ulysses\/","title":{"rendered":"Extract from ULYSSES &#8211; James Joyce"},"content":{"rendered":"\t\t<div data-elementor-type=\"wp-post\" data-elementor-id=\"26120\" class=\"elementor elementor-26120 elementor-17400\">\n\t\t\t\t\t\t<section class=\"wd-negative-gap elementor-section elementor-top-section elementor-element elementor-element-79752fbe wd-section-stretch elementor-section-content-top elementor-section-boxed elementor-section-height-default elementor-section-height-default\" data-id=\"79752fbe\" data-element_type=\"section\" data-settings=\"{&quot;background_background&quot;:&quot;classic&quot;}\">\n\t\t\t\t\t\t<div class=\"elementor-container elementor-column-gap-extended\">\n\t\t\t\t\t<div class=\"elementor-column elementor-col-50 elementor-top-column elementor-element elementor-element-2af8c87b\" data-id=\"2af8c87b\" data-element_type=\"column\">\n\t\t\t<div class=\"elementor-widget-wrap elementor-element-populated\">\n\t\t\t\t\t\t<div class=\"elementor-element elementor-element-34e43d1 elementor-widget elementor-widget-wd_text_block\" data-id=\"34e43d1\" data-element_type=\"widget\" data-widget_type=\"wd_text_block.default\">\n\t\t\t\t<div class=\"elementor-widget-container\">\n\t\t\t\t\t<div class=\"wd-text-block reset-last-child text-left\">\n\t\t\t\n\t\t\t<p><span style=\"color: #a69577;\"><span style=\"caret-color: #dda7c2;\"><b>BRANO<br \/><\/b><\/span><\/span><strong>Tratto<\/strong> dal capitolo VI, \u201cAde\u201d<br \/>Il protagonista del romanzo \u00e8 Leopold Bloom, un agente pubblicitario che vive a Dublino, senza grandi velleit\u00e0 e dalla vita coniugale complessa, a seguito del tradimento da parte di sua moglie Molly. Il romanzo si concentra in un solo giorno: il 16 giugno 1904. Joyce descrive i movimenti, gli incontri, le riflessioni di Bloom durante le sue incombenze quotidiane. Nel brano che segue Leopold si reca con altri due uomini al cimitero per il funerale di un amico comune, tale Paddy Dignam, recentemente scomparso. Il percorso in diligenza fino al camposanto induce in Bloom pensieri tristi, il ricordo della morte prematura del figlio e del suicidio del padre, che lo conducono in una spirale di riflessioni sulla condizione della morte e dei cadaveri nel sottosuolo. Ma anche sull\u2019esistenza, l\u2019amore, le persone che lo circondano e la vita coniugale.<\/p><p><span style=\"color: #a69577;\"><strong>BLEND<br \/><\/strong><\/span>Oltre a una base di robusto, corposo e squisito <strong>t\u00e8 nero Darjeeling,<\/strong> il blend ispirato all\u2019Irlanda di inizio novecento contiene <strong>scorze d\u2019Arancia<\/strong> che rimandano alla spremuta consumata a colazione come raccontato nel primo capitolo del romanzo. <strong>L\u2019Orzo<\/strong> \u00e8 una chiara evocazione del whisky cos\u00ec come il <strong>Luppolo<\/strong> della birra, diffusamente presenti nel territorio e nel romanzo ambientato a Dublino, contribuendo a restituire quel sapore un po\u2019 torbido ma piacevole dell\u2019atmosfera dell\u2019Ulisse.<\/p><p><img decoding=\"async\" class=\"size-full wp-image-17406 aligncenter\" src=\"https:\/\/www.narrateworld.com\/wp-content\/uploads\/2023\/07\/Narrataste-Ulisse-ingredienti.png\" alt=\"\" width=\"400\" height=\"57\" srcset=\"https:\/\/narrateworld.com\/wp-content\/uploads\/2023\/07\/Narrataste-Ulisse-ingredienti.png 400w, https:\/\/narrateworld.com\/wp-content\/uploads\/2023\/07\/Narrataste-Ulisse-ingredienti-150x21.png 150w\" sizes=\"(max-width: 400px) 100vw, 400px\" \/><\/p><p><span style=\"color: #a69577;\"><strong>PAGINE SPECIALI<br \/><\/strong><\/span>Sia prima che dopo la lettura del brano estratto (deputato all'infusione), abbiamo inserito dei contenuti che consentono un inquadramento sia dell'opera nella sua totalit\u00e0 che del testo scelto. Assieme a una breve bio dell'autore vi sono il \"perch\u00e9 leggerlo\" e alcune curiosit\u00e0 relative all'opera e al suo autore.<\/p><p><span style=\"color: #a69577;\"><strong>CONTENUTI SPECIALI<br \/><\/strong><\/span>Nell'ultima pagina vi \u00e8 un Qrcode che consente anzitutto l'acquisto dell'opera (se \u00e8 piaciuta e se ne vuole cominciare la lettura), si trovano poi ulteriori link di approfondimento.<\/p><p><span style=\"color: #a69577;\"><strong>CARATTERISTICHE TECNICHE<br \/><\/strong><\/span><strong>Libretto:<\/strong> Dim. 9 x 10 x 0,6 cm (chiuso), cover con stampa in fluo e argento metallico. 24 facciate stampate in offset su carta riciclata + 2 fogli di \u201cguardia\u201d bianchi. Doppia rilegatura a 2 punti metallici e incollatura. Assemblato a mano con amore, in Italia. Chiusura con bollino adesivo di garanzia contenente l\u2019indicazione lotto e data di scadenza.<\/p><p><strong>Filtro confezionato a mano:\u00a0<\/strong>Contiene 2 grammi di miscela di alta qualit\u00e0 con ingredienti biologici. Validit\u00e0 3 anni dall\u2019imbustamento. Confezionato in un sacchetto protettivo monodose termosaldato in plastica per alimenti.<\/p><p><strong>Prezzo al pubblico \u20ac 6,90 | ISBN 9788885507722<\/strong><\/p>\n\t\t\t\t\t<\/div>\n\t\t\t\t<\/div>\n\t\t\t\t<\/div>\n\t\t\t\t\t<\/div>\n\t\t<\/div>\n\t\t\t\t<div class=\"elementor-column elementor-col-50 elementor-top-column elementor-element elementor-element-5471f06f\" data-id=\"5471f06f\" data-element_type=\"column\">\n\t\t\t<div class=\"elementor-widget-wrap elementor-element-populated\">\n\t\t\t\t\t\t<div class=\"elementor-element elementor-element-2d6609b elementor-widget elementor-widget-wd_image_or_svg\" data-id=\"2d6609b\" data-element_type=\"widget\" data-widget_type=\"wd_image_or_svg.default\">\n\t\t\t\t<div class=\"elementor-widget-container\">\n\t\t\t\n\t\t<div class=\"wd-image text-left\">\n\t\t\t\t\t\t\t\t<img fetchpriority=\"high\" decoding=\"async\" width=\"900\" height=\"900\" src=\"https:\/\/narrateworld.com\/wp-content\/uploads\/2023\/07\/Narrataste-Ulisse-presentazione.png\" class=\"attachment-full size-full\" alt=\"\" srcset=\"https:\/\/narrateworld.com\/wp-content\/uploads\/2023\/07\/Narrataste-Ulisse-presentazione.png 900w, https:\/\/narrateworld.com\/wp-content\/uploads\/2023\/07\/Narrataste-Ulisse-presentazione-430x430.png 430w, https:\/\/narrateworld.com\/wp-content\/uploads\/2023\/07\/Narrataste-Ulisse-presentazione-150x150.png 150w, https:\/\/narrateworld.com\/wp-content\/uploads\/2023\/07\/Narrataste-Ulisse-presentazione-700x700.png 700w, https:\/\/narrateworld.com\/wp-content\/uploads\/2023\/07\/Narrataste-Ulisse-presentazione-300x300.png 300w, https:\/\/narrateworld.com\/wp-content\/uploads\/2023\/07\/Narrataste-Ulisse-presentazione-800x800.png 800w, https:\/\/narrateworld.com\/wp-content\/uploads\/2023\/07\/Narrataste-Ulisse-presentazione-768x768.png 768w, https:\/\/narrateworld.com\/wp-content\/uploads\/2023\/07\/Narrataste-Ulisse-presentazione-860x860.png 860w\" sizes=\"(max-width: 900px) 100vw, 900px\" \/>\t\t\t\t\t<\/div>\n\n\t\t\t\t<\/div>\n\t\t\t\t<\/div>\n\t\t\t\t\t<\/div>\n\t\t<\/div>\n\t\t\t\t\t<\/div>\n\t\t<\/section>\n\t\t\t\t<\/div>\n\t\t","protected":false},"excerpt":{"rendered":"<p>Il protagonista del romanzo \u00e8 Leopold Bloom, un agente pubblicitario che vive a Dublino, senza grandi velleit\u00e0..<\/p>\n","protected":false},"featured_media":24089,"template":"","meta":[],"product_brand":[],"product_cat":[211],"product_tag":[],"class_list":{"0":"post-26120","1":"product","2":"type-product","3":"status-publish","4":"has-post-thumbnail","6":"product_cat-narrataste-en","8":"first","9":"instock","10":"taxable","11":"shipping-taxable","12":"purchasable","13":"product-type-simple"},"yoast_head":"<!-- This site is optimized with the Yoast SEO plugin v27.4 - https:\/\/yoast.com\/product\/yoast-seo-wordpress\/ -->\n<title>Extract from ULYSSES - James Joyce - Narrat\u00e8 World<\/title>\n<meta name=\"robots\" content=\"index, follow, max-snippet:-1, max-image-preview:large, max-video-preview:-1\" \/>\n<link rel=\"canonical\" href=\"https:\/\/narrateworld.com\/en\/prodotto\/ulisse-james-joyce-estrattoextract-from-ulysses\/\" \/>\n<meta property=\"og:locale\" content=\"en_US\" \/>\n<meta property=\"og:type\" content=\"article\" \/>\n<meta property=\"og:title\" content=\"Extract from ULYSSES - James Joyce - Narrat\u00e8 World\" \/>\n<meta property=\"og:description\" content=\"Il protagonista del romanzo \u00e8 Leopold Bloom, un agente pubblicitario che vive a Dublino, senza grandi velleit\u00e0..\" \/>\n<meta property=\"og:url\" content=\"https:\/\/narrateworld.com\/en\/prodotto\/ulisse-james-joyce-estrattoextract-from-ulysses\/\" \/>\n<meta property=\"og:site_name\" content=\"Narrat\u00e8 World\" \/>\n<meta property=\"article:publisher\" content=\"https:\/\/www.facebook.com\/narrateworld\" \/>\n<meta property=\"article:modified_time\" content=\"2024-05-13T16:33:00+00:00\" \/>\n<meta property=\"og:image\" content=\"https:\/\/narrateworld.com\/wp-content\/uploads\/2023\/07\/Narrataste-Ulisse-fronte.png\" \/>\n\t<meta property=\"og:image:width\" content=\"567\" \/>\n\t<meta property=\"og:image:height\" content=\"613\" \/>\n\t<meta property=\"og:image:type\" content=\"image\/png\" \/>\n<meta name=\"twitter:card\" content=\"summary_large_image\" \/>\n<meta name=\"twitter:site\" content=\"@narrateworld\" \/>\n<meta name=\"twitter:label1\" content=\"Est. reading time\" \/>\n\t<meta name=\"twitter:data1\" content=\"3 minutes\" \/>\n<script type=\"application\/ld+json\" class=\"yoast-schema-graph\">{\"@context\":\"https:\\\/\\\/schema.org\",\"@graph\":[{\"@type\":\"WebPage\",\"@id\":\"https:\\\/\\\/narrateworld.com\\\/en\\\/prodotto\\\/ulisse-james-joyce-estrattoextract-from-ulysses\\\/\",\"url\":\"https:\\\/\\\/narrateworld.com\\\/en\\\/prodotto\\\/ulisse-james-joyce-estrattoextract-from-ulysses\\\/\",\"name\":\"Extract from ULYSSES - James Joyce - Narrat\u00e8 World\",\"isPartOf\":{\"@id\":\"https:\\\/\\\/narrateworld.com\\\/en\\\/#website\"},\"primaryImageOfPage\":{\"@id\":\"https:\\\/\\\/narrateworld.com\\\/en\\\/prodotto\\\/ulisse-james-joyce-estrattoextract-from-ulysses\\\/#primaryimage\"},\"image\":{\"@id\":\"https:\\\/\\\/narrateworld.com\\\/en\\\/prodotto\\\/ulisse-james-joyce-estrattoextract-from-ulysses\\\/#primaryimage\"},\"thumbnailUrl\":\"https:\\\/\\\/narrateworld.com\\\/wp-content\\\/uploads\\\/2023\\\/07\\\/Narrataste-Ulisse-fronte.png\",\"datePublished\":\"2021-07-30T16:28:30+00:00\",\"dateModified\":\"2024-05-13T16:33:00+00:00\",\"breadcrumb\":{\"@id\":\"https:\\\/\\\/narrateworld.com\\\/en\\\/prodotto\\\/ulisse-james-joyce-estrattoextract-from-ulysses\\\/#breadcrumb\"},\"inLanguage\":\"en-US\",\"potentialAction\":[{\"@type\":\"ReadAction\",\"target\":[\"https:\\\/\\\/narrateworld.com\\\/en\\\/prodotto\\\/ulisse-james-joyce-estrattoextract-from-ulysses\\\/\"]}]},{\"@type\":\"ImageObject\",\"inLanguage\":\"en-US\",\"@id\":\"https:\\\/\\\/narrateworld.com\\\/en\\\/prodotto\\\/ulisse-james-joyce-estrattoextract-from-ulysses\\\/#primaryimage\",\"url\":\"https:\\\/\\\/narrateworld.com\\\/wp-content\\\/uploads\\\/2023\\\/07\\\/Narrataste-Ulisse-fronte.png\",\"contentUrl\":\"https:\\\/\\\/narrateworld.com\\\/wp-content\\\/uploads\\\/2023\\\/07\\\/Narrataste-Ulisse-fronte.png\",\"width\":567,\"height\":613},{\"@type\":\"BreadcrumbList\",\"@id\":\"https:\\\/\\\/narrateworld.com\\\/en\\\/prodotto\\\/ulisse-james-joyce-estrattoextract-from-ulysses\\\/#breadcrumb\",\"itemListElement\":[{\"@type\":\"ListItem\",\"position\":1,\"name\":\"Home\",\"item\":\"https:\\\/\\\/narrateworld.com\\\/en\\\/\"},{\"@type\":\"ListItem\",\"position\":2,\"name\":\"Shop\",\"item\":\"https:\\\/\\\/narrateworld.com\\\/en\\\/shop-en\\\/\"},{\"@type\":\"ListItem\",\"position\":3,\"name\":\"Extract from ULYSSES &#8211; James Joyce\"}]},{\"@type\":\"WebSite\",\"@id\":\"https:\\\/\\\/narrateworld.com\\\/en\\\/#website\",\"url\":\"https:\\\/\\\/narrateworld.com\\\/en\\\/\",\"name\":\"Narrat\u00e8 World\",\"description\":\"La lettura ha scoperto l&#039;acqua calda\",\"publisher\":{\"@id\":\"https:\\\/\\\/narrateworld.com\\\/en\\\/#organization\"},\"potentialAction\":[{\"@type\":\"SearchAction\",\"target\":{\"@type\":\"EntryPoint\",\"urlTemplate\":\"https:\\\/\\\/narrateworld.com\\\/en\\\/?s={search_term_string}\"},\"query-input\":{\"@type\":\"PropertyValueSpecification\",\"valueRequired\":true,\"valueName\":\"search_term_string\"}}],\"inLanguage\":\"en-US\"},{\"@type\":\"Organization\",\"@id\":\"https:\\\/\\\/narrateworld.com\\\/en\\\/#organization\",\"name\":\"Narrat\u00e8 World\",\"url\":\"https:\\\/\\\/narrateworld.com\\\/en\\\/\",\"logo\":{\"@type\":\"ImageObject\",\"inLanguage\":\"en-US\",\"@id\":\"https:\\\/\\\/narrateworld.com\\\/en\\\/#\\\/schema\\\/logo\\\/image\\\/\",\"url\":\"https:\\\/\\\/www.narrateworld.com\\\/wp-content\\\/uploads\\\/2024\\\/05\\\/logo-order-email-seller.png\",\"contentUrl\":\"https:\\\/\\\/www.narrateworld.com\\\/wp-content\\\/uploads\\\/2024\\\/05\\\/logo-order-email-seller.png\",\"width\":664,\"height\":124,\"caption\":\"Narrat\u00e8 World\"},\"image\":{\"@id\":\"https:\\\/\\\/narrateworld.com\\\/en\\\/#\\\/schema\\\/logo\\\/image\\\/\"},\"sameAs\":[\"https:\\\/\\\/www.facebook.com\\\/narrateworld\",\"https:\\\/\\\/x.com\\\/narrateworld\",\"https:\\\/\\\/instagram.com\\\/narrateworld\"]}]}<\/script>\n<!-- \/ Yoast SEO plugin. -->","yoast_head_json":{"title":"Extract from ULYSSES - James Joyce - Narrat\u00e8 World","robots":{"index":"index","follow":"follow","max-snippet":"max-snippet:-1","max-image-preview":"max-image-preview:large","max-video-preview":"max-video-preview:-1"},"canonical":"https:\/\/narrateworld.com\/en\/prodotto\/ulisse-james-joyce-estrattoextract-from-ulysses\/","og_locale":"en_US","og_type":"article","og_title":"Extract from ULYSSES - James Joyce - Narrat\u00e8 World","og_description":"Il protagonista del romanzo \u00e8 Leopold Bloom, un agente pubblicitario che vive a Dublino, senza grandi velleit\u00e0..","og_url":"https:\/\/narrateworld.com\/en\/prodotto\/ulisse-james-joyce-estrattoextract-from-ulysses\/","og_site_name":"Narrat\u00e8 World","article_publisher":"https:\/\/www.facebook.com\/narrateworld","article_modified_time":"2024-05-13T16:33:00+00:00","og_image":[{"width":567,"height":613,"url":"https:\/\/narrateworld.com\/wp-content\/uploads\/2023\/07\/Narrataste-Ulisse-fronte.png","type":"image\/png"}],"twitter_card":"summary_large_image","twitter_site":"@narrateworld","twitter_misc":{"Est. reading time":"3 minutes"},"schema":{"@context":"https:\/\/schema.org","@graph":[{"@type":"WebPage","@id":"https:\/\/narrateworld.com\/en\/prodotto\/ulisse-james-joyce-estrattoextract-from-ulysses\/","url":"https:\/\/narrateworld.com\/en\/prodotto\/ulisse-james-joyce-estrattoextract-from-ulysses\/","name":"Extract from ULYSSES - James Joyce - Narrat\u00e8 World","isPartOf":{"@id":"https:\/\/narrateworld.com\/en\/#website"},"primaryImageOfPage":{"@id":"https:\/\/narrateworld.com\/en\/prodotto\/ulisse-james-joyce-estrattoextract-from-ulysses\/#primaryimage"},"image":{"@id":"https:\/\/narrateworld.com\/en\/prodotto\/ulisse-james-joyce-estrattoextract-from-ulysses\/#primaryimage"},"thumbnailUrl":"https:\/\/narrateworld.com\/wp-content\/uploads\/2023\/07\/Narrataste-Ulisse-fronte.png","datePublished":"2021-07-30T16:28:30+00:00","dateModified":"2024-05-13T16:33:00+00:00","breadcrumb":{"@id":"https:\/\/narrateworld.com\/en\/prodotto\/ulisse-james-joyce-estrattoextract-from-ulysses\/#breadcrumb"},"inLanguage":"en-US","potentialAction":[{"@type":"ReadAction","target":["https:\/\/narrateworld.com\/en\/prodotto\/ulisse-james-joyce-estrattoextract-from-ulysses\/"]}]},{"@type":"ImageObject","inLanguage":"en-US","@id":"https:\/\/narrateworld.com\/en\/prodotto\/ulisse-james-joyce-estrattoextract-from-ulysses\/#primaryimage","url":"https:\/\/narrateworld.com\/wp-content\/uploads\/2023\/07\/Narrataste-Ulisse-fronte.png","contentUrl":"https:\/\/narrateworld.com\/wp-content\/uploads\/2023\/07\/Narrataste-Ulisse-fronte.png","width":567,"height":613},{"@type":"BreadcrumbList","@id":"https:\/\/narrateworld.com\/en\/prodotto\/ulisse-james-joyce-estrattoextract-from-ulysses\/#breadcrumb","itemListElement":[{"@type":"ListItem","position":1,"name":"Home","item":"https:\/\/narrateworld.com\/en\/"},{"@type":"ListItem","position":2,"name":"Shop","item":"https:\/\/narrateworld.com\/en\/shop-en\/"},{"@type":"ListItem","position":3,"name":"Extract from ULYSSES &#8211; James Joyce"}]},{"@type":"WebSite","@id":"https:\/\/narrateworld.com\/en\/#website","url":"https:\/\/narrateworld.com\/en\/","name":"Narrat\u00e8 World","description":"La lettura ha scoperto l&#039;acqua calda","publisher":{"@id":"https:\/\/narrateworld.com\/en\/#organization"},"potentialAction":[{"@type":"SearchAction","target":{"@type":"EntryPoint","urlTemplate":"https:\/\/narrateworld.com\/en\/?s={search_term_string}"},"query-input":{"@type":"PropertyValueSpecification","valueRequired":true,"valueName":"search_term_string"}}],"inLanguage":"en-US"},{"@type":"Organization","@id":"https:\/\/narrateworld.com\/en\/#organization","name":"Narrat\u00e8 World","url":"https:\/\/narrateworld.com\/en\/","logo":{"@type":"ImageObject","inLanguage":"en-US","@id":"https:\/\/narrateworld.com\/en\/#\/schema\/logo\/image\/","url":"https:\/\/www.narrateworld.com\/wp-content\/uploads\/2024\/05\/logo-order-email-seller.png","contentUrl":"https:\/\/www.narrateworld.com\/wp-content\/uploads\/2024\/05\/logo-order-email-seller.png","width":664,"height":124,"caption":"Narrat\u00e8 World"},"image":{"@id":"https:\/\/narrateworld.com\/en\/#\/schema\/logo\/image\/"},"sameAs":["https:\/\/www.facebook.com\/narrateworld","https:\/\/x.com\/narrateworld","https:\/\/instagram.com\/narrateworld"]}]}},"_links":{"self":[{"href":"https:\/\/narrateworld.com\/en\/wp-json\/wp\/v2\/product\/26120","targetHints":{"allow":["GET"]}}],"collection":[{"href":"https:\/\/narrateworld.com\/en\/wp-json\/wp\/v2\/product"}],"about":[{"href":"https:\/\/narrateworld.com\/en\/wp-json\/wp\/v2\/types\/product"}],"version-history":[{"count":3,"href":"https:\/\/narrateworld.com\/en\/wp-json\/wp\/v2\/product\/26120\/revisions"}],"predecessor-version":[{"id":33579,"href":"https:\/\/narrateworld.com\/en\/wp-json\/wp\/v2\/product\/26120\/revisions\/33579"}],"wp:featuredmedia":[{"embeddable":true,"href":"https:\/\/narrateworld.com\/en\/wp-json\/wp\/v2\/media\/24089"}],"wp:attachment":[{"href":"https:\/\/narrateworld.com\/en\/wp-json\/wp\/v2\/media?parent=26120"}],"wp:term":[{"taxonomy":"product_brand","embeddable":true,"href":"https:\/\/narrateworld.com\/en\/wp-json\/wp\/v2\/product_brand?post=26120"},{"taxonomy":"product_cat","embeddable":true,"href":"https:\/\/narrateworld.com\/en\/wp-json\/wp\/v2\/product_cat?post=26120"},{"taxonomy":"product_tag","embeddable":true,"href":"https:\/\/narrateworld.com\/en\/wp-json\/wp\/v2\/product_tag?post=26120"}],"curies":[{"name":"wp","href":"https:\/\/api.w.org\/{rel}","templated":true}]}}