{"id":26125,"date":"2021-07-30T17:55:00","date_gmt":"2021-07-30T15:55:00","guid":{"rendered":"https:\/\/www.narrateworld.com\/prodotto\/i-miserabili-victor-hugo-estratto\/"},"modified":"2024-05-13T18:31:11","modified_gmt":"2024-05-13T16:31:11","slug":"extract-from-les-miserables","status":"publish","type":"product","link":"https:\/\/narrateworld.com\/en\/prodotto\/extract-from-les-miserables\/","title":{"rendered":"Extract from LES MISERABLES &#8211; Victor Hugo"},"content":{"rendered":"\t\t<div data-elementor-type=\"wp-post\" data-elementor-id=\"26125\" class=\"elementor elementor-26125 elementor-17367\">\n\t\t\t\t\t\t<section class=\"wd-negative-gap elementor-section elementor-top-section elementor-element elementor-element-79752fbe wd-section-stretch elementor-section-content-top elementor-section-boxed elementor-section-height-default elementor-section-height-default\" data-id=\"79752fbe\" data-element_type=\"section\" data-settings=\"{&quot;background_background&quot;:&quot;classic&quot;}\">\n\t\t\t\t\t\t<div class=\"elementor-container elementor-column-gap-extended\">\n\t\t\t\t\t<div class=\"elementor-column elementor-col-50 elementor-top-column elementor-element elementor-element-2af8c87b\" data-id=\"2af8c87b\" data-element_type=\"column\">\n\t\t\t<div class=\"elementor-widget-wrap elementor-element-populated\">\n\t\t\t\t\t\t<div class=\"elementor-element elementor-element-34e43d1 elementor-widget elementor-widget-wd_text_block\" data-id=\"34e43d1\" data-element_type=\"widget\" data-widget_type=\"wd_text_block.default\">\n\t\t\t\t<div class=\"elementor-widget-container\">\n\t\t\t\t\t<div class=\"wd-text-block reset-last-child text-left\">\n\t\t\t\n\t\t\t<span style=\"color: #a69577;\"><span style=\"caret-color: #dda7c2;\"><b>BRANO\r\n<\/b><\/span><\/span><strong>Tratto<\/strong> dalla parte IV, libro V, paragrafo V\r\nIl protagonista del romanzo, Jean Valjean, ex galeotto, vive ormai da tempo a Parigi con l\u2019amata figlia adottiva, Cosette. La capitale francese \u00e8 da anni in tumulto per ragioni politiche e il clima in citt\u00e0 \u00e8 tesissimo. Un giorno, nei Giardini di Lussemburgo, Cosette incrocia lo sguardo di Marius, giovane studente universitario che prende parte alle proteste. Tra i due \u00e8 amore a prima vista, ma non privo di ostacoli. Casualmente, Marius scopre dove vive Cosette e le destina un\u2019accorata lettera senza mittente e senza indirizzo, che la giovane legge tutta d\u2019un fiato pi\u00f9 e pi\u00f9 volte, cercando di capire chi possa avergliela inviata. Uno dei pi\u00f9 bei passaggi sull\u2019amore mai scritto? A voi il giudizio.\r\n\r\n<span style=\"color: #a69577;\"><strong>BLEND\r\n<\/strong><\/span>Hugo aveva un rapporto passionale con il cibo, cos\u00ec come con la vita: li consumava con golosa voracit\u00e0. Per questo abbiamo creato un blend ricco e sensuale che contenesse gli aromi della Francia, Parigi in particolare, all\u2019epoca de I Miserabili. A base di pregiato <strong>t\u00e8 nero Darjeeling<\/strong> (definito lo champagne dei t\u00e8) con <strong>scorze di Arancia<\/strong> (che \u201csgranocchiava dalla buccia\u201d) e aromi quali <strong>Vaniglia<\/strong> (impiegata nel \u201cFlan\u201d parigino), <strong>Pesca<\/strong> (famosa quella di Montrevil in prossimit\u00e0 di Parigi) e <strong>Ciliegia<\/strong> (ispirata a quella di Montmorency, localit\u00e0 anch\u2019essa a ridosso della capitale francese).\r\n\r\n<img decoding=\"async\" class=\"size-full wp-image-17370 aligncenter\" src=\"https:\/\/www.narrateworld.com\/wp-content\/uploads\/2023\/07\/Narrataste-I-Miserabili-ingredienti.png\" alt=\"\" width=\"400\" height=\"57\" srcset=\"https:\/\/narrateworld.com\/wp-content\/uploads\/2023\/07\/Narrataste-I-Miserabili-ingredienti.png 400w, https:\/\/narrateworld.com\/wp-content\/uploads\/2023\/07\/Narrataste-I-Miserabili-ingredienti-150x21.png 150w\" sizes=\"(max-width: 400px) 100vw, 400px\" \/>\r\n\r\n<span style=\"color: #a69577;\"><strong>PAGINE SPECIALI\r\n<\/strong><\/span>Sia prima che dopo la lettura del brano estratto (deputato all'infusione), abbiamo inserito dei contenuti che consentono un inquadramento sia dell'opera nella sua totalit\u00e0 che del testo scelto. Assieme a una breve bio dell'autore vi sono il \"perch\u00e9 leggerlo\" e alcune curiosit\u00e0 relative all'opera e al suo autore.\r\n\r\n<span style=\"color: #a69577;\"><strong>CONTENUTI SPECIALI\r\n<\/strong><\/span>Nell'ultima pagina vi \u00e8 un Qrcode che consente anzitutto l'acquisto dell'opera (se \u00e8 piaciuta e se ne vuole cominciare la lettura), si trovano poi ulteriori link di approfondimento.\r\n\r\n<span style=\"color: #a69577;\"><strong>CARATTERISTICHE TECNICHE\r\n<\/strong><\/span><strong>Libretto:<\/strong> Dim. 9 x 10 x 0,6 cm (chiuso), cover con stampa in fluo e argento metallico. 24 facciate stampate in offset su carta riciclata + 2 fogli di \u201cguardia\u201d bianchi. Doppia rilegatura a 2 punti metallici e incollatura. Assemblato a mano con amore, in Italia. Chiusura con bollino adesivo di garanzia contenente l\u2019indicazione lotto e data di scadenza.\r\n\r\n<strong>Filtro confezionato a mano:\u00a0<\/strong>Contiene 2 grammi di miscela di alta qualit\u00e0 con ingredienti biologici. Validit\u00e0 3 anni dall\u2019imbustamento. Confezionato in un sacchetto protettivo monodose termosaldato in plastica per alimenti.\r\n\r\n<strong>Prezzo al pubblico \u20ac 6,90 | ISBN 9788885507715<\/strong>\n\t\t\t\t\t<\/div>\n\t\t\t\t<\/div>\n\t\t\t\t<\/div>\n\t\t\t\t\t<\/div>\n\t\t<\/div>\n\t\t\t\t<div class=\"elementor-column elementor-col-50 elementor-top-column elementor-element elementor-element-5471f06f\" data-id=\"5471f06f\" data-element_type=\"column\">\n\t\t\t<div class=\"elementor-widget-wrap elementor-element-populated\">\n\t\t\t\t\t\t<div class=\"elementor-element elementor-element-2d6609b elementor-widget elementor-widget-wd_image_or_svg\" data-id=\"2d6609b\" data-element_type=\"widget\" data-widget_type=\"wd_image_or_svg.default\">\n\t\t\t\t<div class=\"elementor-widget-container\">\n\t\t\t\n\t\t<div class=\"wd-image text-left\">\n\t\t\t\t\t\t\t\t<img fetchpriority=\"high\" decoding=\"async\" width=\"900\" height=\"900\" src=\"https:\/\/narrateworld.com\/wp-content\/uploads\/2023\/07\/Narrataste-i-Miserabili-presentazione.png\" class=\"attachment-full size-full\" alt=\"\" srcset=\"https:\/\/narrateworld.com\/wp-content\/uploads\/2023\/07\/Narrataste-i-Miserabili-presentazione.png 900w, https:\/\/narrateworld.com\/wp-content\/uploads\/2023\/07\/Narrataste-i-Miserabili-presentazione-430x430.png 430w, https:\/\/narrateworld.com\/wp-content\/uploads\/2023\/07\/Narrataste-i-Miserabili-presentazione-150x150.png 150w, https:\/\/narrateworld.com\/wp-content\/uploads\/2023\/07\/Narrataste-i-Miserabili-presentazione-700x700.png 700w, https:\/\/narrateworld.com\/wp-content\/uploads\/2023\/07\/Narrataste-i-Miserabili-presentazione-300x300.png 300w, https:\/\/narrateworld.com\/wp-content\/uploads\/2023\/07\/Narrataste-i-Miserabili-presentazione-800x800.png 800w, https:\/\/narrateworld.com\/wp-content\/uploads\/2023\/07\/Narrataste-i-Miserabili-presentazione-768x768.png 768w, https:\/\/narrateworld.com\/wp-content\/uploads\/2023\/07\/Narrataste-i-Miserabili-presentazione-860x860.png 860w\" sizes=\"(max-width: 900px) 100vw, 900px\" \/>\t\t\t\t\t<\/div>\n\n\t\t\t\t<\/div>\n\t\t\t\t<\/div>\n\t\t\t\t\t<\/div>\n\t\t<\/div>\n\t\t\t\t\t<\/div>\n\t\t<\/section>\n\t\t\t\t<\/div>\n\t\t","protected":false},"excerpt":{"rendered":"<p>Il protagonista del romanzo, Jean Valjean, ex galeotto, vive ormai da tempo a Parigi con l\u2019amata figlia adottiva, Cosette.<\/p>\n","protected":false},"featured_media":24080,"template":"","meta":[],"product_brand":[],"product_cat":[211],"product_tag":[],"class_list":{"0":"post-26125","1":"product","2":"type-product","3":"status-publish","4":"has-post-thumbnail","6":"product_cat-narrataste-en","8":"first","9":"instock","10":"taxable","11":"shipping-taxable","12":"purchasable","13":"product-type-simple"},"yoast_head":"<!-- This site is optimized with the Yoast SEO plugin v27.5 - https:\/\/yoast.com\/product\/yoast-seo-wordpress\/ -->\n<title>Extract from LES MISERABLES - Victor Hugo - Narrat\u00e8 World<\/title>\n<meta name=\"robots\" content=\"index, follow, max-snippet:-1, max-image-preview:large, max-video-preview:-1\" \/>\n<link rel=\"canonical\" href=\"https:\/\/narrateworld.com\/en\/prodotto\/extract-from-les-miserables\/\" \/>\n<meta property=\"og:locale\" content=\"en_US\" \/>\n<meta property=\"og:type\" content=\"article\" \/>\n<meta property=\"og:title\" content=\"Extract from LES MISERABLES - Victor Hugo - Narrat\u00e8 World\" \/>\n<meta property=\"og:description\" content=\"Il protagonista del romanzo, Jean Valjean, ex galeotto, vive ormai da tempo a Parigi con l\u2019amata figlia adottiva, Cosette.\" \/>\n<meta property=\"og:url\" content=\"https:\/\/narrateworld.com\/en\/prodotto\/extract-from-les-miserables\/\" \/>\n<meta property=\"og:site_name\" content=\"Narrat\u00e8 World\" \/>\n<meta property=\"article:publisher\" content=\"https:\/\/www.facebook.com\/narrateworld\" \/>\n<meta property=\"article:modified_time\" content=\"2024-05-13T16:31:11+00:00\" \/>\n<meta property=\"og:image\" content=\"https:\/\/narrateworld.com\/wp-content\/uploads\/2023\/07\/Narrataste-i-Miserabili-fronte.png\" \/>\n\t<meta property=\"og:image:width\" content=\"567\" \/>\n\t<meta property=\"og:image:height\" content=\"613\" \/>\n\t<meta property=\"og:image:type\" content=\"image\/png\" \/>\n<meta name=\"twitter:card\" content=\"summary_large_image\" \/>\n<meta name=\"twitter:site\" content=\"@narrateworld\" \/>\n<meta name=\"twitter:label1\" content=\"Est. reading time\" \/>\n\t<meta name=\"twitter:data1\" content=\"3 minutes\" \/>\n<script type=\"application\/ld+json\" class=\"yoast-schema-graph\">{\"@context\":\"https:\\\/\\\/schema.org\",\"@graph\":[{\"@type\":\"WebPage\",\"@id\":\"https:\\\/\\\/narrateworld.com\\\/en\\\/prodotto\\\/extract-from-les-miserables\\\/\",\"url\":\"https:\\\/\\\/narrateworld.com\\\/en\\\/prodotto\\\/extract-from-les-miserables\\\/\",\"name\":\"Extract from LES MISERABLES - Victor Hugo - Narrat\u00e8 World\",\"isPartOf\":{\"@id\":\"https:\\\/\\\/narrateworld.com\\\/en\\\/#website\"},\"primaryImageOfPage\":{\"@id\":\"https:\\\/\\\/narrateworld.com\\\/en\\\/prodotto\\\/extract-from-les-miserables\\\/#primaryimage\"},\"image\":{\"@id\":\"https:\\\/\\\/narrateworld.com\\\/en\\\/prodotto\\\/extract-from-les-miserables\\\/#primaryimage\"},\"thumbnailUrl\":\"https:\\\/\\\/narrateworld.com\\\/wp-content\\\/uploads\\\/2023\\\/07\\\/Narrataste-i-Miserabili-fronte.png\",\"datePublished\":\"2021-07-30T15:55:00+00:00\",\"dateModified\":\"2024-05-13T16:31:11+00:00\",\"breadcrumb\":{\"@id\":\"https:\\\/\\\/narrateworld.com\\\/en\\\/prodotto\\\/extract-from-les-miserables\\\/#breadcrumb\"},\"inLanguage\":\"en-US\",\"potentialAction\":[{\"@type\":\"ReadAction\",\"target\":[\"https:\\\/\\\/narrateworld.com\\\/en\\\/prodotto\\\/extract-from-les-miserables\\\/\"]}]},{\"@type\":\"ImageObject\",\"inLanguage\":\"en-US\",\"@id\":\"https:\\\/\\\/narrateworld.com\\\/en\\\/prodotto\\\/extract-from-les-miserables\\\/#primaryimage\",\"url\":\"https:\\\/\\\/narrateworld.com\\\/wp-content\\\/uploads\\\/2023\\\/07\\\/Narrataste-i-Miserabili-fronte.png\",\"contentUrl\":\"https:\\\/\\\/narrateworld.com\\\/wp-content\\\/uploads\\\/2023\\\/07\\\/Narrataste-i-Miserabili-fronte.png\",\"width\":567,\"height\":613},{\"@type\":\"BreadcrumbList\",\"@id\":\"https:\\\/\\\/narrateworld.com\\\/en\\\/prodotto\\\/extract-from-les-miserables\\\/#breadcrumb\",\"itemListElement\":[{\"@type\":\"ListItem\",\"position\":1,\"name\":\"Home\",\"item\":\"https:\\\/\\\/narrateworld.com\\\/en\\\/\"},{\"@type\":\"ListItem\",\"position\":2,\"name\":\"Shop\",\"item\":\"https:\\\/\\\/narrateworld.com\\\/en\\\/shop-en\\\/\"},{\"@type\":\"ListItem\",\"position\":3,\"name\":\"Extract from LES MISERABLES &#8211; Victor Hugo\"}]},{\"@type\":\"WebSite\",\"@id\":\"https:\\\/\\\/narrateworld.com\\\/en\\\/#website\",\"url\":\"https:\\\/\\\/narrateworld.com\\\/en\\\/\",\"name\":\"Narrat\u00e8 World\",\"description\":\"La lettura ha scoperto l&#039;acqua calda\",\"publisher\":{\"@id\":\"https:\\\/\\\/narrateworld.com\\\/en\\\/#organization\"},\"potentialAction\":[{\"@type\":\"SearchAction\",\"target\":{\"@type\":\"EntryPoint\",\"urlTemplate\":\"https:\\\/\\\/narrateworld.com\\\/en\\\/?s={search_term_string}\"},\"query-input\":{\"@type\":\"PropertyValueSpecification\",\"valueRequired\":true,\"valueName\":\"search_term_string\"}}],\"inLanguage\":\"en-US\"},{\"@type\":\"Organization\",\"@id\":\"https:\\\/\\\/narrateworld.com\\\/en\\\/#organization\",\"name\":\"Narrat\u00e8 World\",\"url\":\"https:\\\/\\\/narrateworld.com\\\/en\\\/\",\"logo\":{\"@type\":\"ImageObject\",\"inLanguage\":\"en-US\",\"@id\":\"https:\\\/\\\/narrateworld.com\\\/en\\\/#\\\/schema\\\/logo\\\/image\\\/\",\"url\":\"https:\\\/\\\/www.narrateworld.com\\\/wp-content\\\/uploads\\\/2024\\\/05\\\/logo-order-email-seller.png\",\"contentUrl\":\"https:\\\/\\\/www.narrateworld.com\\\/wp-content\\\/uploads\\\/2024\\\/05\\\/logo-order-email-seller.png\",\"width\":664,\"height\":124,\"caption\":\"Narrat\u00e8 World\"},\"image\":{\"@id\":\"https:\\\/\\\/narrateworld.com\\\/en\\\/#\\\/schema\\\/logo\\\/image\\\/\"},\"sameAs\":[\"https:\\\/\\\/www.facebook.com\\\/narrateworld\",\"https:\\\/\\\/x.com\\\/narrateworld\",\"https:\\\/\\\/instagram.com\\\/narrateworld\"]}]}<\/script>\n<!-- \/ Yoast SEO plugin. -->","yoast_head_json":{"title":"Extract from LES MISERABLES - Victor Hugo - Narrat\u00e8 World","robots":{"index":"index","follow":"follow","max-snippet":"max-snippet:-1","max-image-preview":"max-image-preview:large","max-video-preview":"max-video-preview:-1"},"canonical":"https:\/\/narrateworld.com\/en\/prodotto\/extract-from-les-miserables\/","og_locale":"en_US","og_type":"article","og_title":"Extract from LES MISERABLES - Victor Hugo - Narrat\u00e8 World","og_description":"Il protagonista del romanzo, Jean Valjean, ex galeotto, vive ormai da tempo a Parigi con l\u2019amata figlia adottiva, Cosette.","og_url":"https:\/\/narrateworld.com\/en\/prodotto\/extract-from-les-miserables\/","og_site_name":"Narrat\u00e8 World","article_publisher":"https:\/\/www.facebook.com\/narrateworld","article_modified_time":"2024-05-13T16:31:11+00:00","og_image":[{"width":567,"height":613,"url":"https:\/\/narrateworld.com\/wp-content\/uploads\/2023\/07\/Narrataste-i-Miserabili-fronte.png","type":"image\/png"}],"twitter_card":"summary_large_image","twitter_site":"@narrateworld","twitter_misc":{"Est. reading time":"3 minutes"},"schema":{"@context":"https:\/\/schema.org","@graph":[{"@type":"WebPage","@id":"https:\/\/narrateworld.com\/en\/prodotto\/extract-from-les-miserables\/","url":"https:\/\/narrateworld.com\/en\/prodotto\/extract-from-les-miserables\/","name":"Extract from LES MISERABLES - Victor Hugo - Narrat\u00e8 World","isPartOf":{"@id":"https:\/\/narrateworld.com\/en\/#website"},"primaryImageOfPage":{"@id":"https:\/\/narrateworld.com\/en\/prodotto\/extract-from-les-miserables\/#primaryimage"},"image":{"@id":"https:\/\/narrateworld.com\/en\/prodotto\/extract-from-les-miserables\/#primaryimage"},"thumbnailUrl":"https:\/\/narrateworld.com\/wp-content\/uploads\/2023\/07\/Narrataste-i-Miserabili-fronte.png","datePublished":"2021-07-30T15:55:00+00:00","dateModified":"2024-05-13T16:31:11+00:00","breadcrumb":{"@id":"https:\/\/narrateworld.com\/en\/prodotto\/extract-from-les-miserables\/#breadcrumb"},"inLanguage":"en-US","potentialAction":[{"@type":"ReadAction","target":["https:\/\/narrateworld.com\/en\/prodotto\/extract-from-les-miserables\/"]}]},{"@type":"ImageObject","inLanguage":"en-US","@id":"https:\/\/narrateworld.com\/en\/prodotto\/extract-from-les-miserables\/#primaryimage","url":"https:\/\/narrateworld.com\/wp-content\/uploads\/2023\/07\/Narrataste-i-Miserabili-fronte.png","contentUrl":"https:\/\/narrateworld.com\/wp-content\/uploads\/2023\/07\/Narrataste-i-Miserabili-fronte.png","width":567,"height":613},{"@type":"BreadcrumbList","@id":"https:\/\/narrateworld.com\/en\/prodotto\/extract-from-les-miserables\/#breadcrumb","itemListElement":[{"@type":"ListItem","position":1,"name":"Home","item":"https:\/\/narrateworld.com\/en\/"},{"@type":"ListItem","position":2,"name":"Shop","item":"https:\/\/narrateworld.com\/en\/shop-en\/"},{"@type":"ListItem","position":3,"name":"Extract from LES MISERABLES &#8211; Victor Hugo"}]},{"@type":"WebSite","@id":"https:\/\/narrateworld.com\/en\/#website","url":"https:\/\/narrateworld.com\/en\/","name":"Narrat\u00e8 World","description":"La lettura ha scoperto l&#039;acqua calda","publisher":{"@id":"https:\/\/narrateworld.com\/en\/#organization"},"potentialAction":[{"@type":"SearchAction","target":{"@type":"EntryPoint","urlTemplate":"https:\/\/narrateworld.com\/en\/?s={search_term_string}"},"query-input":{"@type":"PropertyValueSpecification","valueRequired":true,"valueName":"search_term_string"}}],"inLanguage":"en-US"},{"@type":"Organization","@id":"https:\/\/narrateworld.com\/en\/#organization","name":"Narrat\u00e8 World","url":"https:\/\/narrateworld.com\/en\/","logo":{"@type":"ImageObject","inLanguage":"en-US","@id":"https:\/\/narrateworld.com\/en\/#\/schema\/logo\/image\/","url":"https:\/\/www.narrateworld.com\/wp-content\/uploads\/2024\/05\/logo-order-email-seller.png","contentUrl":"https:\/\/www.narrateworld.com\/wp-content\/uploads\/2024\/05\/logo-order-email-seller.png","width":664,"height":124,"caption":"Narrat\u00e8 World"},"image":{"@id":"https:\/\/narrateworld.com\/en\/#\/schema\/logo\/image\/"},"sameAs":["https:\/\/www.facebook.com\/narrateworld","https:\/\/x.com\/narrateworld","https:\/\/instagram.com\/narrateworld"]}]}},"_links":{"self":[{"href":"https:\/\/narrateworld.com\/en\/wp-json\/wp\/v2\/product\/26125","targetHints":{"allow":["GET"]}}],"collection":[{"href":"https:\/\/narrateworld.com\/en\/wp-json\/wp\/v2\/product"}],"about":[{"href":"https:\/\/narrateworld.com\/en\/wp-json\/wp\/v2\/types\/product"}],"version-history":[{"count":4,"href":"https:\/\/narrateworld.com\/en\/wp-json\/wp\/v2\/product\/26125\/revisions"}],"predecessor-version":[{"id":33573,"href":"https:\/\/narrateworld.com\/en\/wp-json\/wp\/v2\/product\/26125\/revisions\/33573"}],"wp:featuredmedia":[{"embeddable":true,"href":"https:\/\/narrateworld.com\/en\/wp-json\/wp\/v2\/media\/24080"}],"wp:attachment":[{"href":"https:\/\/narrateworld.com\/en\/wp-json\/wp\/v2\/media?parent=26125"}],"wp:term":[{"taxonomy":"product_brand","embeddable":true,"href":"https:\/\/narrateworld.com\/en\/wp-json\/wp\/v2\/product_brand?post=26125"},{"taxonomy":"product_cat","embeddable":true,"href":"https:\/\/narrateworld.com\/en\/wp-json\/wp\/v2\/product_cat?post=26125"},{"taxonomy":"product_tag","embeddable":true,"href":"https:\/\/narrateworld.com\/en\/wp-json\/wp\/v2\/product_tag?post=26125"}],"curies":[{"name":"wp","href":"https:\/\/api.w.org\/{rel}","templated":true}]}}