{"id":26152,"date":"2021-07-30T12:34:01","date_gmt":"2021-07-30T10:34:01","guid":{"rendered":"https:\/\/www.narrateworld.com\/prodotto\/lessenza-dellaquario-in-un-te\/"},"modified":"2024-05-16T10:06:23","modified_gmt":"2024-05-16T08:06:23","slug":"the-essence-of-aquarius-in-a-cup-of-tea","status":"publish","type":"product","link":"https:\/\/narrateworld.com\/en\/prodotto\/the-essence-of-aquarius-in-a-cup-of-tea\/","title":{"rendered":"The essence of AQUARIUS in a cup of tea"},"content":{"rendered":"\t\t<div data-elementor-type=\"wp-post\" data-elementor-id=\"26152\" class=\"elementor elementor-26152 elementor-17174\">\n\t\t\t\t\t\t<section class=\"wd-negative-gap elementor-section elementor-top-section elementor-element elementor-element-79752fbe wd-section-stretch elementor-section-content-top elementor-section-boxed elementor-section-height-default elementor-section-height-default\" data-id=\"79752fbe\" data-element_type=\"section\" data-settings=\"{&quot;background_background&quot;:&quot;classic&quot;}\">\n\t\t\t\t\t\t<div class=\"elementor-container elementor-column-gap-extended\">\n\t\t\t\t\t<div class=\"elementor-column elementor-col-50 elementor-top-column elementor-element elementor-element-2af8c87b\" data-id=\"2af8c87b\" data-element_type=\"column\">\n\t\t\t<div class=\"elementor-widget-wrap elementor-element-populated\">\n\t\t\t\t\t\t<div class=\"elementor-element elementor-element-34e43d1 elementor-widget elementor-widget-wd_text_block\" data-id=\"34e43d1\" data-element_type=\"widget\" data-widget_type=\"wd_text_block.default\">\n\t\t\t\t<div class=\"elementor-widget-container\">\n\t\t\t\t\t<div class=\"wd-text-block reset-last-child text-left\">\n\t\t\t\n\t\t\t<h3><span style=\"color: #dda7c2;\"><strong>L'ESSENZA DELL'AQUARIO IN UN T\u00c8<\/strong><\/span><\/h3><p><strong><span style=\"color: #dda7c2;\">BLEND<br \/><\/span><\/strong>L\u2019inedito blend dell\u2019Aquario, dal sapore\u00a0<em>tradizionale<\/em>\u00a0con una nota\u00a0<em>esotica<\/em>, \u00e8 una raffinata miscela composta da: <strong>T\u00e8 nero Darjeeling* |\u00a0T\u00e8 verde Jasmin* |\u00a0Rosa canina* |\u00a0Fragola* |\u00a0Lavanda* |\u00a0Malva*<\/strong>\u00a0- * da agricoltura biologica.<\/p><p style=\"text-align: center;\"><img decoding=\"async\" class=\"alignnone wp-image-17222 size-full\" src=\"https:\/\/www.narrateworld.com\/wp-content\/uploads\/2023\/07\/Narrate-zodiaci-essentiae-acquario-ingredienti.png\" alt=\"\" width=\"400\" height=\"57\" srcset=\"https:\/\/narrateworld.com\/wp-content\/uploads\/2023\/07\/Narrate-zodiaci-essentiae-acquario-ingredienti.png 400w, https:\/\/narrateworld.com\/wp-content\/uploads\/2023\/07\/Narrate-zodiaci-essentiae-acquario-ingredienti-150x21.png 150w\" sizes=\"(max-width: 400px) 100vw, 400px\" \/><\/p><p><strong><span style=\"color: #dda7c2;\">TESTO<br \/><\/span><\/strong>Un racconto inedito, epico e mitologico, di circa 5 min. di lettura, equivalenti al tempo necessario all\u2019infusione. Scritto da <span style=\"text-decoration: underline; color: #777777;\"><strong><span style=\"text-decoration: underline;\"><a style=\"color: #777777; text-decoration: underline;\" href=\"https:\/\/www.oroscopodelmese.it\/chi-sono-astrologa-irene-zanier\/\" target=\"_blank\" rel=\"noopener\">Irene Zanier<\/a><\/span><\/strong><\/span> per cogliere e restituire con semplicit\u00e0 tutte le sfumature essenziali del'<strong>Aquario.<\/strong> Un vero e proprio <em>T\u00e8 stellare.<\/em> In due lingue (ITA\/ENG)<\/p><p><strong><span style=\"color: #dda7c2;\">CARATTERISTICHE TECNICHE<br \/><\/span><\/strong><strong>Libretto:<\/strong> Dim. 9 x 10 x 0,6 cm (chiuso), cover con stampa in fluo e argento metallico. 24 facciate stampate in offset su carta riciclata + 2 fogli di \u201cguardia\u201d bianchi. Doppia rilegatura a 2 punti metallici e incollatura. Assemblato a mano con amore, in Italia. Chiusura con bollino adesivo di garanzia contenente l\u2019indicazione lotto e data di scadenza.<\/p><p><strong>Filtro confezionato a mano:\u00a0<\/strong>Contiene 2 grammi di miscela di alta qualit\u00e0 con ingredienti biologici. Validit\u00e0 3 anni dall\u2019imbustamento. Confezionato in un sacchetto protettivo monodose termosaldato in plastica per alimenti.<\/p><p><strong><span style=\"color: #dda7c2;\">CONTENUTI SPECIALI<br \/><\/span><\/strong>A partire dall\u2019audio racconto interpretato magnificamente da Eleonora De Angelis di <span style=\"text-decoration: underline; color: #777777;\"><strong><a style=\"color: #777777; text-decoration: underline;\" href=\"https:\/\/www.vixvocal.it\" target=\"_blank\" rel=\"noopener\">Vixvocal<\/a><\/strong><\/span>, voce italiana di Jennifer Aniston, il qrcode stampato all'interno del Narrat\u00e8\u00ae consente di accedere a una serie di contenuti multimediali costruiti ad hoc per ogni segno: dalle curiosit\u00e0, all'oroscopo del mese, fino alla possibilit\u00e0 di accedere a consulenze personalizzate<\/p><p><strong>Prezzo al pubblico \u20ac 6,90 | ISBN 9788885507265<\/strong><\/p>\n\t\t\t\t\t<\/div>\n\t\t\t\t<\/div>\n\t\t\t\t<\/div>\n\t\t\t\t\t<\/div>\n\t\t<\/div>\n\t\t\t\t<div class=\"elementor-column elementor-col-50 elementor-top-column elementor-element elementor-element-5471f06f\" data-id=\"5471f06f\" data-element_type=\"column\">\n\t\t\t<div class=\"elementor-widget-wrap elementor-element-populated\">\n\t\t\t\t\t\t<div class=\"elementor-element elementor-element-0784455 elementor-widget elementor-widget-wd_accordion\" data-id=\"0784455\" data-element_type=\"widget\" data-widget_type=\"wd_accordion.default\">\n\t\t\t\t<div class=\"elementor-widget-container\">\n\t\t\t\n\t\t<div class=\"wd-accordion wd-style-default\" data-state=\"first\">\n\t\t\t\t\t\t\t\n\t\t\t\t<div class=\"wd-accordion-item\">\n\t\t\t\t\t<div class=\"wd-accordion-title wd-active text-left wd-opener-pos-left\" data-accordion-index=\"0\">\n\t\t\t\t\t\t<div class=\"wd-accordion-title-text\">\n\t\t\t\t\t\t\t\t\t\t\t\t\t\t<span>\n\t\t\t\t\t\t\t\tIl Blend AQUARIO\t\t\t\t\t\t\t<\/span>\n\t\t\t\t\t\t<\/div>\n\t\t\t\t\t\t<span class=\"wd-accordion-opener wd-opener-style-arrow\"><\/span>\n\t\t\t\t\t<\/div>\n\n\t\t\t\t\t<div class=\"wd-accordion-content reset-last-child wd-active\" data-accordion-index=\"0\">\n\t\t\t\t\t\t\t\t\t\t\t\t\t\n\t\t\t\t\t\t\t<p>Affidabile, attraente, elegante e imprevedibile. Gli Aquario possono essere di due tipi: uno timido, sensibile e paziente; l\u2019altro esuberante, vivace che nasconde sotto un\u2019aria frivola la profondit\u00e0 della sua personalit\u00e0. Entrambi sono tenaci, sinceri, onesti e capaci di cambiare le loro opinioni. Sono aperti alla verit\u00e0 e disposti a imparare da tutti ma si rifiutano di seguire la folla. A volte sentono il bisogno di ritirarsi dal mondo per meditare o pensare. Per questo abbiamo optato per un inedito blend che armonizzi i due tipi di Aquario, tradizionale ma con una nota esotica. Una pregiata miscela a base di esotico t\u00e8 verde Jasmine con squisiti aromi tradizionali: Rosa canina, scorza d\u2019Arancia e Vaniglia. Infine la Menta piperita, una pianta che sottolinea l\u2019appartenenza del segno all\u2019elemento Aria. Tutti ingredienti selezionati per riproporre ed esaltare le caratteristiche dell\u2019Acquario, restituendone la squisita essenza al palato.<\/p>\n\t\t\t\t\t\t\t\t\t\t\t\t\t\t\t\t\t\t<\/div>\n\t\t\t\t<\/div>\n\t\t\t\t\t\t\t\n\t\t\t\t<div class=\"wd-accordion-item\">\n\t\t\t\t\t<div class=\"wd-accordion-title text-left wd-opener-pos-left\" data-accordion-index=\"1\">\n\t\t\t\t\t\t<div class=\"wd-accordion-title-text\">\n\t\t\t\t\t\t\t\t\t\t\t\t\t\t<span>\n\t\t\t\t\t\t\t\tL&#039;autore | Ilaria ZANIER\t\t\t\t\t\t\t<\/span>\n\t\t\t\t\t\t<\/div>\n\t\t\t\t\t\t<span class=\"wd-accordion-opener wd-opener-style-arrow\"><\/span>\n\t\t\t\t\t<\/div>\n\n\t\t\t\t\t<div class=\"wd-accordion-content reset-last-child\" data-accordion-index=\"1\">\n\t\t\t\t\t\t\t\t\t\t\t\t\t\n\t\t\t\t\t\t\t<p>Astrologa per vocazione, Astro Coach e Blogger per passione,\u00a0<span style=\"text-decoration: underline; color: #777777;\"><strong><a style=\"color: #777777; text-decoration: underline;\" href=\"https:\/\/www.oroscopodelmese.it\/chi-sono-astrologa-irene-zanier\/\" target=\"_blank\" rel=\"noopener\">Irene<\/a><\/strong><\/span>\u00a0nasce sotto il segno dell\u2019Ariete. Sar\u00e0 stata la nascita a Palmanova, la citt\u00e0 a forma di stella, oppure la volont\u00e0 ben chiara fin dall\u2019infanzia di dedicarsi al corteggiamento dell\u2019Anima con strumenti non convenzionali, fatto sta che la vita la conduce ad affiancare agli studi psicologici quelli esoterici e astrologici.<\/p>\n\t\t\t\t\t\t\t\t\t\t\t\t\t\t\t\t\t\t<\/div>\n\t\t\t\t<\/div>\n\t\t\t\t\t<\/div>\n\t\t\t\t<\/div>\n\t\t\t\t<\/div>\n\t\t\t\t<div class=\"elementor-element elementor-element-2d6609b elementor-widget elementor-widget-wd_image_or_svg\" data-id=\"2d6609b\" data-element_type=\"widget\" data-widget_type=\"wd_image_or_svg.default\">\n\t\t\t\t<div class=\"elementor-widget-container\">\n\t\t\t\n\t\t<div class=\"wd-image text-left\">\n\t\t\t\t\t\t\t\t<img fetchpriority=\"high\" decoding=\"async\" width=\"900\" height=\"900\" src=\"https:\/\/narrateworld.com\/wp-content\/uploads\/2023\/07\/Narrate-Zodiaci-Essentiae-aquario-presentazione.png\" class=\"attachment-full size-full\" alt=\"\" srcset=\"https:\/\/narrateworld.com\/wp-content\/uploads\/2023\/07\/Narrate-Zodiaci-Essentiae-aquario-presentazione.png 900w, https:\/\/narrateworld.com\/wp-content\/uploads\/2023\/07\/Narrate-Zodiaci-Essentiae-aquario-presentazione-430x430.png 430w, https:\/\/narrateworld.com\/wp-content\/uploads\/2023\/07\/Narrate-Zodiaci-Essentiae-aquario-presentazione-150x150.png 150w, https:\/\/narrateworld.com\/wp-content\/uploads\/2023\/07\/Narrate-Zodiaci-Essentiae-aquario-presentazione-700x700.png 700w, https:\/\/narrateworld.com\/wp-content\/uploads\/2023\/07\/Narrate-Zodiaci-Essentiae-aquario-presentazione-300x300.png 300w, https:\/\/narrateworld.com\/wp-content\/uploads\/2023\/07\/Narrate-Zodiaci-Essentiae-aquario-presentazione-800x800.png 800w, https:\/\/narrateworld.com\/wp-content\/uploads\/2023\/07\/Narrate-Zodiaci-Essentiae-aquario-presentazione-768x768.png 768w, https:\/\/narrateworld.com\/wp-content\/uploads\/2023\/07\/Narrate-Zodiaci-Essentiae-aquario-presentazione-860x860.png 860w\" sizes=\"(max-width: 900px) 100vw, 900px\" \/>\t\t\t\t\t<\/div>\n\n\t\t\t\t<\/div>\n\t\t\t\t<\/div>\n\t\t\t\t\t<\/div>\n\t\t<\/div>\n\t\t\t\t\t<\/div>\n\t\t<\/section>\n\t\t\t\t<\/div>\n\t\t","protected":false},"excerpt":{"rendered":"<p>Un racconto inedito, epico e mitologico,\u00a0per cogliere e restituire con semplicit\u00e0 tutte le sfumature essenziali dell&#8217;<strong>Aquario.<\/strong><\/p>\n","protected":false},"featured_media":24037,"template":"","meta":[],"product_brand":[],"product_cat":[218],"product_tag":[],"class_list":{"0":"post-26152","1":"product","2":"type-product","3":"status-publish","4":"has-post-thumbnail","6":"product_cat-zodiaci-essentiae-en","8":"first","9":"instock","10":"taxable","11":"shipping-taxable","12":"purchasable","13":"product-type-simple"},"yoast_head":"<!-- This site is optimized with the Yoast SEO plugin v27.4 - https:\/\/yoast.com\/product\/yoast-seo-wordpress\/ -->\n<title>The essence of AQUARIUS in a cup of tea - Narrat\u00e8 World<\/title>\n<meta name=\"robots\" content=\"index, follow, max-snippet:-1, max-image-preview:large, max-video-preview:-1\" \/>\n<link rel=\"canonical\" href=\"https:\/\/narrateworld.com\/en\/prodotto\/the-essence-of-aquarius-in-a-cup-of-tea\/\" \/>\n<meta property=\"og:locale\" content=\"en_US\" \/>\n<meta property=\"og:type\" content=\"article\" \/>\n<meta property=\"og:title\" content=\"The essence of AQUARIUS in a cup of tea - Narrat\u00e8 World\" \/>\n<meta property=\"og:description\" content=\"Un racconto inedito, epico e mitologico,\u00a0per cogliere e restituire con semplicit\u00e0 tutte le sfumature essenziali dell&#039;Aquario.\" \/>\n<meta property=\"og:url\" content=\"https:\/\/narrateworld.com\/en\/prodotto\/the-essence-of-aquarius-in-a-cup-of-tea\/\" \/>\n<meta property=\"og:site_name\" content=\"Narrat\u00e8 World\" \/>\n<meta property=\"article:publisher\" content=\"https:\/\/www.facebook.com\/narrateworld\" \/>\n<meta property=\"article:modified_time\" content=\"2024-05-16T08:06:23+00:00\" \/>\n<meta property=\"og:image\" content=\"https:\/\/narrateworld.com\/wp-content\/uploads\/2023\/07\/Narrate-Zodiaci-Essentiae-aquario-fronte.png\" \/>\n\t<meta property=\"og:image:width\" content=\"567\" \/>\n\t<meta property=\"og:image:height\" content=\"613\" \/>\n\t<meta property=\"og:image:type\" content=\"image\/png\" \/>\n<meta name=\"twitter:card\" content=\"summary_large_image\" \/>\n<meta name=\"twitter:site\" content=\"@narrateworld\" \/>\n<meta name=\"twitter:label1\" content=\"Est. reading time\" \/>\n\t<meta name=\"twitter:data1\" content=\"3 minutes\" \/>\n<script type=\"application\/ld+json\" class=\"yoast-schema-graph\">{\"@context\":\"https:\\\/\\\/schema.org\",\"@graph\":[{\"@type\":\"WebPage\",\"@id\":\"https:\\\/\\\/narrateworld.com\\\/en\\\/prodotto\\\/the-essence-of-aquarius-in-a-cup-of-tea\\\/\",\"url\":\"https:\\\/\\\/narrateworld.com\\\/en\\\/prodotto\\\/the-essence-of-aquarius-in-a-cup-of-tea\\\/\",\"name\":\"The essence of AQUARIUS in a cup of tea - Narrat\u00e8 World\",\"isPartOf\":{\"@id\":\"https:\\\/\\\/narrateworld.com\\\/en\\\/#website\"},\"primaryImageOfPage\":{\"@id\":\"https:\\\/\\\/narrateworld.com\\\/en\\\/prodotto\\\/the-essence-of-aquarius-in-a-cup-of-tea\\\/#primaryimage\"},\"image\":{\"@id\":\"https:\\\/\\\/narrateworld.com\\\/en\\\/prodotto\\\/the-essence-of-aquarius-in-a-cup-of-tea\\\/#primaryimage\"},\"thumbnailUrl\":\"https:\\\/\\\/narrateworld.com\\\/wp-content\\\/uploads\\\/2023\\\/07\\\/Narrate-Zodiaci-Essentiae-aquario-fronte.png\",\"datePublished\":\"2021-07-30T10:34:01+00:00\",\"dateModified\":\"2024-05-16T08:06:23+00:00\",\"breadcrumb\":{\"@id\":\"https:\\\/\\\/narrateworld.com\\\/en\\\/prodotto\\\/the-essence-of-aquarius-in-a-cup-of-tea\\\/#breadcrumb\"},\"inLanguage\":\"en-US\",\"potentialAction\":[{\"@type\":\"ReadAction\",\"target\":[\"https:\\\/\\\/narrateworld.com\\\/en\\\/prodotto\\\/the-essence-of-aquarius-in-a-cup-of-tea\\\/\"]}]},{\"@type\":\"ImageObject\",\"inLanguage\":\"en-US\",\"@id\":\"https:\\\/\\\/narrateworld.com\\\/en\\\/prodotto\\\/the-essence-of-aquarius-in-a-cup-of-tea\\\/#primaryimage\",\"url\":\"https:\\\/\\\/narrateworld.com\\\/wp-content\\\/uploads\\\/2023\\\/07\\\/Narrate-Zodiaci-Essentiae-aquario-fronte.png\",\"contentUrl\":\"https:\\\/\\\/narrateworld.com\\\/wp-content\\\/uploads\\\/2023\\\/07\\\/Narrate-Zodiaci-Essentiae-aquario-fronte.png\",\"width\":567,\"height\":613},{\"@type\":\"BreadcrumbList\",\"@id\":\"https:\\\/\\\/narrateworld.com\\\/en\\\/prodotto\\\/the-essence-of-aquarius-in-a-cup-of-tea\\\/#breadcrumb\",\"itemListElement\":[{\"@type\":\"ListItem\",\"position\":1,\"name\":\"Home\",\"item\":\"https:\\\/\\\/narrateworld.com\\\/en\\\/\"},{\"@type\":\"ListItem\",\"position\":2,\"name\":\"Shop\",\"item\":\"https:\\\/\\\/narrateworld.com\\\/en\\\/shop-en\\\/\"},{\"@type\":\"ListItem\",\"position\":3,\"name\":\"The essence of AQUARIUS in a cup of tea\"}]},{\"@type\":\"WebSite\",\"@id\":\"https:\\\/\\\/narrateworld.com\\\/en\\\/#website\",\"url\":\"https:\\\/\\\/narrateworld.com\\\/en\\\/\",\"name\":\"Narrat\u00e8 World\",\"description\":\"La lettura ha scoperto l&#039;acqua calda\",\"publisher\":{\"@id\":\"https:\\\/\\\/narrateworld.com\\\/en\\\/#organization\"},\"potentialAction\":[{\"@type\":\"SearchAction\",\"target\":{\"@type\":\"EntryPoint\",\"urlTemplate\":\"https:\\\/\\\/narrateworld.com\\\/en\\\/?s={search_term_string}\"},\"query-input\":{\"@type\":\"PropertyValueSpecification\",\"valueRequired\":true,\"valueName\":\"search_term_string\"}}],\"inLanguage\":\"en-US\"},{\"@type\":\"Organization\",\"@id\":\"https:\\\/\\\/narrateworld.com\\\/en\\\/#organization\",\"name\":\"Narrat\u00e8 World\",\"url\":\"https:\\\/\\\/narrateworld.com\\\/en\\\/\",\"logo\":{\"@type\":\"ImageObject\",\"inLanguage\":\"en-US\",\"@id\":\"https:\\\/\\\/narrateworld.com\\\/en\\\/#\\\/schema\\\/logo\\\/image\\\/\",\"url\":\"https:\\\/\\\/www.narrateworld.com\\\/wp-content\\\/uploads\\\/2024\\\/05\\\/logo-order-email-seller.png\",\"contentUrl\":\"https:\\\/\\\/www.narrateworld.com\\\/wp-content\\\/uploads\\\/2024\\\/05\\\/logo-order-email-seller.png\",\"width\":664,\"height\":124,\"caption\":\"Narrat\u00e8 World\"},\"image\":{\"@id\":\"https:\\\/\\\/narrateworld.com\\\/en\\\/#\\\/schema\\\/logo\\\/image\\\/\"},\"sameAs\":[\"https:\\\/\\\/www.facebook.com\\\/narrateworld\",\"https:\\\/\\\/x.com\\\/narrateworld\",\"https:\\\/\\\/instagram.com\\\/narrateworld\"]}]}<\/script>\n<!-- \/ Yoast SEO plugin. -->","yoast_head_json":{"title":"The essence of AQUARIUS in a cup of tea - Narrat\u00e8 World","robots":{"index":"index","follow":"follow","max-snippet":"max-snippet:-1","max-image-preview":"max-image-preview:large","max-video-preview":"max-video-preview:-1"},"canonical":"https:\/\/narrateworld.com\/en\/prodotto\/the-essence-of-aquarius-in-a-cup-of-tea\/","og_locale":"en_US","og_type":"article","og_title":"The essence of AQUARIUS in a cup of tea - Narrat\u00e8 World","og_description":"Un racconto inedito, epico e mitologico,\u00a0per cogliere e restituire con semplicit\u00e0 tutte le sfumature essenziali dell'Aquario.","og_url":"https:\/\/narrateworld.com\/en\/prodotto\/the-essence-of-aquarius-in-a-cup-of-tea\/","og_site_name":"Narrat\u00e8 World","article_publisher":"https:\/\/www.facebook.com\/narrateworld","article_modified_time":"2024-05-16T08:06:23+00:00","og_image":[{"width":567,"height":613,"url":"https:\/\/narrateworld.com\/wp-content\/uploads\/2023\/07\/Narrate-Zodiaci-Essentiae-aquario-fronte.png","type":"image\/png"}],"twitter_card":"summary_large_image","twitter_site":"@narrateworld","twitter_misc":{"Est. reading time":"3 minutes"},"schema":{"@context":"https:\/\/schema.org","@graph":[{"@type":"WebPage","@id":"https:\/\/narrateworld.com\/en\/prodotto\/the-essence-of-aquarius-in-a-cup-of-tea\/","url":"https:\/\/narrateworld.com\/en\/prodotto\/the-essence-of-aquarius-in-a-cup-of-tea\/","name":"The essence of AQUARIUS in a cup of tea - Narrat\u00e8 World","isPartOf":{"@id":"https:\/\/narrateworld.com\/en\/#website"},"primaryImageOfPage":{"@id":"https:\/\/narrateworld.com\/en\/prodotto\/the-essence-of-aquarius-in-a-cup-of-tea\/#primaryimage"},"image":{"@id":"https:\/\/narrateworld.com\/en\/prodotto\/the-essence-of-aquarius-in-a-cup-of-tea\/#primaryimage"},"thumbnailUrl":"https:\/\/narrateworld.com\/wp-content\/uploads\/2023\/07\/Narrate-Zodiaci-Essentiae-aquario-fronte.png","datePublished":"2021-07-30T10:34:01+00:00","dateModified":"2024-05-16T08:06:23+00:00","breadcrumb":{"@id":"https:\/\/narrateworld.com\/en\/prodotto\/the-essence-of-aquarius-in-a-cup-of-tea\/#breadcrumb"},"inLanguage":"en-US","potentialAction":[{"@type":"ReadAction","target":["https:\/\/narrateworld.com\/en\/prodotto\/the-essence-of-aquarius-in-a-cup-of-tea\/"]}]},{"@type":"ImageObject","inLanguage":"en-US","@id":"https:\/\/narrateworld.com\/en\/prodotto\/the-essence-of-aquarius-in-a-cup-of-tea\/#primaryimage","url":"https:\/\/narrateworld.com\/wp-content\/uploads\/2023\/07\/Narrate-Zodiaci-Essentiae-aquario-fronte.png","contentUrl":"https:\/\/narrateworld.com\/wp-content\/uploads\/2023\/07\/Narrate-Zodiaci-Essentiae-aquario-fronte.png","width":567,"height":613},{"@type":"BreadcrumbList","@id":"https:\/\/narrateworld.com\/en\/prodotto\/the-essence-of-aquarius-in-a-cup-of-tea\/#breadcrumb","itemListElement":[{"@type":"ListItem","position":1,"name":"Home","item":"https:\/\/narrateworld.com\/en\/"},{"@type":"ListItem","position":2,"name":"Shop","item":"https:\/\/narrateworld.com\/en\/shop-en\/"},{"@type":"ListItem","position":3,"name":"The essence of AQUARIUS in a cup of tea"}]},{"@type":"WebSite","@id":"https:\/\/narrateworld.com\/en\/#website","url":"https:\/\/narrateworld.com\/en\/","name":"Narrat\u00e8 World","description":"La lettura ha scoperto l&#039;acqua calda","publisher":{"@id":"https:\/\/narrateworld.com\/en\/#organization"},"potentialAction":[{"@type":"SearchAction","target":{"@type":"EntryPoint","urlTemplate":"https:\/\/narrateworld.com\/en\/?s={search_term_string}"},"query-input":{"@type":"PropertyValueSpecification","valueRequired":true,"valueName":"search_term_string"}}],"inLanguage":"en-US"},{"@type":"Organization","@id":"https:\/\/narrateworld.com\/en\/#organization","name":"Narrat\u00e8 World","url":"https:\/\/narrateworld.com\/en\/","logo":{"@type":"ImageObject","inLanguage":"en-US","@id":"https:\/\/narrateworld.com\/en\/#\/schema\/logo\/image\/","url":"https:\/\/www.narrateworld.com\/wp-content\/uploads\/2024\/05\/logo-order-email-seller.png","contentUrl":"https:\/\/www.narrateworld.com\/wp-content\/uploads\/2024\/05\/logo-order-email-seller.png","width":664,"height":124,"caption":"Narrat\u00e8 World"},"image":{"@id":"https:\/\/narrateworld.com\/en\/#\/schema\/logo\/image\/"},"sameAs":["https:\/\/www.facebook.com\/narrateworld","https:\/\/x.com\/narrateworld","https:\/\/instagram.com\/narrateworld"]}]}},"_links":{"self":[{"href":"https:\/\/narrateworld.com\/en\/wp-json\/wp\/v2\/product\/26152","targetHints":{"allow":["GET"]}}],"collection":[{"href":"https:\/\/narrateworld.com\/en\/wp-json\/wp\/v2\/product"}],"about":[{"href":"https:\/\/narrateworld.com\/en\/wp-json\/wp\/v2\/types\/product"}],"version-history":[{"count":6,"href":"https:\/\/narrateworld.com\/en\/wp-json\/wp\/v2\/product\/26152\/revisions"}],"predecessor-version":[{"id":33527,"href":"https:\/\/narrateworld.com\/en\/wp-json\/wp\/v2\/product\/26152\/revisions\/33527"}],"wp:featuredmedia":[{"embeddable":true,"href":"https:\/\/narrateworld.com\/en\/wp-json\/wp\/v2\/media\/24037"}],"wp:attachment":[{"href":"https:\/\/narrateworld.com\/en\/wp-json\/wp\/v2\/media?parent=26152"}],"wp:term":[{"taxonomy":"product_brand","embeddable":true,"href":"https:\/\/narrateworld.com\/en\/wp-json\/wp\/v2\/product_brand?post=26152"},{"taxonomy":"product_cat","embeddable":true,"href":"https:\/\/narrateworld.com\/en\/wp-json\/wp\/v2\/product_cat?post=26152"},{"taxonomy":"product_tag","embeddable":true,"href":"https:\/\/narrateworld.com\/en\/wp-json\/wp\/v2\/product_tag?post=26152"}],"curies":[{"name":"wp","href":"https:\/\/api.w.org\/{rel}","templated":true}]}}