{"id":26170,"date":"2021-07-29T17:34:31","date_gmt":"2021-07-29T15:34:31","guid":{"rendered":"https:\/\/www.narrateworld.com\/prodotto\/un-te-con-dante-alighieri\/"},"modified":"2024-05-11T17:38:53","modified_gmt":"2024-05-11T15:38:53","slug":"a-cup-of-tea-with-dante-alighieri","status":"publish","type":"product","link":"https:\/\/narrateworld.com\/en\/prodotto\/a-cup-of-tea-with-dante-alighieri\/","title":{"rendered":"A cup of tea with Dante Alighieri"},"content":{"rendered":"\t\t<div data-elementor-type=\"wp-post\" data-elementor-id=\"26170\" class=\"elementor elementor-26170 elementor-17014\">\n\t\t\t\t\t\t<section class=\"wd-negative-gap elementor-section elementor-top-section elementor-element elementor-element-79752fbe wd-section-stretch elementor-section-content-top elementor-section-boxed elementor-section-height-default elementor-section-height-default\" data-id=\"79752fbe\" data-element_type=\"section\" data-settings=\"{&quot;background_background&quot;:&quot;classic&quot;}\">\n\t\t\t\t\t\t<div class=\"elementor-container elementor-column-gap-extended\">\n\t\t\t\t\t<div class=\"elementor-column elementor-col-50 elementor-top-column elementor-element elementor-element-2af8c87b\" data-id=\"2af8c87b\" data-element_type=\"column\">\n\t\t\t<div class=\"elementor-widget-wrap elementor-element-populated\">\n\t\t\t\t\t\t<div class=\"elementor-element elementor-element-34e43d1 elementor-widget elementor-widget-wd_text_block\" data-id=\"34e43d1\" data-element_type=\"widget\" data-widget_type=\"wd_text_block.default\">\n\t\t\t\t<div class=\"elementor-widget-container\">\n\t\t\t\t\t<div class=\"wd-text-block reset-last-child text-left\">\n\t\t\t\n\t\t\t<h3><span style=\"color: #c7317c;\"><strong><span style=\"color: #e6c279;\">UN T\u00c8 CON DANTE ALIGHIERI<\/span><\/strong><\/span><\/h3><p>Cosa ci direbbe il sommo Poeta, se avessimo l'occasione di starcene seduti accanto a lui per cinque minuti, in attesa dell'infusione? Da qui origina il racconto che Angelo Chiaretti ci propone, inedito, ricco di aneddoti sconosciuti ai pi\u00f9 e in soggettiva come se a parlare fosse proprio Dante. <strong>Vuoi perderti l'occasione di prendere Un t\u00e8 con Dante Alighieri?<\/strong><\/p><p><span style=\"color: #e6c279;\"><strong>NEW BLEND<br \/><\/strong><\/span><strong>T\u00e8 nero Darjeeling* | Rosmarino* | Ibisco* | Malva* | Anice stellato* | Rosa petali* | Zenzero* | Alloro* -<\/strong> * da agricoltura biologica<\/p><p style=\"text-align: center;\"><img decoding=\"async\" class=\"alignnone wp-image-17017 size-full\" src=\"https:\/\/www.narrateworld.com\/wp-content\/uploads\/2023\/07\/un-te-con-Dante-ingredienti-1.png\" alt=\"\" width=\"400\" height=\"57\" srcset=\"https:\/\/narrateworld.com\/wp-content\/uploads\/2023\/07\/un-te-con-Dante-ingredienti-1.png 400w, https:\/\/narrateworld.com\/wp-content\/uploads\/2023\/07\/un-te-con-Dante-ingredienti-1-150x21.png 150w\" sizes=\"(max-width: 400px) 100vw, 400px\" \/><\/p><p><span style=\"color: #e6c279;\"><strong>TESTO<br \/><\/strong><\/span>Un racconto inedito di circa 5 min. di lettura, equivalenti al tempo necessario all\u2019infusione, per cogliere e restituire con semplicit\u00e0 l\u2019essenza del Sommo Poeta.<\/p><p><strong><span style=\"color: #c7317c;\"><span style=\"color: #e6c279;\">CARATTERISTICHE TECNICHE<\/span><br \/><\/span><\/strong><strong>Libretto:<\/strong> Dim. 9 x 10 x 0,6 cm (chiuso), cover con stampa in fluo e argento metallico.\u00a024 facciate stampate in offset su carta riciclata + 2 bianche. Doppia rilegatura a 2\u00a0punti metallici e incollatura. Assemblato a mano con amore in Italia. Chiusura con\u00a0bollino adesivo di garanzia e indicazione data di scadenza.<\/p><p><strong>Filtro confezionato a mano:<br \/><\/strong>La formulazione, miscelazione, insacchettamento e confezionamento nel sacchetto salva aroma, del blend avvengono manualmente in una piccola azienda agricola piemontese. Il taglio degli ingredienti contenuti \u00e8 quello \u201ctisana\u201d che consente la migliore infusione possibile. Per questo abbiamo scelto di utilizzare t\u00e8 biologici di alta qualit\u00e0, in confezioni monodose, prodotte e confezionate una a una, a mano, in Italia con qualit\u00e0 e costi non paragonabili a quelle prodotte industrialmente. Una scelta che aiuta a garantire la giusta retribuzione lavorativa e un incentivo all\u2019economia territoriale dell\u2019eccellenza agroalimentare italiana. Infine non abbiamo voluto aggiungere filo e pendulino al filtro per non dover impiegare ulteriori elementi di raccordo (con potenziali micro inquinanti) cos\u00ec da salvaguardare al massimo le propriet\u00e0 aromatiche e organolettiche dell\u2019infuso.<br \/>Contiene 2 grammi di miscela biologica di alta qualit\u00e0, certificata ICEA. Tempo d\u2019infusione: 5 minuti. Validit\u00e0 3 anni dall\u2019imbustamento. Confezionata in un sacchetto protettivo monodose termosaldato in plastica per alimenti 6 x 8,5 x 0,15 cm.<\/p><p><strong>Prezzo al pubblico \u20ac 6,90 | ISBN 9788885507036<\/strong><\/p><p>l<\/p>\n\t\t\t\t\t<\/div>\n\t\t\t\t<\/div>\n\t\t\t\t<\/div>\n\t\t\t\t\t<\/div>\n\t\t<\/div>\n\t\t\t\t<div class=\"elementor-column elementor-col-50 elementor-top-column elementor-element elementor-element-5471f06f\" data-id=\"5471f06f\" data-element_type=\"column\">\n\t\t\t<div class=\"elementor-widget-wrap elementor-element-populated\">\n\t\t\t\t\t\t<div class=\"elementor-element elementor-element-0784455 elementor-widget elementor-widget-wd_accordion\" data-id=\"0784455\" data-element_type=\"widget\" data-widget_type=\"wd_accordion.default\">\n\t\t\t\t<div class=\"elementor-widget-container\">\n\t\t\t\n\t\t<div class=\"wd-accordion wd-style-default\" data-state=\"first\">\n\t\t\t\t\t\t\t\n\t\t\t\t<div class=\"wd-accordion-item\">\n\t\t\t\t\t<div class=\"wd-accordion-title wd-active text-left wd-opener-pos-left\" data-accordion-index=\"0\">\n\t\t\t\t\t\t<div class=\"wd-accordion-title-text\">\n\t\t\t\t\t\t\t\t\t\t\t\t\t\t<span>\n\t\t\t\t\t\t\t\tIl Blend DANTE\t\t\t\t\t\t\t<\/span>\n\t\t\t\t\t\t<\/div>\n\t\t\t\t\t\t<span class=\"wd-accordion-opener wd-opener-style-arrow\"><\/span>\n\t\t\t\t\t<\/div>\n\n\t\t\t\t\t<div class=\"wd-accordion-content reset-last-child wd-active\" data-accordion-index=\"0\">\n\t\t\t\t\t\t\t\t\t\t\t\t\t\n\t\t\t\t\t\t\t<p>\u00c8 basato sul blend Firenze (<em>T\u00e8 nero Darjeeling* | Malva foglie e fiori* | Rosmarino* | Ibisco* | Zenzero*<\/em>), al quale abbiamo aggiunto la\u00a0<strong>Rosa<\/strong>\u00a0- simbolo dell\u2019amore, tema fondamentale per il Poeta - l\u2019<strong>Anice stellato<\/strong>, l\u2019unica spezia a forma di stella, in quanto nella sua opera pi\u00f9 importante, la Divina Commedia, le stelle rappresentano un riferimento importante: all\u2019uscita dall\u2019inferno\u00a0<em>\u201c[...] uscimmo a riveder le stelle\u201d<\/em>\u00a0e alla fine del poema\u00a0<em>\u201c[...] l\u2019amor che move il cielo e l\u2019altre stelle.\u201d<\/em>. Infine l\u2019<strong>Alloro<\/strong>, Dante viene sempre raffigurato con la testa cinta da una corona di foglie di questa pianta che simboleggia la gloria e l'immortalit\u00e0.<\/p>\n\t\t\t\t\t\t\t\t\t\t\t\t\t\t\t\t\t\t<\/div>\n\t\t\t\t<\/div>\n\t\t\t\t\t\t\t\n\t\t\t\t<div class=\"wd-accordion-item\">\n\t\t\t\t\t<div class=\"wd-accordion-title text-left wd-opener-pos-left\" data-accordion-index=\"1\">\n\t\t\t\t\t\t<div class=\"wd-accordion-title-text\">\n\t\t\t\t\t\t\t\t\t\t\t\t\t\t<span>\n\t\t\t\t\t\t\t\tL&#039;autore | Angelo CHIARETTI\t\t\t\t\t\t\t<\/span>\n\t\t\t\t\t\t<\/div>\n\t\t\t\t\t\t<span class=\"wd-accordion-opener wd-opener-style-arrow\"><\/span>\n\t\t\t\t\t<\/div>\n\n\t\t\t\t\t<div class=\"wd-accordion-content reset-last-child\" data-accordion-index=\"1\">\n\t\t\t\t\t\t\t\t\t\t\t\t\t\n\t\t\t\t\t\t\t<p>Classe 1949, laureato in Pedagogia presso l\u2019Universit\u00e0 degli Studi di Urbino \u00e8 Presidente del\u00a0<em>Centro Studi Danteschi S.Gregorio in Conca<\/em>. Commendatore della Repubblica Italiana per meriti culturali. <span style=\"text-decoration: underline; color: #777777;\"><strong><a style=\"color: #777777; text-decoration: underline;\" href=\"https:\/\/www.narrateworld.com\/en\/autori\/angelo-chiaretti\/\" target=\"_blank\" rel=\"noopener\">Angelo Chiaretti<\/a><\/strong><\/span> ha pubblicato numerosi libri e studi circa la vita e le opere dell\u2019Alighieri, tenendo conferenze e stage su temi danteschi in Italia ed all\u2019estero per conto di Istituzioni Pubbliche ed Associazioni.<\/p>\n\t\t\t\t\t\t\t\t\t\t\t\t\t\t\t\t\t\t<\/div>\n\t\t\t\t<\/div>\n\t\t\t\t\t\t\t\n\t\t\t\t<div class=\"wd-accordion-item\">\n\t\t\t\t\t<div class=\"wd-accordion-title text-left wd-opener-pos-left\" data-accordion-index=\"2\">\n\t\t\t\t\t\t<div class=\"wd-accordion-title-text\">\n\t\t\t\t\t\t\t\t\t\t\t\t\t\t<span>\n\t\t\t\t\t\t\t\tRicarica DANTE\t\t\t\t\t\t\t<\/span>\n\t\t\t\t\t\t<\/div>\n\t\t\t\t\t\t<span class=\"wd-accordion-opener wd-opener-style-arrow\"><\/span>\n\t\t\t\t\t<\/div>\n\n\t\t\t\t\t<div class=\"wd-accordion-content reset-last-child\" data-accordion-index=\"2\">\n\t\t\t\t\t\t\t\t\t\t\t\t\t\n\t\t\t\t\t\t\t<div><p>Con il nuovo sistema di ricarica del Narrat\u00e8 \u00ae BIO, <a href=\"https:\/\/www.narrateworld.com\/en\/prodotto\/ricarica-dante\/\" target=\"_blank\" rel=\"noopener\"><strong><span style=\"color: #e6c279;\">acquistando la relativa confezione da 5 filtri<\/span><\/strong><\/a>, avrai sempre la possibilit\u00e0 di sostituire la tea bag usata con un filtro nuovo e il Narrat\u00e8\u00ae sar\u00e0 pronto per essere offerto, prestato o gustato ancora.<\/p><p><img decoding=\"async\" class=\"\" src=\"https:\/\/www.narrateworld.com\/wp-content\/uploads\/2023\/01\/Narrate-Sistema-ricarica-filtro-1.png\" alt=\"\" width=\"201\" height=\"103\" \/><\/p><\/div>\n\t\t\t\t\t\t\t\t\t\t\t\t\t\t\t\t\t\t<\/div>\n\t\t\t\t<\/div>\n\t\t\t\t\t<\/div>\n\t\t\t\t<\/div>\n\t\t\t\t<\/div>\n\t\t\t\t<div class=\"elementor-element elementor-element-2d6609b elementor-widget elementor-widget-wd_image_or_svg\" data-id=\"2d6609b\" data-element_type=\"widget\" data-widget_type=\"wd_image_or_svg.default\">\n\t\t\t\t<div class=\"elementor-widget-container\">\n\t\t\t\n\t\t<div class=\"wd-image text-left\">\n\t\t\t\t\t\t\t\t<img fetchpriority=\"high\" decoding=\"async\" width=\"900\" height=\"900\" src=\"https:\/\/narrateworld.com\/wp-content\/uploads\/2023\/07\/Narrapeople-Dante-presentazione.png\" class=\"attachment-full size-full\" alt=\"\" srcset=\"https:\/\/narrateworld.com\/wp-content\/uploads\/2023\/07\/Narrapeople-Dante-presentazione.png 900w, https:\/\/narrateworld.com\/wp-content\/uploads\/2023\/07\/Narrapeople-Dante-presentazione-430x430.png 430w, https:\/\/narrateworld.com\/wp-content\/uploads\/2023\/07\/Narrapeople-Dante-presentazione-150x150.png 150w, https:\/\/narrateworld.com\/wp-content\/uploads\/2023\/07\/Narrapeople-Dante-presentazione-700x700.png 700w, https:\/\/narrateworld.com\/wp-content\/uploads\/2023\/07\/Narrapeople-Dante-presentazione-300x300.png 300w, https:\/\/narrateworld.com\/wp-content\/uploads\/2023\/07\/Narrapeople-Dante-presentazione-800x800.png 800w, https:\/\/narrateworld.com\/wp-content\/uploads\/2023\/07\/Narrapeople-Dante-presentazione-768x768.png 768w, https:\/\/narrateworld.com\/wp-content\/uploads\/2023\/07\/Narrapeople-Dante-presentazione-860x860.png 860w\" sizes=\"(max-width: 900px) 100vw, 900px\" \/>\t\t\t\t\t<\/div>\n\n\t\t\t\t<\/div>\n\t\t\t\t<\/div>\n\t\t\t\t\t<\/div>\n\t\t<\/div>\n\t\t\t\t\t<\/div>\n\t\t<\/section>\n\t\t\t\t<\/div>\n\t\t","protected":false},"excerpt":{"rendered":"<p>Cosa ci direbbe il sommo Poeta, se avessimo l&#8217;occasione di starcene seduti accanto a lui per cinque minuti, in attesa dell&#8217;infusione?<\/p>\n","protected":false},"featured_media":23990,"template":"","meta":[],"product_brand":[],"product_cat":[216],"product_tag":[],"class_list":{"0":"post-26170","1":"product","2":"type-product","3":"status-publish","4":"has-post-thumbnail","6":"product_cat-narra-people-en","8":"first","9":"instock","10":"taxable","11":"shipping-taxable","12":"purchasable","13":"product-type-simple"},"yoast_head":"<!-- This site is optimized with the Yoast SEO plugin v27.5 - https:\/\/yoast.com\/product\/yoast-seo-wordpress\/ -->\n<title>A cup of tea with Dante Alighieri - Narrat\u00e8 World<\/title>\n<meta name=\"robots\" content=\"index, follow, max-snippet:-1, max-image-preview:large, max-video-preview:-1\" \/>\n<link rel=\"canonical\" href=\"https:\/\/narrateworld.com\/en\/prodotto\/a-cup-of-tea-with-dante-alighieri\/\" \/>\n<meta property=\"og:locale\" content=\"en_US\" \/>\n<meta property=\"og:type\" content=\"article\" \/>\n<meta property=\"og:title\" content=\"A cup of tea with Dante Alighieri - Narrat\u00e8 World\" \/>\n<meta property=\"og:description\" content=\"Cosa ci direbbe il sommo Poeta, se avessimo l&#039;occasione di starcene seduti accanto a lui per cinque minuti, in attesa dell&#039;infusione?\" \/>\n<meta property=\"og:url\" content=\"https:\/\/narrateworld.com\/en\/prodotto\/a-cup-of-tea-with-dante-alighieri\/\" \/>\n<meta property=\"og:site_name\" content=\"Narrat\u00e8 World\" \/>\n<meta property=\"article:publisher\" content=\"https:\/\/www.facebook.com\/narrateworld\" \/>\n<meta property=\"article:modified_time\" content=\"2024-05-11T15:38:53+00:00\" \/>\n<meta property=\"og:image\" content=\"https:\/\/narrateworld.com\/wp-content\/uploads\/2023\/07\/Narrapeople-Dante-fronte.png\" \/>\n\t<meta property=\"og:image:width\" content=\"567\" \/>\n\t<meta property=\"og:image:height\" content=\"613\" \/>\n\t<meta property=\"og:image:type\" content=\"image\/png\" \/>\n<meta name=\"twitter:card\" content=\"summary_large_image\" \/>\n<meta name=\"twitter:site\" content=\"@narrateworld\" \/>\n<meta name=\"twitter:label1\" content=\"Est. reading time\" \/>\n\t<meta name=\"twitter:data1\" content=\"4 minutes\" \/>\n<script type=\"application\/ld+json\" class=\"yoast-schema-graph\">{\"@context\":\"https:\\\/\\\/schema.org\",\"@graph\":[{\"@type\":\"WebPage\",\"@id\":\"https:\\\/\\\/narrateworld.com\\\/en\\\/prodotto\\\/a-cup-of-tea-with-dante-alighieri\\\/\",\"url\":\"https:\\\/\\\/narrateworld.com\\\/en\\\/prodotto\\\/a-cup-of-tea-with-dante-alighieri\\\/\",\"name\":\"A cup of tea with Dante Alighieri - Narrat\u00e8 World\",\"isPartOf\":{\"@id\":\"https:\\\/\\\/narrateworld.com\\\/en\\\/#website\"},\"primaryImageOfPage\":{\"@id\":\"https:\\\/\\\/narrateworld.com\\\/en\\\/prodotto\\\/a-cup-of-tea-with-dante-alighieri\\\/#primaryimage\"},\"image\":{\"@id\":\"https:\\\/\\\/narrateworld.com\\\/en\\\/prodotto\\\/a-cup-of-tea-with-dante-alighieri\\\/#primaryimage\"},\"thumbnailUrl\":\"https:\\\/\\\/narrateworld.com\\\/wp-content\\\/uploads\\\/2023\\\/07\\\/Narrapeople-Dante-fronte.png\",\"datePublished\":\"2021-07-29T15:34:31+00:00\",\"dateModified\":\"2024-05-11T15:38:53+00:00\",\"breadcrumb\":{\"@id\":\"https:\\\/\\\/narrateworld.com\\\/en\\\/prodotto\\\/a-cup-of-tea-with-dante-alighieri\\\/#breadcrumb\"},\"inLanguage\":\"en-US\",\"potentialAction\":[{\"@type\":\"ReadAction\",\"target\":[\"https:\\\/\\\/narrateworld.com\\\/en\\\/prodotto\\\/a-cup-of-tea-with-dante-alighieri\\\/\"]}]},{\"@type\":\"ImageObject\",\"inLanguage\":\"en-US\",\"@id\":\"https:\\\/\\\/narrateworld.com\\\/en\\\/prodotto\\\/a-cup-of-tea-with-dante-alighieri\\\/#primaryimage\",\"url\":\"https:\\\/\\\/narrateworld.com\\\/wp-content\\\/uploads\\\/2023\\\/07\\\/Narrapeople-Dante-fronte.png\",\"contentUrl\":\"https:\\\/\\\/narrateworld.com\\\/wp-content\\\/uploads\\\/2023\\\/07\\\/Narrapeople-Dante-fronte.png\",\"width\":567,\"height\":613},{\"@type\":\"BreadcrumbList\",\"@id\":\"https:\\\/\\\/narrateworld.com\\\/en\\\/prodotto\\\/a-cup-of-tea-with-dante-alighieri\\\/#breadcrumb\",\"itemListElement\":[{\"@type\":\"ListItem\",\"position\":1,\"name\":\"Home\",\"item\":\"https:\\\/\\\/narrateworld.com\\\/en\\\/\"},{\"@type\":\"ListItem\",\"position\":2,\"name\":\"Shop\",\"item\":\"https:\\\/\\\/narrateworld.com\\\/en\\\/shop-en\\\/\"},{\"@type\":\"ListItem\",\"position\":3,\"name\":\"A cup of tea with Dante Alighieri\"}]},{\"@type\":\"WebSite\",\"@id\":\"https:\\\/\\\/narrateworld.com\\\/en\\\/#website\",\"url\":\"https:\\\/\\\/narrateworld.com\\\/en\\\/\",\"name\":\"Narrat\u00e8 World\",\"description\":\"La lettura ha scoperto l&#039;acqua calda\",\"publisher\":{\"@id\":\"https:\\\/\\\/narrateworld.com\\\/en\\\/#organization\"},\"potentialAction\":[{\"@type\":\"SearchAction\",\"target\":{\"@type\":\"EntryPoint\",\"urlTemplate\":\"https:\\\/\\\/narrateworld.com\\\/en\\\/?s={search_term_string}\"},\"query-input\":{\"@type\":\"PropertyValueSpecification\",\"valueRequired\":true,\"valueName\":\"search_term_string\"}}],\"inLanguage\":\"en-US\"},{\"@type\":\"Organization\",\"@id\":\"https:\\\/\\\/narrateworld.com\\\/en\\\/#organization\",\"name\":\"Narrat\u00e8 World\",\"url\":\"https:\\\/\\\/narrateworld.com\\\/en\\\/\",\"logo\":{\"@type\":\"ImageObject\",\"inLanguage\":\"en-US\",\"@id\":\"https:\\\/\\\/narrateworld.com\\\/en\\\/#\\\/schema\\\/logo\\\/image\\\/\",\"url\":\"https:\\\/\\\/www.narrateworld.com\\\/wp-content\\\/uploads\\\/2024\\\/05\\\/logo-order-email-seller.png\",\"contentUrl\":\"https:\\\/\\\/www.narrateworld.com\\\/wp-content\\\/uploads\\\/2024\\\/05\\\/logo-order-email-seller.png\",\"width\":664,\"height\":124,\"caption\":\"Narrat\u00e8 World\"},\"image\":{\"@id\":\"https:\\\/\\\/narrateworld.com\\\/en\\\/#\\\/schema\\\/logo\\\/image\\\/\"},\"sameAs\":[\"https:\\\/\\\/www.facebook.com\\\/narrateworld\",\"https:\\\/\\\/x.com\\\/narrateworld\",\"https:\\\/\\\/instagram.com\\\/narrateworld\"]}]}<\/script>\n<!-- \/ Yoast SEO plugin. -->","yoast_head_json":{"title":"A cup of tea with Dante Alighieri - Narrat\u00e8 World","robots":{"index":"index","follow":"follow","max-snippet":"max-snippet:-1","max-image-preview":"max-image-preview:large","max-video-preview":"max-video-preview:-1"},"canonical":"https:\/\/narrateworld.com\/en\/prodotto\/a-cup-of-tea-with-dante-alighieri\/","og_locale":"en_US","og_type":"article","og_title":"A cup of tea with Dante Alighieri - Narrat\u00e8 World","og_description":"Cosa ci direbbe il sommo Poeta, se avessimo l'occasione di starcene seduti accanto a lui per cinque minuti, in attesa dell'infusione?","og_url":"https:\/\/narrateworld.com\/en\/prodotto\/a-cup-of-tea-with-dante-alighieri\/","og_site_name":"Narrat\u00e8 World","article_publisher":"https:\/\/www.facebook.com\/narrateworld","article_modified_time":"2024-05-11T15:38:53+00:00","og_image":[{"width":567,"height":613,"url":"https:\/\/narrateworld.com\/wp-content\/uploads\/2023\/07\/Narrapeople-Dante-fronte.png","type":"image\/png"}],"twitter_card":"summary_large_image","twitter_site":"@narrateworld","twitter_misc":{"Est. reading time":"4 minutes"},"schema":{"@context":"https:\/\/schema.org","@graph":[{"@type":"WebPage","@id":"https:\/\/narrateworld.com\/en\/prodotto\/a-cup-of-tea-with-dante-alighieri\/","url":"https:\/\/narrateworld.com\/en\/prodotto\/a-cup-of-tea-with-dante-alighieri\/","name":"A cup of tea with Dante Alighieri - Narrat\u00e8 World","isPartOf":{"@id":"https:\/\/narrateworld.com\/en\/#website"},"primaryImageOfPage":{"@id":"https:\/\/narrateworld.com\/en\/prodotto\/a-cup-of-tea-with-dante-alighieri\/#primaryimage"},"image":{"@id":"https:\/\/narrateworld.com\/en\/prodotto\/a-cup-of-tea-with-dante-alighieri\/#primaryimage"},"thumbnailUrl":"https:\/\/narrateworld.com\/wp-content\/uploads\/2023\/07\/Narrapeople-Dante-fronte.png","datePublished":"2021-07-29T15:34:31+00:00","dateModified":"2024-05-11T15:38:53+00:00","breadcrumb":{"@id":"https:\/\/narrateworld.com\/en\/prodotto\/a-cup-of-tea-with-dante-alighieri\/#breadcrumb"},"inLanguage":"en-US","potentialAction":[{"@type":"ReadAction","target":["https:\/\/narrateworld.com\/en\/prodotto\/a-cup-of-tea-with-dante-alighieri\/"]}]},{"@type":"ImageObject","inLanguage":"en-US","@id":"https:\/\/narrateworld.com\/en\/prodotto\/a-cup-of-tea-with-dante-alighieri\/#primaryimage","url":"https:\/\/narrateworld.com\/wp-content\/uploads\/2023\/07\/Narrapeople-Dante-fronte.png","contentUrl":"https:\/\/narrateworld.com\/wp-content\/uploads\/2023\/07\/Narrapeople-Dante-fronte.png","width":567,"height":613},{"@type":"BreadcrumbList","@id":"https:\/\/narrateworld.com\/en\/prodotto\/a-cup-of-tea-with-dante-alighieri\/#breadcrumb","itemListElement":[{"@type":"ListItem","position":1,"name":"Home","item":"https:\/\/narrateworld.com\/en\/"},{"@type":"ListItem","position":2,"name":"Shop","item":"https:\/\/narrateworld.com\/en\/shop-en\/"},{"@type":"ListItem","position":3,"name":"A cup of tea with Dante Alighieri"}]},{"@type":"WebSite","@id":"https:\/\/narrateworld.com\/en\/#website","url":"https:\/\/narrateworld.com\/en\/","name":"Narrat\u00e8 World","description":"La lettura ha scoperto l&#039;acqua calda","publisher":{"@id":"https:\/\/narrateworld.com\/en\/#organization"},"potentialAction":[{"@type":"SearchAction","target":{"@type":"EntryPoint","urlTemplate":"https:\/\/narrateworld.com\/en\/?s={search_term_string}"},"query-input":{"@type":"PropertyValueSpecification","valueRequired":true,"valueName":"search_term_string"}}],"inLanguage":"en-US"},{"@type":"Organization","@id":"https:\/\/narrateworld.com\/en\/#organization","name":"Narrat\u00e8 World","url":"https:\/\/narrateworld.com\/en\/","logo":{"@type":"ImageObject","inLanguage":"en-US","@id":"https:\/\/narrateworld.com\/en\/#\/schema\/logo\/image\/","url":"https:\/\/www.narrateworld.com\/wp-content\/uploads\/2024\/05\/logo-order-email-seller.png","contentUrl":"https:\/\/www.narrateworld.com\/wp-content\/uploads\/2024\/05\/logo-order-email-seller.png","width":664,"height":124,"caption":"Narrat\u00e8 World"},"image":{"@id":"https:\/\/narrateworld.com\/en\/#\/schema\/logo\/image\/"},"sameAs":["https:\/\/www.facebook.com\/narrateworld","https:\/\/x.com\/narrateworld","https:\/\/instagram.com\/narrateworld"]}]}},"_links":{"self":[{"href":"https:\/\/narrateworld.com\/en\/wp-json\/wp\/v2\/product\/26170","targetHints":{"allow":["GET"]}}],"collection":[{"href":"https:\/\/narrateworld.com\/en\/wp-json\/wp\/v2\/product"}],"about":[{"href":"https:\/\/narrateworld.com\/en\/wp-json\/wp\/v2\/types\/product"}],"version-history":[{"count":4,"href":"https:\/\/narrateworld.com\/en\/wp-json\/wp\/v2\/product\/26170\/revisions"}],"predecessor-version":[{"id":33167,"href":"https:\/\/narrateworld.com\/en\/wp-json\/wp\/v2\/product\/26170\/revisions\/33167"}],"wp:featuredmedia":[{"embeddable":true,"href":"https:\/\/narrateworld.com\/en\/wp-json\/wp\/v2\/media\/23990"}],"wp:attachment":[{"href":"https:\/\/narrateworld.com\/en\/wp-json\/wp\/v2\/media?parent=26170"}],"wp:term":[{"taxonomy":"product_brand","embeddable":true,"href":"https:\/\/narrateworld.com\/en\/wp-json\/wp\/v2\/product_brand?post=26170"},{"taxonomy":"product_cat","embeddable":true,"href":"https:\/\/narrateworld.com\/en\/wp-json\/wp\/v2\/product_cat?post=26170"},{"taxonomy":"product_tag","embeddable":true,"href":"https:\/\/narrateworld.com\/en\/wp-json\/wp\/v2\/product_tag?post=26170"}],"curies":[{"name":"wp","href":"https:\/\/api.w.org\/{rel}","templated":true}]}}