{"id":26178,"date":"2021-07-30T12:35:20","date_gmt":"2021-07-30T10:35:20","guid":{"rendered":"https:\/\/www.narrateworld.com\/prodotto\/lessenza-dei-pesci-in-un-te\/"},"modified":"2024-05-16T10:04:22","modified_gmt":"2024-05-16T08:04:22","slug":"the-essence-of-pisces-in-a-cup-of-tea","status":"publish","type":"product","link":"https:\/\/narrateworld.com\/en\/prodotto\/the-essence-of-pisces-in-a-cup-of-tea\/","title":{"rendered":"The essence of PISCES in a cup of tea"},"content":{"rendered":"\t\t<div data-elementor-type=\"wp-post\" data-elementor-id=\"26178\" class=\"elementor elementor-26178 elementor-16856\">\n\t\t\t\t\t\t<section class=\"wd-negative-gap elementor-section elementor-top-section elementor-element elementor-element-79752fbe wd-section-stretch elementor-section-content-top elementor-section-boxed elementor-section-height-default elementor-section-height-default\" data-id=\"79752fbe\" data-element_type=\"section\" data-settings=\"{&quot;background_background&quot;:&quot;classic&quot;}\">\n\t\t\t\t\t\t<div class=\"elementor-container elementor-column-gap-extended\">\n\t\t\t\t\t<div class=\"elementor-column elementor-col-50 elementor-top-column elementor-element elementor-element-2af8c87b\" data-id=\"2af8c87b\" data-element_type=\"column\">\n\t\t\t<div class=\"elementor-widget-wrap elementor-element-populated\">\n\t\t\t\t\t\t<div class=\"elementor-element elementor-element-34e43d1 elementor-widget elementor-widget-wd_text_block\" data-id=\"34e43d1\" data-element_type=\"widget\" data-widget_type=\"wd_text_block.default\">\n\t\t\t\t<div class=\"elementor-widget-container\">\n\t\t\t\t\t<div class=\"wd-text-block reset-last-child text-left\">\n\t\t\t\n\t\t\t<h3><span style=\"color: #dda7c2;\">L'ESSENZA<strong> DEI PESCI IN UN T\u00c8<\/strong><\/span><\/h3><p><strong><span style=\"color: #dda7c2;\">BLEND<br \/><\/span><\/strong>L\u2019inedito blend dei Pesci, dal sapore\u00a0<em>intenso<\/em>\u00a0e\u00a0<em>positivo<\/em>, \u00e8 una raffinata miscela composta da:<strong>T\u00e8 nero Darjeeling* | T\u00e8 verde Jasmin* | Rosa canina* | Fragola* | Lavanda* | Malva*<\/strong>. - * da agricoltura biologica.<\/p><p style=\"text-align: center;\"><img decoding=\"async\" class=\"alignnone wp-image-17156 size-full\" src=\"https:\/\/www.narrateworld.com\/wp-content\/uploads\/2023\/07\/Narrate-zodiaci-essentiae-pesci-ingredienti.png\" alt=\"\" width=\"400\" height=\"57\" srcset=\"https:\/\/narrateworld.com\/wp-content\/uploads\/2023\/07\/Narrate-zodiaci-essentiae-pesci-ingredienti.png 400w, https:\/\/narrateworld.com\/wp-content\/uploads\/2023\/07\/Narrate-zodiaci-essentiae-pesci-ingredienti-150x21.png 150w\" sizes=\"(max-width: 400px) 100vw, 400px\" \/><\/p><p><strong><span style=\"color: #dda7c2;\">TESTO<br \/><\/span><\/strong>Un racconto inedito, epico e mitologico, di circa 5 min. di lettura, equivalenti al tempo necessario all\u2019infusione. Scritto da <span style=\"text-decoration: underline; color: #777777;\"><strong><span style=\"text-decoration: underline;\"><a style=\"color: #777777; text-decoration: underline;\" href=\"https:\/\/www.oroscopodelmese.it\/chi-sono-astrologa-irene-zanier\/\" target=\"_blank\" rel=\"noopener\">Irene Zanier<\/a><\/span><\/strong><\/span> per cogliere e restituire con semplicit\u00e0 tutte le sfumature essenziali dei <strong>Pesci.<\/strong> Un vero e proprio <em>T\u00e8 stellare.<\/em> In due lingue (ITA\/ENG)<\/p><p><strong><span style=\"color: #dda7c2;\">CARATTERISTICHE TECNICHE<br \/><\/span><\/strong><strong>Libretto:<\/strong> Dim. 9 x 10 x 0,6 cm (chiuso), cover con stampa in fluo e argento metallico. 24 facciate stampate in offset su carta riciclata + 2 fogli di \u201cguardia\u201d bianchi. Doppia rilegatura a 2 punti metallici e incollatura. Assemblato a mano con amore, in Italia. Chiusura con bollino adesivo di garanzia contenente l\u2019indicazione lotto e data di scadenza.<\/p><p><strong>Filtro confezionato a mano:\u00a0<\/strong>Contiene 2 grammi di miscela di alta qualit\u00e0 con ingredienti biologici. Validit\u00e0 3 anni dall\u2019imbustamento. Confezionato in un sacchetto protettivo monodose termosaldato in plastica per alimenti.<\/p><p><strong><span style=\"color: #dda7c2;\">CONTENUTI SPECIALI<br \/><\/span><\/strong>A partire dall\u2019audio racconto interpretato magnificamente da Eleonora De Angelis di <span style=\"text-decoration: underline; color: #777777;\"><strong><a style=\"color: #777777; text-decoration: underline;\" href=\"https:\/\/www.vixvocal.it\" target=\"_blank\" rel=\"noopener\">Vixvocal<\/a><\/strong><\/span>, voce italiana di Jennifer Aniston, il qrcode stampato all'interno del Narrat\u00e8\u00ae consente di accedere a una serie di contenuti multimediali costruiti ad hoc per ogni segno: dalle curiosit\u00e0, all'oroscopo del mese, fino alla possibilit\u00e0 di accedere a consulenze personalizzate<\/p><p><strong>Prezzo al pubblico \u20ac 6,90 | ISBN 9788885507272<\/strong><\/p>\n\t\t\t\t\t<\/div>\n\t\t\t\t<\/div>\n\t\t\t\t<\/div>\n\t\t\t\t\t<\/div>\n\t\t<\/div>\n\t\t\t\t<div class=\"elementor-column elementor-col-50 elementor-top-column elementor-element elementor-element-5471f06f\" data-id=\"5471f06f\" data-element_type=\"column\">\n\t\t\t<div class=\"elementor-widget-wrap elementor-element-populated\">\n\t\t\t\t\t\t<div class=\"elementor-element elementor-element-0784455 elementor-widget elementor-widget-wd_accordion\" data-id=\"0784455\" data-element_type=\"widget\" data-widget_type=\"wd_accordion.default\">\n\t\t\t\t<div class=\"elementor-widget-container\">\n\t\t\t\n\t\t<div class=\"wd-accordion wd-style-default\" data-state=\"first\">\n\t\t\t\t\t\t\t\n\t\t\t\t<div class=\"wd-accordion-item\">\n\t\t\t\t\t<div class=\"wd-accordion-title wd-active text-left wd-opener-pos-left\" data-accordion-index=\"0\">\n\t\t\t\t\t\t<div class=\"wd-accordion-title-text\">\n\t\t\t\t\t\t\t\t\t\t\t\t\t\t<span>\n\t\t\t\t\t\t\t\tIl Blend PESCI\t\t\t\t\t\t\t<\/span>\n\t\t\t\t\t\t<\/div>\n\t\t\t\t\t\t<span class=\"wd-accordion-opener wd-opener-style-arrow\"><\/span>\n\t\t\t\t\t<\/div>\n\n\t\t\t\t\t<div class=\"wd-accordion-content reset-last-child wd-active\" data-accordion-index=\"0\">\n\t\t\t\t\t\t\t\t\t\t\t\t\t\n\t\t\t\t\t\t\t<p>Gentile ma un po\u2019 egoista, simpatico, adorabile e disponibile. Chi \u00e8 nato sotto questo segno ha una personalit\u00e0 tranquilla e paziente. Risponde con empatia, tatto e sensibilit\u00e0 alla sofferenza altrui. Generalmente amato da tutti perch\u00e9 ha un carattere affabile, affettuoso e non rappresenta una minaccia per chi ambisce a posizioni di autorit\u00e0 o popolarit\u00e0. Un Pesci tende a vivere emotivamente piuttosto che razionalmente, a lui non piace sentirsi costretto e difficilmente rispetta le convenzioni. Per questo abbiamo optato per un inedito blend intenso, energizzante e positivo. Un\u2019emozionante miscela a base di due tipi di t\u00e8: nero Darjeeling e verde Jasmine con aromi dal sentore dolce, ricchi di positivit\u00e0 quali la Rosa canina e le Fragole per esaltarsi nell\u2019energizzante vivacit\u00e0 dei fiori di Lavanda. Infine la Malva, una pianta che sottolinea l\u2019appartenenza\u00a0 del segno all\u2019elemento Acqua. Tutti ingredienti selezionati per riproporre ed esaltare le caratteristiche dei Pesci, restituendone la squisita essenza al palato.<\/p>\n\t\t\t\t\t\t\t\t\t\t\t\t\t\t\t\t\t\t<\/div>\n\t\t\t\t<\/div>\n\t\t\t\t\t\t\t\n\t\t\t\t<div class=\"wd-accordion-item\">\n\t\t\t\t\t<div class=\"wd-accordion-title text-left wd-opener-pos-left\" data-accordion-index=\"1\">\n\t\t\t\t\t\t<div class=\"wd-accordion-title-text\">\n\t\t\t\t\t\t\t\t\t\t\t\t\t\t<span>\n\t\t\t\t\t\t\t\tL&#039;autore | Ilaria ZANIER\t\t\t\t\t\t\t<\/span>\n\t\t\t\t\t\t<\/div>\n\t\t\t\t\t\t<span class=\"wd-accordion-opener wd-opener-style-arrow\"><\/span>\n\t\t\t\t\t<\/div>\n\n\t\t\t\t\t<div class=\"wd-accordion-content reset-last-child\" data-accordion-index=\"1\">\n\t\t\t\t\t\t\t\t\t\t\t\t\t\n\t\t\t\t\t\t\t<p>Astrologa per vocazione, Astro Coach e Blogger per passione,\u00a0<span style=\"text-decoration: underline; color: #777777;\"><strong><a style=\"color: #777777; text-decoration: underline;\" href=\"https:\/\/www.oroscopodelmese.it\/chi-sono-astrologa-irene-zanier\/\" target=\"_blank\" rel=\"noopener\">Irene<\/a><\/strong><\/span>\u00a0nasce sotto il segno dell\u2019Ariete. Sar\u00e0 stata la nascita a Palmanova, la citt\u00e0 a forma di stella, oppure la volont\u00e0 ben chiara fin dall\u2019infanzia di dedicarsi al corteggiamento dell\u2019Anima con strumenti non convenzionali, fatto sta che la vita la conduce ad affiancare agli studi psicologici quelli esoterici e astrologici.<\/p>\n\t\t\t\t\t\t\t\t\t\t\t\t\t\t\t\t\t\t<\/div>\n\t\t\t\t<\/div>\n\t\t\t\t\t<\/div>\n\t\t\t\t<\/div>\n\t\t\t\t<\/div>\n\t\t\t\t<div class=\"elementor-element elementor-element-2d6609b elementor-widget elementor-widget-wd_image_or_svg\" data-id=\"2d6609b\" data-element_type=\"widget\" data-widget_type=\"wd_image_or_svg.default\">\n\t\t\t\t<div class=\"elementor-widget-container\">\n\t\t\t\n\t\t<div class=\"wd-image text-left\">\n\t\t\t\t\t\t\t\t<img fetchpriority=\"high\" decoding=\"async\" width=\"900\" height=\"900\" src=\"https:\/\/narrateworld.com\/wp-content\/uploads\/2023\/07\/Narrate-zodiaci-Essentiae-Pesci-presentazione.png\" class=\"attachment-full size-full\" alt=\"\" srcset=\"https:\/\/narrateworld.com\/wp-content\/uploads\/2023\/07\/Narrate-zodiaci-Essentiae-Pesci-presentazione.png 900w, https:\/\/narrateworld.com\/wp-content\/uploads\/2023\/07\/Narrate-zodiaci-Essentiae-Pesci-presentazione-430x430.png 430w, https:\/\/narrateworld.com\/wp-content\/uploads\/2023\/07\/Narrate-zodiaci-Essentiae-Pesci-presentazione-150x150.png 150w, https:\/\/narrateworld.com\/wp-content\/uploads\/2023\/07\/Narrate-zodiaci-Essentiae-Pesci-presentazione-700x700.png 700w, https:\/\/narrateworld.com\/wp-content\/uploads\/2023\/07\/Narrate-zodiaci-Essentiae-Pesci-presentazione-300x300.png 300w, https:\/\/narrateworld.com\/wp-content\/uploads\/2023\/07\/Narrate-zodiaci-Essentiae-Pesci-presentazione-800x800.png 800w, https:\/\/narrateworld.com\/wp-content\/uploads\/2023\/07\/Narrate-zodiaci-Essentiae-Pesci-presentazione-768x768.png 768w, https:\/\/narrateworld.com\/wp-content\/uploads\/2023\/07\/Narrate-zodiaci-Essentiae-Pesci-presentazione-860x860.png 860w\" sizes=\"(max-width: 900px) 100vw, 900px\" \/>\t\t\t\t\t<\/div>\n\n\t\t\t\t<\/div>\n\t\t\t\t<\/div>\n\t\t\t\t\t<\/div>\n\t\t<\/div>\n\t\t\t\t\t<\/div>\n\t\t<\/section>\n\t\t\t\t<\/div>\n\t\t","protected":false},"excerpt":{"rendered":"<p>Un racconto inedito, epico e mitologico,\u00a0per cogliere e restituire con semplicit\u00e0 tutte le sfumature essenziali dei\u00a0<strong>Pesci<\/strong>.<\/p>\n","protected":false},"featured_media":23955,"template":"","meta":[],"product_brand":[],"product_cat":[218],"product_tag":[],"class_list":{"0":"post-26178","1":"product","2":"type-product","3":"status-publish","4":"has-post-thumbnail","6":"product_cat-zodiaci-essentiae-en","8":"first","9":"instock","10":"taxable","11":"shipping-taxable","12":"purchasable","13":"product-type-simple"},"yoast_head":"<!-- This site is optimized with the Yoast SEO plugin v27.4 - https:\/\/yoast.com\/product\/yoast-seo-wordpress\/ -->\n<title>The essence of PISCES in a cup of tea - Narrat\u00e8 World<\/title>\n<meta name=\"robots\" content=\"index, follow, max-snippet:-1, max-image-preview:large, max-video-preview:-1\" \/>\n<link rel=\"canonical\" href=\"https:\/\/narrateworld.com\/en\/prodotto\/the-essence-of-pisces-in-a-cup-of-tea\/\" \/>\n<meta property=\"og:locale\" content=\"en_US\" \/>\n<meta property=\"og:type\" content=\"article\" \/>\n<meta property=\"og:title\" content=\"The essence of PISCES in a cup of tea - Narrat\u00e8 World\" \/>\n<meta property=\"og:description\" content=\"Un racconto inedito, epico e mitologico,\u00a0per cogliere e restituire con semplicit\u00e0 tutte le sfumature essenziali dei\u00a0Pesci.\" \/>\n<meta property=\"og:url\" content=\"https:\/\/narrateworld.com\/en\/prodotto\/the-essence-of-pisces-in-a-cup-of-tea\/\" \/>\n<meta property=\"og:site_name\" content=\"Narrat\u00e8 World\" \/>\n<meta property=\"article:publisher\" content=\"https:\/\/www.facebook.com\/narrateworld\" \/>\n<meta property=\"article:modified_time\" content=\"2024-05-16T08:04:22+00:00\" \/>\n<meta property=\"og:image\" content=\"https:\/\/narrateworld.com\/wp-content\/uploads\/2023\/07\/Narrate-zodiaci-pesci-fronte.png\" \/>\n\t<meta property=\"og:image:width\" content=\"567\" \/>\n\t<meta property=\"og:image:height\" content=\"613\" \/>\n\t<meta property=\"og:image:type\" content=\"image\/png\" \/>\n<meta name=\"twitter:card\" content=\"summary_large_image\" \/>\n<meta name=\"twitter:site\" content=\"@narrateworld\" \/>\n<meta name=\"twitter:label1\" content=\"Est. reading time\" \/>\n\t<meta name=\"twitter:data1\" content=\"3 minutes\" \/>\n<script type=\"application\/ld+json\" class=\"yoast-schema-graph\">{\"@context\":\"https:\\\/\\\/schema.org\",\"@graph\":[{\"@type\":\"WebPage\",\"@id\":\"https:\\\/\\\/narrateworld.com\\\/en\\\/prodotto\\\/the-essence-of-pisces-in-a-cup-of-tea\\\/\",\"url\":\"https:\\\/\\\/narrateworld.com\\\/en\\\/prodotto\\\/the-essence-of-pisces-in-a-cup-of-tea\\\/\",\"name\":\"The essence of PISCES in a cup of tea - Narrat\u00e8 World\",\"isPartOf\":{\"@id\":\"https:\\\/\\\/narrateworld.com\\\/en\\\/#website\"},\"primaryImageOfPage\":{\"@id\":\"https:\\\/\\\/narrateworld.com\\\/en\\\/prodotto\\\/the-essence-of-pisces-in-a-cup-of-tea\\\/#primaryimage\"},\"image\":{\"@id\":\"https:\\\/\\\/narrateworld.com\\\/en\\\/prodotto\\\/the-essence-of-pisces-in-a-cup-of-tea\\\/#primaryimage\"},\"thumbnailUrl\":\"https:\\\/\\\/narrateworld.com\\\/wp-content\\\/uploads\\\/2023\\\/07\\\/Narrate-zodiaci-pesci-fronte.png\",\"datePublished\":\"2021-07-30T10:35:20+00:00\",\"dateModified\":\"2024-05-16T08:04:22+00:00\",\"breadcrumb\":{\"@id\":\"https:\\\/\\\/narrateworld.com\\\/en\\\/prodotto\\\/the-essence-of-pisces-in-a-cup-of-tea\\\/#breadcrumb\"},\"inLanguage\":\"en-US\",\"potentialAction\":[{\"@type\":\"ReadAction\",\"target\":[\"https:\\\/\\\/narrateworld.com\\\/en\\\/prodotto\\\/the-essence-of-pisces-in-a-cup-of-tea\\\/\"]}]},{\"@type\":\"ImageObject\",\"inLanguage\":\"en-US\",\"@id\":\"https:\\\/\\\/narrateworld.com\\\/en\\\/prodotto\\\/the-essence-of-pisces-in-a-cup-of-tea\\\/#primaryimage\",\"url\":\"https:\\\/\\\/narrateworld.com\\\/wp-content\\\/uploads\\\/2023\\\/07\\\/Narrate-zodiaci-pesci-fronte.png\",\"contentUrl\":\"https:\\\/\\\/narrateworld.com\\\/wp-content\\\/uploads\\\/2023\\\/07\\\/Narrate-zodiaci-pesci-fronte.png\",\"width\":567,\"height\":613},{\"@type\":\"BreadcrumbList\",\"@id\":\"https:\\\/\\\/narrateworld.com\\\/en\\\/prodotto\\\/the-essence-of-pisces-in-a-cup-of-tea\\\/#breadcrumb\",\"itemListElement\":[{\"@type\":\"ListItem\",\"position\":1,\"name\":\"Home\",\"item\":\"https:\\\/\\\/narrateworld.com\\\/en\\\/\"},{\"@type\":\"ListItem\",\"position\":2,\"name\":\"Shop\",\"item\":\"https:\\\/\\\/narrateworld.com\\\/en\\\/shop-en\\\/\"},{\"@type\":\"ListItem\",\"position\":3,\"name\":\"The essence of PISCES in a cup of tea\"}]},{\"@type\":\"WebSite\",\"@id\":\"https:\\\/\\\/narrateworld.com\\\/en\\\/#website\",\"url\":\"https:\\\/\\\/narrateworld.com\\\/en\\\/\",\"name\":\"Narrat\u00e8 World\",\"description\":\"La lettura ha scoperto l&#039;acqua calda\",\"publisher\":{\"@id\":\"https:\\\/\\\/narrateworld.com\\\/en\\\/#organization\"},\"potentialAction\":[{\"@type\":\"SearchAction\",\"target\":{\"@type\":\"EntryPoint\",\"urlTemplate\":\"https:\\\/\\\/narrateworld.com\\\/en\\\/?s={search_term_string}\"},\"query-input\":{\"@type\":\"PropertyValueSpecification\",\"valueRequired\":true,\"valueName\":\"search_term_string\"}}],\"inLanguage\":\"en-US\"},{\"@type\":\"Organization\",\"@id\":\"https:\\\/\\\/narrateworld.com\\\/en\\\/#organization\",\"name\":\"Narrat\u00e8 World\",\"url\":\"https:\\\/\\\/narrateworld.com\\\/en\\\/\",\"logo\":{\"@type\":\"ImageObject\",\"inLanguage\":\"en-US\",\"@id\":\"https:\\\/\\\/narrateworld.com\\\/en\\\/#\\\/schema\\\/logo\\\/image\\\/\",\"url\":\"https:\\\/\\\/www.narrateworld.com\\\/wp-content\\\/uploads\\\/2024\\\/05\\\/logo-order-email-seller.png\",\"contentUrl\":\"https:\\\/\\\/www.narrateworld.com\\\/wp-content\\\/uploads\\\/2024\\\/05\\\/logo-order-email-seller.png\",\"width\":664,\"height\":124,\"caption\":\"Narrat\u00e8 World\"},\"image\":{\"@id\":\"https:\\\/\\\/narrateworld.com\\\/en\\\/#\\\/schema\\\/logo\\\/image\\\/\"},\"sameAs\":[\"https:\\\/\\\/www.facebook.com\\\/narrateworld\",\"https:\\\/\\\/x.com\\\/narrateworld\",\"https:\\\/\\\/instagram.com\\\/narrateworld\"]}]}<\/script>\n<!-- \/ Yoast SEO plugin. -->","yoast_head_json":{"title":"The essence of PISCES in a cup of tea - Narrat\u00e8 World","robots":{"index":"index","follow":"follow","max-snippet":"max-snippet:-1","max-image-preview":"max-image-preview:large","max-video-preview":"max-video-preview:-1"},"canonical":"https:\/\/narrateworld.com\/en\/prodotto\/the-essence-of-pisces-in-a-cup-of-tea\/","og_locale":"en_US","og_type":"article","og_title":"The essence of PISCES in a cup of tea - Narrat\u00e8 World","og_description":"Un racconto inedito, epico e mitologico,\u00a0per cogliere e restituire con semplicit\u00e0 tutte le sfumature essenziali dei\u00a0Pesci.","og_url":"https:\/\/narrateworld.com\/en\/prodotto\/the-essence-of-pisces-in-a-cup-of-tea\/","og_site_name":"Narrat\u00e8 World","article_publisher":"https:\/\/www.facebook.com\/narrateworld","article_modified_time":"2024-05-16T08:04:22+00:00","og_image":[{"width":567,"height":613,"url":"https:\/\/narrateworld.com\/wp-content\/uploads\/2023\/07\/Narrate-zodiaci-pesci-fronte.png","type":"image\/png"}],"twitter_card":"summary_large_image","twitter_site":"@narrateworld","twitter_misc":{"Est. reading time":"3 minutes"},"schema":{"@context":"https:\/\/schema.org","@graph":[{"@type":"WebPage","@id":"https:\/\/narrateworld.com\/en\/prodotto\/the-essence-of-pisces-in-a-cup-of-tea\/","url":"https:\/\/narrateworld.com\/en\/prodotto\/the-essence-of-pisces-in-a-cup-of-tea\/","name":"The essence of PISCES in a cup of tea - Narrat\u00e8 World","isPartOf":{"@id":"https:\/\/narrateworld.com\/en\/#website"},"primaryImageOfPage":{"@id":"https:\/\/narrateworld.com\/en\/prodotto\/the-essence-of-pisces-in-a-cup-of-tea\/#primaryimage"},"image":{"@id":"https:\/\/narrateworld.com\/en\/prodotto\/the-essence-of-pisces-in-a-cup-of-tea\/#primaryimage"},"thumbnailUrl":"https:\/\/narrateworld.com\/wp-content\/uploads\/2023\/07\/Narrate-zodiaci-pesci-fronte.png","datePublished":"2021-07-30T10:35:20+00:00","dateModified":"2024-05-16T08:04:22+00:00","breadcrumb":{"@id":"https:\/\/narrateworld.com\/en\/prodotto\/the-essence-of-pisces-in-a-cup-of-tea\/#breadcrumb"},"inLanguage":"en-US","potentialAction":[{"@type":"ReadAction","target":["https:\/\/narrateworld.com\/en\/prodotto\/the-essence-of-pisces-in-a-cup-of-tea\/"]}]},{"@type":"ImageObject","inLanguage":"en-US","@id":"https:\/\/narrateworld.com\/en\/prodotto\/the-essence-of-pisces-in-a-cup-of-tea\/#primaryimage","url":"https:\/\/narrateworld.com\/wp-content\/uploads\/2023\/07\/Narrate-zodiaci-pesci-fronte.png","contentUrl":"https:\/\/narrateworld.com\/wp-content\/uploads\/2023\/07\/Narrate-zodiaci-pesci-fronte.png","width":567,"height":613},{"@type":"BreadcrumbList","@id":"https:\/\/narrateworld.com\/en\/prodotto\/the-essence-of-pisces-in-a-cup-of-tea\/#breadcrumb","itemListElement":[{"@type":"ListItem","position":1,"name":"Home","item":"https:\/\/narrateworld.com\/en\/"},{"@type":"ListItem","position":2,"name":"Shop","item":"https:\/\/narrateworld.com\/en\/shop-en\/"},{"@type":"ListItem","position":3,"name":"The essence of PISCES in a cup of tea"}]},{"@type":"WebSite","@id":"https:\/\/narrateworld.com\/en\/#website","url":"https:\/\/narrateworld.com\/en\/","name":"Narrat\u00e8 World","description":"La lettura ha scoperto l&#039;acqua calda","publisher":{"@id":"https:\/\/narrateworld.com\/en\/#organization"},"potentialAction":[{"@type":"SearchAction","target":{"@type":"EntryPoint","urlTemplate":"https:\/\/narrateworld.com\/en\/?s={search_term_string}"},"query-input":{"@type":"PropertyValueSpecification","valueRequired":true,"valueName":"search_term_string"}}],"inLanguage":"en-US"},{"@type":"Organization","@id":"https:\/\/narrateworld.com\/en\/#organization","name":"Narrat\u00e8 World","url":"https:\/\/narrateworld.com\/en\/","logo":{"@type":"ImageObject","inLanguage":"en-US","@id":"https:\/\/narrateworld.com\/en\/#\/schema\/logo\/image\/","url":"https:\/\/www.narrateworld.com\/wp-content\/uploads\/2024\/05\/logo-order-email-seller.png","contentUrl":"https:\/\/www.narrateworld.com\/wp-content\/uploads\/2024\/05\/logo-order-email-seller.png","width":664,"height":124,"caption":"Narrat\u00e8 World"},"image":{"@id":"https:\/\/narrateworld.com\/en\/#\/schema\/logo\/image\/"},"sameAs":["https:\/\/www.facebook.com\/narrateworld","https:\/\/x.com\/narrateworld","https:\/\/instagram.com\/narrateworld"]}]}},"_links":{"self":[{"href":"https:\/\/narrateworld.com\/en\/wp-json\/wp\/v2\/product\/26178","targetHints":{"allow":["GET"]}}],"collection":[{"href":"https:\/\/narrateworld.com\/en\/wp-json\/wp\/v2\/product"}],"about":[{"href":"https:\/\/narrateworld.com\/en\/wp-json\/wp\/v2\/types\/product"}],"version-history":[{"count":3,"href":"https:\/\/narrateworld.com\/en\/wp-json\/wp\/v2\/product\/26178\/revisions"}],"predecessor-version":[{"id":33492,"href":"https:\/\/narrateworld.com\/en\/wp-json\/wp\/v2\/product\/26178\/revisions\/33492"}],"wp:featuredmedia":[{"embeddable":true,"href":"https:\/\/narrateworld.com\/en\/wp-json\/wp\/v2\/media\/23955"}],"wp:attachment":[{"href":"https:\/\/narrateworld.com\/en\/wp-json\/wp\/v2\/media?parent=26178"}],"wp:term":[{"taxonomy":"product_brand","embeddable":true,"href":"https:\/\/narrateworld.com\/en\/wp-json\/wp\/v2\/product_brand?post=26178"},{"taxonomy":"product_cat","embeddable":true,"href":"https:\/\/narrateworld.com\/en\/wp-json\/wp\/v2\/product_cat?post=26178"},{"taxonomy":"product_tag","embeddable":true,"href":"https:\/\/narrateworld.com\/en\/wp-json\/wp\/v2\/product_tag?post=26178"}],"curies":[{"name":"wp","href":"https:\/\/api.w.org\/{rel}","templated":true}]}}