{"id":26213,"date":"2021-06-13T17:30:01","date_gmt":"2021-06-13T15:30:01","guid":{"rendered":"https:\/\/www.narrateworld.com\/prodotto\/lessenza-della-sicilia-in-un-te\/"},"modified":"2024-05-09T16:35:44","modified_gmt":"2024-05-09T14:35:44","slug":"the-essence-of-sicily-in-a-cup-of-tea","status":"publish","type":"product","link":"https:\/\/narrateworld.com\/en\/prodotto\/the-essence-of-sicily-in-a-cup-of-tea\/","title":{"rendered":"The essence of Sicily in a cup of tea"},"content":{"rendered":"\t\t<div data-elementor-type=\"wp-post\" data-elementor-id=\"26213\" class=\"elementor elementor-26213 elementor-16014\">\n\t\t\t\t\t\t<section class=\"wd-negative-gap elementor-section elementor-top-section elementor-element elementor-element-79752fbe wd-section-stretch elementor-section-content-top elementor-section-boxed elementor-section-height-default elementor-section-height-default\" data-id=\"79752fbe\" data-element_type=\"section\" data-settings=\"{&quot;background_background&quot;:&quot;classic&quot;}\">\n\t\t\t\t\t\t<div class=\"elementor-container elementor-column-gap-extended\">\n\t\t\t\t\t<div class=\"elementor-column elementor-col-50 elementor-top-column elementor-element elementor-element-2af8c87b\" data-id=\"2af8c87b\" data-element_type=\"column\">\n\t\t\t<div class=\"elementor-widget-wrap elementor-element-populated\">\n\t\t\t\t\t\t<div class=\"elementor-element elementor-element-34e43d1 elementor-widget elementor-widget-wd_text_block\" data-id=\"34e43d1\" data-element_type=\"widget\" data-widget_type=\"wd_text_block.default\">\n\t\t\t\t<div class=\"elementor-widget-container\">\n\t\t\t\t\t<div class=\"wd-text-block reset-last-child text-left\">\n\t\t\t\n\t\t\t<h3><span style=\"color: #63cc53;\"><strong>L\u2019ESSENZA DELLA SICILIA IN UN T\u00c8<\/strong><\/span><\/h3><p><strong><span style=\"color: #63cc53;\">BLEND<\/span><\/strong><\/p><p><strong>T\u00e8 nero Darjeeling* | Rooibos*, Arancia scorze* | Limone scorze* | Rosmarino* | Mandorle* | Pistacchi* | aroma naturale di Vaniglia* <\/strong>\u00a0- * da agricoltura biologica<\/p><p style=\"text-align: center;\"><img decoding=\"async\" src=\"https:\/\/www.narrateworld.com\/wp-content\/uploads\/2023\/06\/Narrate-Blend-Sicilia.png\" alt=\"Narrate Blend Sicilia ingredienti\" width=\"400\" height=\"79\" \/><\/p><p><strong><span style=\"color: #63cc53;\">TESTO<br \/><\/span><\/strong>Un racconto inedito di circa 5 min. di lettura, equivalenti al tempo necessario all\u2019infusione. Scritto da\u00a0<strong>Gian Mauro Costa\u00a0<\/strong>per cogliere e restituire con semplicit\u00e0 il \u2018cuore\u2019, il carattere, l\u2019anima della\u00a0<strong>Sardegna<\/strong>\u00a0e dei suoi abitanti. Un vero e proprio\u00a0<em>T\u00e8 Souvenir<\/em>. In due lingue (ITA\/ENG) - 3a edizione 2022<\/p><p><strong><span style=\"color: #63cc53;\">CARATTERISTICHE TECNICHE<br \/><\/span><\/strong><strong>Libretto:<\/strong> Dim. 9x10X0,6 cm (chiuso), cover con stampa in fluo e argento metallico. 24 facciate stampate in offset su carta riciclata pi\u00f9 due bianche di guardia. Doppia rilegatura a 2 punti metallici e incollatura. Assemblato a mano con amore in Italia. Bollino adesivo di garanzia con indicazione lotto e data di scadenza.<\/p><p><strong>Filtro confezionato a mano:<\/strong> La formulazione, miscelazione, insacchettamento e confezionamento nel sacchetto salva aroma, avvengono manualmente in una societ\u00e0 agricola piemontese. Il taglio degli ingredienti contenuti \u00e8 quello \u201ctisana\u201d che consente la migliore infusione possibile. Per questo abbiamo scelto di utilizzare t\u00e8 biologici di alta qualit\u00e0, in confezioni monodose, prodotte e confezionate manualmente in Italia con qualit\u00e0 e costi non paragonabili a quelle prodotte industrialmente. Una scelta che aiuta a garantire la giusta retribuzione lavorativa e un incentivo all\u2019economia territoriale dell\u2019eccellenza agroalimentare italiana. Infine non abbiamo voluto aggiungere filo e pendulino al filtro per non dover impiegare ulteriori elementi di raccordo (con potenziali micro inquinanti) cos\u00ec da salvaguardare al massimo le propriet\u00e0 aromatiche dell\u2019infuso. Contiene 2 grammi di miscela biologica di alta qualit\u00e0, certificata ICEA. Tempo d\u2019infusione: 5 minuti. Validit\u00e0 3 anni dall\u2019imbustamento. Confezionata in un sacchetto protettivo monodose termosaldato in plastica per alimenti 6 x 8,5 x 0,15 cm.<\/p><p><strong><span style=\"color: #63cc53;\">PAGINE SPECIALI<br \/><\/span><\/strong><\/p><p>Contiene una sezione di informazioni brevi utili a conoscere le particolarit\u00e0 che la rendono famosa nel mondo, assieme alla cronologia degli eventi imperdibili. Abbiamo aggiunto anche la \u2018Unusual Top ten\u2019, i 10 luoghi meno noti - in prossimit\u00e0 dei monumenti pi\u00f9 importanti - ma altrettanto belli. Infine ci sono i suggerimenti su cosa mangiare, bere e dove fare shopping.<br \/>Il Qr code nell'ultima pagina consente l'accesso ai contenuti multimediali con oltre un'ora di ulteriore intrattenimento.<\/p><p><strong>Prezzo al pubblico \u20ac 6,90 | ISBN 9788885507111<\/strong><\/p><p>Pistacchi<\/p>\n\t\t\t\t\t<\/div>\n\t\t\t\t<\/div>\n\t\t\t\t<\/div>\n\t\t\t\t\t<\/div>\n\t\t<\/div>\n\t\t\t\t<div class=\"elementor-column elementor-col-50 elementor-top-column elementor-element elementor-element-5471f06f\" data-id=\"5471f06f\" data-element_type=\"column\">\n\t\t\t<div class=\"elementor-widget-wrap elementor-element-populated\">\n\t\t\t\t\t\t<div class=\"elementor-element elementor-element-0784455 elementor-widget elementor-widget-wd_accordion\" data-id=\"0784455\" data-element_type=\"widget\" data-widget_type=\"wd_accordion.default\">\n\t\t\t\t<div class=\"elementor-widget-container\">\n\t\t\t\n\t\t<div class=\"wd-accordion wd-style-default\" data-state=\"first\">\n\t\t\t\t\t\t\t\n\t\t\t\t<div class=\"wd-accordion-item\">\n\t\t\t\t\t<div class=\"wd-accordion-title wd-active text-left wd-opener-pos-left\" data-accordion-index=\"0\">\n\t\t\t\t\t\t<div class=\"wd-accordion-title-text\">\n\t\t\t\t\t\t\t\t\t\t\t\t\t\t<span>\n\t\t\t\t\t\t\t\tIl Blend SICILIA\t\t\t\t\t\t\t<\/span>\n\t\t\t\t\t\t<\/div>\n\t\t\t\t\t\t<span class=\"wd-accordion-opener wd-opener-style-arrow\"><\/span>\n\t\t\t\t\t<\/div>\n\n\t\t\t\t\t<div class=\"wd-accordion-content reset-last-child wd-active\" data-accordion-index=\"0\">\n\t\t\t\t\t\t\t\t\t\t\t\t\t\n\t\t\t\t\t\t\t<p>Per il blend Sicilia, a base di pregiato\u00a0<strong>T\u00e8 nero Darjeeling<\/strong>, \u00e8 stato semplice trovare ingredienti tipici e allo stesso tempo evocativi del territorio,\u00a0<strong>Agrumi<\/strong>,\u00a0<strong>Pistacchi<\/strong>\u00a0(famosi quelli di Bronte),\u00a0<strong>Mandorle<\/strong>. Blend morbido e sensuale grazie anche al\u00a0<strong>Rooibos<\/strong>\u00a0e alla\u00a0<strong>Vaniglia<\/strong>. Completa il carattere mediterraneo un sentore di\u00a0<strong>Rosmarino<\/strong>\u00a0appena accennato.<\/p>\n\t\t\t\t\t\t\t\t\t\t\t\t\t\t\t\t\t\t<\/div>\n\t\t\t\t<\/div>\n\t\t\t\t\t\t\t\n\t\t\t\t<div class=\"wd-accordion-item\">\n\t\t\t\t\t<div class=\"wd-accordion-title text-left wd-opener-pos-left\" data-accordion-index=\"1\">\n\t\t\t\t\t\t<div class=\"wd-accordion-title-text\">\n\t\t\t\t\t\t\t\t\t\t\t\t\t\t<span>\n\t\t\t\t\t\t\t\tL&#039;autore | Gian Mauro COSTA\t\t\t\t\t\t\t<\/span>\n\t\t\t\t\t\t<\/div>\n\t\t\t\t\t\t<span class=\"wd-accordion-opener wd-opener-style-arrow\"><\/span>\n\t\t\t\t\t<\/div>\n\n\t\t\t\t\t<div class=\"wd-accordion-content reset-last-child\" data-accordion-index=\"1\">\n\t\t\t\t\t\t\t\t\t\t\t\t\t\n\t\t\t\t\t\t\t<p><strong><span style=\"text-decoration: underline; color: #777777;\"><a style=\"color: #777777; text-decoration: underline;\" href=\"https:\/\/www.narrateworld.com\/en\/autori\/gian-mauro-costa\/\" target=\"_blank\" rel=\"noopener\">Gian Mauro Costa<\/a>,<\/span>\u00a0<\/strong>\u00e8 nato e vive a Palermo. Giornalista de L\u2019Ora e della Rai, autore e regista di video e documentari, ha scritto per Sellerio numerosi racconti e sei romanzi, l\u2019ultimo dei quali,\u00a0<em>Mercato nero<\/em>, \u00e8 uscito nel 2020.<\/p>\n\t\t\t\t\t\t\t\t\t\t\t\t\t\t\t\t\t\t<\/div>\n\t\t\t\t<\/div>\n\t\t\t\t\t<\/div>\n\t\t\t\t<\/div>\n\t\t\t\t<\/div>\n\t\t\t\t<div class=\"elementor-element elementor-element-2d6609b elementor-widget elementor-widget-wd_image_or_svg\" data-id=\"2d6609b\" data-element_type=\"widget\" data-widget_type=\"wd_image_or_svg.default\">\n\t\t\t\t<div class=\"elementor-widget-container\">\n\t\t\t\n\t\t<div class=\"wd-image text-left\">\n\t\t\t\t\t\t\t\t<img fetchpriority=\"high\" decoding=\"async\" width=\"900\" height=\"900\" src=\"https:\/\/narrateworld.com\/wp-content\/uploads\/2023\/06\/Narrate-Planet-Essenza-di-Sicilia-in-un-te-presentazione.png\" class=\"attachment-full size-full\" alt=\"Narrate - Planet - Essenza della Sicilia in un te\" srcset=\"https:\/\/narrateworld.com\/wp-content\/uploads\/2023\/06\/Narrate-Planet-Essenza-di-Sicilia-in-un-te-presentazione.png 900w, https:\/\/narrateworld.com\/wp-content\/uploads\/2023\/06\/Narrate-Planet-Essenza-di-Sicilia-in-un-te-presentazione-430x430.png 430w, https:\/\/narrateworld.com\/wp-content\/uploads\/2023\/06\/Narrate-Planet-Essenza-di-Sicilia-in-un-te-presentazione-150x150.png 150w, https:\/\/narrateworld.com\/wp-content\/uploads\/2023\/06\/Narrate-Planet-Essenza-di-Sicilia-in-un-te-presentazione-700x700.png 700w, https:\/\/narrateworld.com\/wp-content\/uploads\/2023\/06\/Narrate-Planet-Essenza-di-Sicilia-in-un-te-presentazione-300x300.png 300w, https:\/\/narrateworld.com\/wp-content\/uploads\/2023\/06\/Narrate-Planet-Essenza-di-Sicilia-in-un-te-presentazione-800x800.png 800w, https:\/\/narrateworld.com\/wp-content\/uploads\/2023\/06\/Narrate-Planet-Essenza-di-Sicilia-in-un-te-presentazione-768x768.png 768w, https:\/\/narrateworld.com\/wp-content\/uploads\/2023\/06\/Narrate-Planet-Essenza-di-Sicilia-in-un-te-presentazione-860x860.png 860w\" sizes=\"(max-width: 900px) 100vw, 900px\" \/>\t\t\t\t\t<\/div>\n\n\t\t\t\t<\/div>\n\t\t\t\t<\/div>\n\t\t\t\t\t<\/div>\n\t\t<\/div>\n\t\t\t\t\t<\/div>\n\t\t<\/section>\n\t\t\t\t<\/div>\n\t\t","protected":false},"excerpt":{"rendered":"<p>..un racconto per cogliere il \u2018cuore\u2019, il carattere, l\u2019anima della\u00a0Sicilia\u00a0e dei suoi abitanti..<\/p>\n","protected":false},"featured_media":23884,"template":"","meta":[],"product_brand":[],"product_cat":[217],"product_tag":[],"class_list":{"0":"post-26213","1":"product","2":"type-product","3":"status-publish","4":"has-post-thumbnail","6":"product_cat-narraplanet-en","8":"first","9":"instock","10":"taxable","11":"shipping-taxable","12":"purchasable","13":"product-type-simple"},"yoast_head":"<!-- This site is optimized with the Yoast SEO plugin v27.4 - https:\/\/yoast.com\/product\/yoast-seo-wordpress\/ -->\n<title>Narrat\u00e8 World - The essence of Sicily in a cup of tea<\/title>\n<meta name=\"description\" content=\"L&#039;essenza della Sicilia in un miscela di T\u00e8 unica e in un breve racconto che dura il tempo dell&#039;infusione\" \/>\n<meta name=\"robots\" content=\"index, follow, max-snippet:-1, max-image-preview:large, max-video-preview:-1\" \/>\n<link rel=\"canonical\" href=\"https:\/\/narrateworld.com\/en\/prodotto\/the-essence-of-sicily-in-a-cup-of-tea\/\" \/>\n<meta property=\"og:locale\" content=\"en_US\" \/>\n<meta property=\"og:type\" content=\"article\" \/>\n<meta property=\"og:title\" content=\"Narrat\u00e8 World - The essence of Sicily in a cup of tea\" \/>\n<meta property=\"og:description\" content=\"L&#039;essenza della Sicilia in un miscela di T\u00e8 unica e in un breve racconto che dura il tempo dell&#039;infusione\" \/>\n<meta property=\"og:url\" content=\"https:\/\/narrateworld.com\/en\/prodotto\/the-essence-of-sicily-in-a-cup-of-tea\/\" \/>\n<meta property=\"og:site_name\" content=\"Narrat\u00e8 World\" \/>\n<meta property=\"article:publisher\" content=\"https:\/\/www.facebook.com\/narrateworld\" \/>\n<meta property=\"article:modified_time\" content=\"2024-05-09T14:35:44+00:00\" \/>\n<meta property=\"og:image\" content=\"https:\/\/narrateworld.com\/wp-content\/uploads\/2023\/06\/Narrate-Planet-Essenza-della-Sicilia-in-un-te.png\" \/>\n\t<meta property=\"og:image:width\" content=\"567\" \/>\n\t<meta property=\"og:image:height\" content=\"613\" \/>\n\t<meta property=\"og:image:type\" content=\"image\/png\" \/>\n<meta name=\"twitter:card\" content=\"summary_large_image\" \/>\n<meta name=\"twitter:site\" content=\"@narrateworld\" \/>\n<meta name=\"twitter:label1\" content=\"Est. reading time\" \/>\n\t<meta name=\"twitter:data1\" content=\"3 minutes\" \/>\n<script type=\"application\/ld+json\" class=\"yoast-schema-graph\">{\"@context\":\"https:\\\/\\\/schema.org\",\"@graph\":[{\"@type\":\"WebPage\",\"@id\":\"https:\\\/\\\/narrateworld.com\\\/en\\\/prodotto\\\/the-essence-of-sicily-in-a-cup-of-tea\\\/\",\"url\":\"https:\\\/\\\/narrateworld.com\\\/en\\\/prodotto\\\/the-essence-of-sicily-in-a-cup-of-tea\\\/\",\"name\":\"Narrat\u00e8 World - The essence of Sicily in a cup of tea\",\"isPartOf\":{\"@id\":\"https:\\\/\\\/narrateworld.com\\\/en\\\/#website\"},\"primaryImageOfPage\":{\"@id\":\"https:\\\/\\\/narrateworld.com\\\/en\\\/prodotto\\\/the-essence-of-sicily-in-a-cup-of-tea\\\/#primaryimage\"},\"image\":{\"@id\":\"https:\\\/\\\/narrateworld.com\\\/en\\\/prodotto\\\/the-essence-of-sicily-in-a-cup-of-tea\\\/#primaryimage\"},\"thumbnailUrl\":\"https:\\\/\\\/narrateworld.com\\\/wp-content\\\/uploads\\\/2023\\\/06\\\/Narrate-Planet-Essenza-della-Sicilia-in-un-te.png\",\"datePublished\":\"2021-06-13T15:30:01+00:00\",\"dateModified\":\"2024-05-09T14:35:44+00:00\",\"description\":\"L'essenza della Sicilia in un miscela di T\u00e8 unica e in un breve racconto che dura il tempo dell'infusione\",\"breadcrumb\":{\"@id\":\"https:\\\/\\\/narrateworld.com\\\/en\\\/prodotto\\\/the-essence-of-sicily-in-a-cup-of-tea\\\/#breadcrumb\"},\"inLanguage\":\"en-US\",\"potentialAction\":[{\"@type\":\"ReadAction\",\"target\":[\"https:\\\/\\\/narrateworld.com\\\/en\\\/prodotto\\\/the-essence-of-sicily-in-a-cup-of-tea\\\/\"]}]},{\"@type\":\"ImageObject\",\"inLanguage\":\"en-US\",\"@id\":\"https:\\\/\\\/narrateworld.com\\\/en\\\/prodotto\\\/the-essence-of-sicily-in-a-cup-of-tea\\\/#primaryimage\",\"url\":\"https:\\\/\\\/narrateworld.com\\\/wp-content\\\/uploads\\\/2023\\\/06\\\/Narrate-Planet-Essenza-della-Sicilia-in-un-te.png\",\"contentUrl\":\"https:\\\/\\\/narrateworld.com\\\/wp-content\\\/uploads\\\/2023\\\/06\\\/Narrate-Planet-Essenza-della-Sicilia-in-un-te.png\",\"width\":567,\"height\":613,\"caption\":\"Narrate - Planet - Essenza della Sicilia in un te\"},{\"@type\":\"BreadcrumbList\",\"@id\":\"https:\\\/\\\/narrateworld.com\\\/en\\\/prodotto\\\/the-essence-of-sicily-in-a-cup-of-tea\\\/#breadcrumb\",\"itemListElement\":[{\"@type\":\"ListItem\",\"position\":1,\"name\":\"Home\",\"item\":\"https:\\\/\\\/narrateworld.com\\\/en\\\/\"},{\"@type\":\"ListItem\",\"position\":2,\"name\":\"Shop\",\"item\":\"https:\\\/\\\/narrateworld.com\\\/en\\\/shop-en\\\/\"},{\"@type\":\"ListItem\",\"position\":3,\"name\":\"The essence of Sicily in a cup of tea\"}]},{\"@type\":\"WebSite\",\"@id\":\"https:\\\/\\\/narrateworld.com\\\/en\\\/#website\",\"url\":\"https:\\\/\\\/narrateworld.com\\\/en\\\/\",\"name\":\"Narrat\u00e8 World\",\"description\":\"La lettura ha scoperto l&#039;acqua calda\",\"publisher\":{\"@id\":\"https:\\\/\\\/narrateworld.com\\\/en\\\/#organization\"},\"potentialAction\":[{\"@type\":\"SearchAction\",\"target\":{\"@type\":\"EntryPoint\",\"urlTemplate\":\"https:\\\/\\\/narrateworld.com\\\/en\\\/?s={search_term_string}\"},\"query-input\":{\"@type\":\"PropertyValueSpecification\",\"valueRequired\":true,\"valueName\":\"search_term_string\"}}],\"inLanguage\":\"en-US\"},{\"@type\":\"Organization\",\"@id\":\"https:\\\/\\\/narrateworld.com\\\/en\\\/#organization\",\"name\":\"Narrat\u00e8 World\",\"url\":\"https:\\\/\\\/narrateworld.com\\\/en\\\/\",\"logo\":{\"@type\":\"ImageObject\",\"inLanguage\":\"en-US\",\"@id\":\"https:\\\/\\\/narrateworld.com\\\/en\\\/#\\\/schema\\\/logo\\\/image\\\/\",\"url\":\"https:\\\/\\\/www.narrateworld.com\\\/wp-content\\\/uploads\\\/2024\\\/05\\\/logo-order-email-seller.png\",\"contentUrl\":\"https:\\\/\\\/www.narrateworld.com\\\/wp-content\\\/uploads\\\/2024\\\/05\\\/logo-order-email-seller.png\",\"width\":664,\"height\":124,\"caption\":\"Narrat\u00e8 World\"},\"image\":{\"@id\":\"https:\\\/\\\/narrateworld.com\\\/en\\\/#\\\/schema\\\/logo\\\/image\\\/\"},\"sameAs\":[\"https:\\\/\\\/www.facebook.com\\\/narrateworld\",\"https:\\\/\\\/x.com\\\/narrateworld\",\"https:\\\/\\\/instagram.com\\\/narrateworld\"]}]}<\/script>\n<!-- \/ Yoast SEO plugin. -->","yoast_head_json":{"title":"Narrat\u00e8 World - The essence of Sicily in a cup of tea","description":"L'essenza della Sicilia in un miscela di T\u00e8 unica e in un breve racconto che dura il tempo dell'infusione","robots":{"index":"index","follow":"follow","max-snippet":"max-snippet:-1","max-image-preview":"max-image-preview:large","max-video-preview":"max-video-preview:-1"},"canonical":"https:\/\/narrateworld.com\/en\/prodotto\/the-essence-of-sicily-in-a-cup-of-tea\/","og_locale":"en_US","og_type":"article","og_title":"Narrat\u00e8 World - The essence of Sicily in a cup of tea","og_description":"L'essenza della Sicilia in un miscela di T\u00e8 unica e in un breve racconto che dura il tempo dell'infusione","og_url":"https:\/\/narrateworld.com\/en\/prodotto\/the-essence-of-sicily-in-a-cup-of-tea\/","og_site_name":"Narrat\u00e8 World","article_publisher":"https:\/\/www.facebook.com\/narrateworld","article_modified_time":"2024-05-09T14:35:44+00:00","og_image":[{"width":567,"height":613,"url":"https:\/\/narrateworld.com\/wp-content\/uploads\/2023\/06\/Narrate-Planet-Essenza-della-Sicilia-in-un-te.png","type":"image\/png"}],"twitter_card":"summary_large_image","twitter_site":"@narrateworld","twitter_misc":{"Est. reading time":"3 minutes"},"schema":{"@context":"https:\/\/schema.org","@graph":[{"@type":"WebPage","@id":"https:\/\/narrateworld.com\/en\/prodotto\/the-essence-of-sicily-in-a-cup-of-tea\/","url":"https:\/\/narrateworld.com\/en\/prodotto\/the-essence-of-sicily-in-a-cup-of-tea\/","name":"Narrat\u00e8 World - The essence of Sicily in a cup of tea","isPartOf":{"@id":"https:\/\/narrateworld.com\/en\/#website"},"primaryImageOfPage":{"@id":"https:\/\/narrateworld.com\/en\/prodotto\/the-essence-of-sicily-in-a-cup-of-tea\/#primaryimage"},"image":{"@id":"https:\/\/narrateworld.com\/en\/prodotto\/the-essence-of-sicily-in-a-cup-of-tea\/#primaryimage"},"thumbnailUrl":"https:\/\/narrateworld.com\/wp-content\/uploads\/2023\/06\/Narrate-Planet-Essenza-della-Sicilia-in-un-te.png","datePublished":"2021-06-13T15:30:01+00:00","dateModified":"2024-05-09T14:35:44+00:00","description":"L'essenza della Sicilia in un miscela di T\u00e8 unica e in un breve racconto che dura il tempo dell'infusione","breadcrumb":{"@id":"https:\/\/narrateworld.com\/en\/prodotto\/the-essence-of-sicily-in-a-cup-of-tea\/#breadcrumb"},"inLanguage":"en-US","potentialAction":[{"@type":"ReadAction","target":["https:\/\/narrateworld.com\/en\/prodotto\/the-essence-of-sicily-in-a-cup-of-tea\/"]}]},{"@type":"ImageObject","inLanguage":"en-US","@id":"https:\/\/narrateworld.com\/en\/prodotto\/the-essence-of-sicily-in-a-cup-of-tea\/#primaryimage","url":"https:\/\/narrateworld.com\/wp-content\/uploads\/2023\/06\/Narrate-Planet-Essenza-della-Sicilia-in-un-te.png","contentUrl":"https:\/\/narrateworld.com\/wp-content\/uploads\/2023\/06\/Narrate-Planet-Essenza-della-Sicilia-in-un-te.png","width":567,"height":613,"caption":"Narrate - Planet - Essenza della Sicilia in un te"},{"@type":"BreadcrumbList","@id":"https:\/\/narrateworld.com\/en\/prodotto\/the-essence-of-sicily-in-a-cup-of-tea\/#breadcrumb","itemListElement":[{"@type":"ListItem","position":1,"name":"Home","item":"https:\/\/narrateworld.com\/en\/"},{"@type":"ListItem","position":2,"name":"Shop","item":"https:\/\/narrateworld.com\/en\/shop-en\/"},{"@type":"ListItem","position":3,"name":"The essence of Sicily in a cup of tea"}]},{"@type":"WebSite","@id":"https:\/\/narrateworld.com\/en\/#website","url":"https:\/\/narrateworld.com\/en\/","name":"Narrat\u00e8 World","description":"La lettura ha scoperto l&#039;acqua calda","publisher":{"@id":"https:\/\/narrateworld.com\/en\/#organization"},"potentialAction":[{"@type":"SearchAction","target":{"@type":"EntryPoint","urlTemplate":"https:\/\/narrateworld.com\/en\/?s={search_term_string}"},"query-input":{"@type":"PropertyValueSpecification","valueRequired":true,"valueName":"search_term_string"}}],"inLanguage":"en-US"},{"@type":"Organization","@id":"https:\/\/narrateworld.com\/en\/#organization","name":"Narrat\u00e8 World","url":"https:\/\/narrateworld.com\/en\/","logo":{"@type":"ImageObject","inLanguage":"en-US","@id":"https:\/\/narrateworld.com\/en\/#\/schema\/logo\/image\/","url":"https:\/\/www.narrateworld.com\/wp-content\/uploads\/2024\/05\/logo-order-email-seller.png","contentUrl":"https:\/\/www.narrateworld.com\/wp-content\/uploads\/2024\/05\/logo-order-email-seller.png","width":664,"height":124,"caption":"Narrat\u00e8 World"},"image":{"@id":"https:\/\/narrateworld.com\/en\/#\/schema\/logo\/image\/"},"sameAs":["https:\/\/www.facebook.com\/narrateworld","https:\/\/x.com\/narrateworld","https:\/\/instagram.com\/narrateworld"]}]}},"_links":{"self":[{"href":"https:\/\/narrateworld.com\/en\/wp-json\/wp\/v2\/product\/26213","targetHints":{"allow":["GET"]}}],"collection":[{"href":"https:\/\/narrateworld.com\/en\/wp-json\/wp\/v2\/product"}],"about":[{"href":"https:\/\/narrateworld.com\/en\/wp-json\/wp\/v2\/types\/product"}],"version-history":[{"count":4,"href":"https:\/\/narrateworld.com\/en\/wp-json\/wp\/v2\/product\/26213\/revisions"}],"predecessor-version":[{"id":32796,"href":"https:\/\/narrateworld.com\/en\/wp-json\/wp\/v2\/product\/26213\/revisions\/32796"}],"wp:featuredmedia":[{"embeddable":true,"href":"https:\/\/narrateworld.com\/en\/wp-json\/wp\/v2\/media\/23884"}],"wp:attachment":[{"href":"https:\/\/narrateworld.com\/en\/wp-json\/wp\/v2\/media?parent=26213"}],"wp:term":[{"taxonomy":"product_brand","embeddable":true,"href":"https:\/\/narrateworld.com\/en\/wp-json\/wp\/v2\/product_brand?post=26213"},{"taxonomy":"product_cat","embeddable":true,"href":"https:\/\/narrateworld.com\/en\/wp-json\/wp\/v2\/product_cat?post=26213"},{"taxonomy":"product_tag","embeddable":true,"href":"https:\/\/narrateworld.com\/en\/wp-json\/wp\/v2\/product_tag?post=26213"}],"curies":[{"name":"wp","href":"https:\/\/api.w.org\/{rel}","templated":true}]}}