{"id":26218,"date":"2021-06-13T17:24:54","date_gmt":"2021-06-13T15:24:54","guid":{"rendered":"https:\/\/www.narrateworld.com\/prodotto\/lessenza-di-roma-in-un-te\/"},"modified":"2024-05-09T16:36:09","modified_gmt":"2024-05-09T14:36:09","slug":"the-essence-of-rome-in-a-cup-of-tea","status":"publish","type":"product","link":"https:\/\/narrateworld.com\/en\/prodotto\/the-essence-of-rome-in-a-cup-of-tea\/","title":{"rendered":"The essence of Rome in a cup of tea"},"content":{"rendered":"\t\t<div data-elementor-type=\"wp-post\" data-elementor-id=\"26218\" class=\"elementor elementor-26218 elementor-16007\">\n\t\t\t\t\t\t<section class=\"wd-negative-gap elementor-section elementor-top-section elementor-element elementor-element-79752fbe wd-section-stretch elementor-section-content-top elementor-section-boxed elementor-section-height-default elementor-section-height-default\" data-id=\"79752fbe\" data-element_type=\"section\" data-settings=\"{&quot;background_background&quot;:&quot;classic&quot;}\">\n\t\t\t\t\t\t<div class=\"elementor-container elementor-column-gap-extended\">\n\t\t\t\t\t<div class=\"elementor-column elementor-col-50 elementor-top-column elementor-element elementor-element-2af8c87b\" data-id=\"2af8c87b\" data-element_type=\"column\">\n\t\t\t<div class=\"elementor-widget-wrap elementor-element-populated\">\n\t\t\t\t\t\t<div class=\"elementor-element elementor-element-34e43d1 elementor-widget elementor-widget-wd_text_block\" data-id=\"34e43d1\" data-element_type=\"widget\" data-widget_type=\"wd_text_block.default\">\n\t\t\t\t<div class=\"elementor-widget-container\">\n\t\t\t\t\t<div class=\"wd-text-block reset-last-child text-left\">\n\t\t\t\n\t\t\t<h3><span style=\"color: #63cc53;\"><strong>L\u2019ESSENZA DI ROMA IN UN T\u00c8<\/strong><\/span><\/h3>\r\n<strong><span style=\"color: #63cc53;\">BLEND<\/span><\/strong>\r\n\r\n<strong>T\u00e8 nero Darjeeling* | Menta dolce* | Cannella* | Erba Citronella* | Zenzero* | Alloro*<\/strong>\u00a0- * da agricoltura biologica\r\n<p style=\"text-align: center;\"><img decoding=\"async\" class=\"alignnone wp-image-16322 size-full\" src=\"https:\/\/www.narrateworld.com\/wp-content\/uploads\/2023\/06\/Narrate-Blend-Roma-ingredienti.png\" alt=\"Narrate Blend Roma ingredienti\" width=\"400\" height=\"79\" srcset=\"https:\/\/narrateworld.com\/wp-content\/uploads\/2023\/06\/Narrate-Blend-Roma-ingredienti.png 400w, https:\/\/narrateworld.com\/wp-content\/uploads\/2023\/06\/Narrate-Blend-Roma-ingredienti-150x30.png 150w\" sizes=\"(max-width: 400px) 100vw, 400px\" \/><\/p>\r\n<strong><span style=\"color: #63cc53;\">TESTO\r\n<\/span><\/strong>Un racconto inedito di circa 5 min. di lettura, equivalenti al tempo necessario all\u2019infusione. Scritto da\u00a0<strong>Luca Notarianni<\/strong>\u00a0per cogliere e restituire con semplicit\u00e0 il \u2018cuore\u2019, il carattere, l\u2019anima di\u00a0<strong>Roma<\/strong>\u00a0e dei suoi abitanti. Un vero e proprio\u00a0<em>T\u00e8 Souvenir<\/em>. In due lingue (ITA\/ENG) - 2a edizione maggio 2021\r\n\r\n<strong><span style=\"color: #63cc53;\">CARATTERISTICHE TECNICHE\r\n<\/span><\/strong><strong>Libretto:<\/strong> Dim. 9x10X0,6 cm (chiuso), cover con stampa in fluo e argento metallico. 24 facciate stampate in offset su carta riciclata pi\u00f9 due bianche di guardia. Doppia rilegatura a 2 punti metallici e incollatura. Assemblato a mano con amore in Italia. Bollino adesivo di garanzia con indicazione lotto e data di scadenza.\r\n\r\n<strong>Filtro confezionato a mano:<\/strong> La formulazione, miscelazione, insacchettamento e confezionamento nel sacchetto salva aroma, avvengono manualmente in una societ\u00e0 agricola piemontese. Il taglio degli ingredienti contenuti \u00e8 quello \u201ctisana\u201d che consente la migliore infusione possibile. Per questo abbiamo scelto di utilizzare t\u00e8 biologici di alta qualit\u00e0, in confezioni monodose, prodotte e confezionate manualmente in Italia con qualit\u00e0 e costi non paragonabili a quelle prodotte industrialmente. Una scelta che aiuta a garantire la giusta retribuzione lavorativa e un incentivo all\u2019economia territoriale dell\u2019eccellenza agroalimentare italiana. Infine non abbiamo voluto aggiungere filo e pendulino al filtro per non dover impiegare ulteriori elementi di raccordo (con potenziali micro inquinanti) cos\u00ec da salvaguardare al massimo le propriet\u00e0 aromatiche dell\u2019infuso. Contiene 2 grammi di miscela biologica di alta qualit\u00e0, certificata ICEA. Tempo d\u2019infusione: 5 minuti. Validit\u00e0 3 anni dall\u2019imbustamento. Confezionata in un sacchetto protettivo monodose termosaldato in plastica per alimenti 6 x 8,5 x 0,15 cm.\r\n\r\n<strong><span style=\"color: #63cc53;\">PAGINE SPECIALI\r\n<\/span><\/strong>Contiene una sezione di informazioni brevi utili a conoscere le particolarit\u00e0 che la rendono famosa nel mondo, assieme alla cronologia degli eventi imperdibili. Abbiamo aggiunto anche la\u00a0<em>\u2018Unusual Top ten\u2019<\/em>, i 10 luoghi meno noti - in prossimit\u00e0 dei monumenti pi\u00f9 importanti - ma altrettanto belli. Infine ci sono i suggerimenti su cosa mangiare, bere e fare shopping. Il Qr code nell'ultima pagina consente l'accesso ai contenuti multimediali con oltre un'ora di ulteriore intrattenimento.\r\n\r\n<strong>Prezzo al pubblico \u20ac 6,90 | ISBN 9788885507029<\/strong>\n\t\t\t\t\t<\/div>\n\t\t\t\t<\/div>\n\t\t\t\t<\/div>\n\t\t\t\t\t<\/div>\n\t\t<\/div>\n\t\t\t\t<div class=\"elementor-column elementor-col-50 elementor-top-column elementor-element elementor-element-5471f06f\" data-id=\"5471f06f\" data-element_type=\"column\">\n\t\t\t<div class=\"elementor-widget-wrap elementor-element-populated\">\n\t\t\t\t\t\t<div class=\"elementor-element elementor-element-0784455 elementor-widget elementor-widget-wd_accordion\" data-id=\"0784455\" data-element_type=\"widget\" data-widget_type=\"wd_accordion.default\">\n\t\t\t\t<div class=\"elementor-widget-container\">\n\t\t\t\n\t\t<div class=\"wd-accordion wd-style-default\" data-state=\"first\">\n\t\t\t\t\t\t\t\n\t\t\t\t<div class=\"wd-accordion-item\">\n\t\t\t\t\t<div class=\"wd-accordion-title wd-active text-left wd-opener-pos-left\" data-accordion-index=\"0\">\n\t\t\t\t\t\t<div class=\"wd-accordion-title-text\">\n\t\t\t\t\t\t\t\t\t\t\t\t\t\t<span>\n\t\t\t\t\t\t\t\tIl Blend ROMA\t\t\t\t\t\t\t<\/span>\n\t\t\t\t\t\t<\/div>\n\t\t\t\t\t\t<span class=\"wd-accordion-opener wd-opener-style-arrow\"><\/span>\n\t\t\t\t\t<\/div>\n\n\t\t\t\t\t<div class=\"wd-accordion-content reset-last-child wd-active\" data-accordion-index=\"0\">\n\t\t\t\t\t\t\t\t\t\t\t\t\t\n\t\t\t\t\t\t\tA una base di pregiato\u00a0<strong>t\u00e8 nero Darjeeling<\/strong>\u00a0abbiamo aggiunto la\u00a0<strong>Menta<\/strong>, un ingrediente caratteristico della cucina romana, mentre l\u2019<strong>Alloro<\/strong>\u00a0- oltre ad avere innumerevoli propriet\u00e0 benefiche - \u00e8 una pianta fortemente simbolica, rappresenta infatti l\u2019immortalit\u00e0. Motivo per cui cingeva le teste degli imperatori e degli artisti pi\u00f9 importanti. Niente di pi\u00f9 indicato per descrivere la citt\u00e0 \u201ceterna\u201d. La\u00a0<strong>Cannella<\/strong>\u00a0era gi\u00e0 usata dagli antichi romani come afrodisiaco. L\u2019erba\u00a0<strong>Citronella<\/strong>\u00a0\u00e8 un potente digestivo naturale, utile a concludere le epiche \u2018<em>magnate<\/em>\u2019 romane.\n\t\t\t\t\t\t\t\t\t\t\t\t\t\t\t\t\t\t<\/div>\n\t\t\t\t<\/div>\n\t\t\t\t\t\t\t\n\t\t\t\t<div class=\"wd-accordion-item\">\n\t\t\t\t\t<div class=\"wd-accordion-title text-left wd-opener-pos-left\" data-accordion-index=\"1\">\n\t\t\t\t\t\t<div class=\"wd-accordion-title-text\">\n\t\t\t\t\t\t\t\t\t\t\t\t\t\t<span>\n\t\t\t\t\t\t\t\tL&#039;autore | Luca NOTARIANNI\t\t\t\t\t\t\t<\/span>\n\t\t\t\t\t\t<\/div>\n\t\t\t\t\t\t<span class=\"wd-accordion-opener wd-opener-style-arrow\"><\/span>\n\t\t\t\t\t<\/div>\n\n\t\t\t\t\t<div class=\"wd-accordion-content reset-last-child\" data-accordion-index=\"1\">\n\t\t\t\t\t\t\t\t\t\t\t\t\t\n\t\t\t\t\t\t\tNato a Itri, in provincia di Latina, <strong><span style=\"text-decoration: underline; color: #777777;\"><a style=\"color: #777777; text-decoration: underline;\" href=\"https:\/\/www.narrateworld.com\/en\/autori\/luca-notarianni\/\" target=\"_blank\" rel=\"noopener\">Luca<\/a>,<\/span>\u00a0<\/strong>\u00e8 psicologo e romano d\u2019adozione, si occupa di prevenzione e sostegno psicologico nell\u2019area del sociale. Scrive per passione nel tempo libero e, da qualche anno, ha iniziato a partecipare con successo a vari concorsi letterari. Numerose le sue opere selezionate e pubblicate in varie antologie o riviste.\n\t\t\t\t\t\t\t\t\t\t\t\t\t\t\t\t\t\t<\/div>\n\t\t\t\t<\/div>\n\t\t\t\t\t\t\t\n\t\t\t\t<div class=\"wd-accordion-item\">\n\t\t\t\t\t<div class=\"wd-accordion-title text-left wd-opener-pos-left\" data-accordion-index=\"2\">\n\t\t\t\t\t\t<div class=\"wd-accordion-title-text\">\n\t\t\t\t\t\t\t\t\t\t\t\t\t\t<span>\n\t\t\t\t\t\t\t\tRicarica ROMA\t\t\t\t\t\t\t<\/span>\n\t\t\t\t\t\t<\/div>\n\t\t\t\t\t\t<span class=\"wd-accordion-opener wd-opener-style-arrow\"><\/span>\n\t\t\t\t\t<\/div>\n\n\t\t\t\t\t<div class=\"wd-accordion-content reset-last-child\" data-accordion-index=\"2\">\n\t\t\t\t\t\t\t\t\t\t\t\t\t\n\t\t\t\t\t\t\t<div>\r\n\r\nCon il nuovo sistema di ricarica del Narrat\u00e8 \u00ae BIO, <strong><span style=\"color: #63cc53;\"><a style=\"color: #63cc53;\" href=\"https:\/\/www.narrateworld.com\/en\/prodotto\/ricarica-roma\/\" target=\"_blank\" rel=\"noopener\">acquistando la relativa confezione da 5 filtri<\/a><\/span><\/strong>, avrai sempre la possibilit\u00e0 di sostituire la tea bag usata con un filtro nuovo e il Narrat\u00e8\u00ae sar\u00e0 pronto per essere offerto, prestato o gustato ancora.\r\n\r\n<img decoding=\"async\" class=\"\" src=\"https:\/\/www.narrateworld.com\/wp-content\/uploads\/2023\/01\/Narrate-Sistema-ricarica-filtro-1.png\" alt=\"\" width=\"201\" height=\"103\" \/>\r\n\r\n<\/div>\n\t\t\t\t\t\t\t\t\t\t\t\t\t\t\t\t\t\t<\/div>\n\t\t\t\t<\/div>\n\t\t\t\t\t<\/div>\n\t\t\t\t<\/div>\n\t\t\t\t<\/div>\n\t\t\t\t<div class=\"elementor-element elementor-element-2d6609b elementor-widget elementor-widget-wd_image_or_svg\" data-id=\"2d6609b\" data-element_type=\"widget\" data-widget_type=\"wd_image_or_svg.default\">\n\t\t\t\t<div class=\"elementor-widget-container\">\n\t\t\t\n\t\t<div class=\"wd-image text-left\">\n\t\t\t\t\t\t\t\t<img fetchpriority=\"high\" decoding=\"async\" width=\"900\" height=\"900\" src=\"https:\/\/narrateworld.com\/wp-content\/uploads\/2023\/06\/Narrate-Planet-Essenza-di-Roma-in-un-te-presentazione.png\" class=\"attachment-full size-full\" alt=\"Narrate - Planet - Essenza di Roma in un te\" srcset=\"https:\/\/narrateworld.com\/wp-content\/uploads\/2023\/06\/Narrate-Planet-Essenza-di-Roma-in-un-te-presentazione.png 900w, https:\/\/narrateworld.com\/wp-content\/uploads\/2023\/06\/Narrate-Planet-Essenza-di-Roma-in-un-te-presentazione-430x430.png 430w, https:\/\/narrateworld.com\/wp-content\/uploads\/2023\/06\/Narrate-Planet-Essenza-di-Roma-in-un-te-presentazione-150x150.png 150w, https:\/\/narrateworld.com\/wp-content\/uploads\/2023\/06\/Narrate-Planet-Essenza-di-Roma-in-un-te-presentazione-700x700.png 700w, https:\/\/narrateworld.com\/wp-content\/uploads\/2023\/06\/Narrate-Planet-Essenza-di-Roma-in-un-te-presentazione-300x300.png 300w, https:\/\/narrateworld.com\/wp-content\/uploads\/2023\/06\/Narrate-Planet-Essenza-di-Roma-in-un-te-presentazione-800x800.png 800w, https:\/\/narrateworld.com\/wp-content\/uploads\/2023\/06\/Narrate-Planet-Essenza-di-Roma-in-un-te-presentazione-768x768.png 768w, https:\/\/narrateworld.com\/wp-content\/uploads\/2023\/06\/Narrate-Planet-Essenza-di-Roma-in-un-te-presentazione-860x860.png 860w\" sizes=\"(max-width: 900px) 100vw, 900px\" \/>\t\t\t\t\t<\/div>\n\n\t\t\t\t<\/div>\n\t\t\t\t<\/div>\n\t\t\t\t\t<\/div>\n\t\t<\/div>\n\t\t\t\t\t<\/div>\n\t\t<\/section>\n\t\t\t\t<\/div>\n\t\t","protected":false},"excerpt":{"rendered":"<p>..un racconto per cogliere il \u2018cuore\u2019, il carattere, l\u2019anima della citt\u00e0 di <strong>Roma<\/strong> e dei suoi abitanti..<\/p>\n","protected":false},"featured_media":23890,"template":"","meta":[],"product_brand":[],"product_cat":[217],"product_tag":[],"class_list":{"0":"post-26218","1":"product","2":"type-product","3":"status-publish","4":"has-post-thumbnail","6":"product_cat-narraplanet-en","8":"first","9":"instock","10":"taxable","11":"shipping-taxable","12":"purchasable","13":"product-type-simple"},"yoast_head":"<!-- This site is optimized with the Yoast SEO plugin v27.4 - https:\/\/yoast.com\/product\/yoast-seo-wordpress\/ -->\n<title>Narrat\u00e8 World - The essence of Rome in a cup of tea<\/title>\n<meta name=\"description\" content=\"L&#039;essenza di Roma in un miscela di T\u00e8 unica e in un breve racconto che dura il tempo dell&#039;infusione\" \/>\n<meta name=\"robots\" content=\"index, follow, max-snippet:-1, max-image-preview:large, max-video-preview:-1\" \/>\n<link rel=\"canonical\" href=\"https:\/\/narrateworld.com\/en\/prodotto\/the-essence-of-rome-in-a-cup-of-tea\/\" \/>\n<meta property=\"og:locale\" content=\"en_US\" \/>\n<meta property=\"og:type\" content=\"article\" \/>\n<meta property=\"og:title\" content=\"Narrat\u00e8 World - The essence of Rome in a cup of tea\" \/>\n<meta property=\"og:description\" content=\"L&#039;essenza di Roma in un miscela di T\u00e8 unica e in un breve racconto che dura il tempo dell&#039;infusione\" \/>\n<meta property=\"og:url\" content=\"https:\/\/narrateworld.com\/en\/prodotto\/the-essence-of-rome-in-a-cup-of-tea\/\" \/>\n<meta property=\"og:site_name\" content=\"Narrat\u00e8 World\" \/>\n<meta property=\"article:publisher\" content=\"https:\/\/www.facebook.com\/narrateworld\" \/>\n<meta property=\"article:modified_time\" content=\"2024-05-09T14:36:09+00:00\" \/>\n<meta property=\"og:image\" content=\"https:\/\/narrateworld.com\/wp-content\/uploads\/2023\/06\/Narrate-Planet-Essenza-di-roma-in-un-te.png\" \/>\n\t<meta property=\"og:image:width\" content=\"567\" \/>\n\t<meta property=\"og:image:height\" content=\"613\" \/>\n\t<meta property=\"og:image:type\" content=\"image\/png\" \/>\n<meta name=\"twitter:card\" content=\"summary_large_image\" \/>\n<meta name=\"twitter:site\" content=\"@narrateworld\" \/>\n<meta name=\"twitter:label1\" content=\"Est. reading time\" \/>\n\t<meta name=\"twitter:data1\" content=\"4 minutes\" \/>\n<script type=\"application\/ld+json\" class=\"yoast-schema-graph\">{\"@context\":\"https:\\\/\\\/schema.org\",\"@graph\":[{\"@type\":\"WebPage\",\"@id\":\"https:\\\/\\\/narrateworld.com\\\/en\\\/prodotto\\\/the-essence-of-rome-in-a-cup-of-tea\\\/\",\"url\":\"https:\\\/\\\/narrateworld.com\\\/en\\\/prodotto\\\/the-essence-of-rome-in-a-cup-of-tea\\\/\",\"name\":\"Narrat\u00e8 World - The essence of Rome in a cup of tea\",\"isPartOf\":{\"@id\":\"https:\\\/\\\/narrateworld.com\\\/en\\\/#website\"},\"primaryImageOfPage\":{\"@id\":\"https:\\\/\\\/narrateworld.com\\\/en\\\/prodotto\\\/the-essence-of-rome-in-a-cup-of-tea\\\/#primaryimage\"},\"image\":{\"@id\":\"https:\\\/\\\/narrateworld.com\\\/en\\\/prodotto\\\/the-essence-of-rome-in-a-cup-of-tea\\\/#primaryimage\"},\"thumbnailUrl\":\"https:\\\/\\\/narrateworld.com\\\/wp-content\\\/uploads\\\/2023\\\/06\\\/Narrate-Planet-Essenza-di-roma-in-un-te.png\",\"datePublished\":\"2021-06-13T15:24:54+00:00\",\"dateModified\":\"2024-05-09T14:36:09+00:00\",\"description\":\"L'essenza di Roma in un miscela di T\u00e8 unica e in un breve racconto che dura il tempo dell'infusione\",\"breadcrumb\":{\"@id\":\"https:\\\/\\\/narrateworld.com\\\/en\\\/prodotto\\\/the-essence-of-rome-in-a-cup-of-tea\\\/#breadcrumb\"},\"inLanguage\":\"en-US\",\"potentialAction\":[{\"@type\":\"ReadAction\",\"target\":[\"https:\\\/\\\/narrateworld.com\\\/en\\\/prodotto\\\/the-essence-of-rome-in-a-cup-of-tea\\\/\"]}]},{\"@type\":\"ImageObject\",\"inLanguage\":\"en-US\",\"@id\":\"https:\\\/\\\/narrateworld.com\\\/en\\\/prodotto\\\/the-essence-of-rome-in-a-cup-of-tea\\\/#primaryimage\",\"url\":\"https:\\\/\\\/narrateworld.com\\\/wp-content\\\/uploads\\\/2023\\\/06\\\/Narrate-Planet-Essenza-di-roma-in-un-te.png\",\"contentUrl\":\"https:\\\/\\\/narrateworld.com\\\/wp-content\\\/uploads\\\/2023\\\/06\\\/Narrate-Planet-Essenza-di-roma-in-un-te.png\",\"width\":567,\"height\":613,\"caption\":\"Narrate - Planet - Essenza di Roma in un te\"},{\"@type\":\"BreadcrumbList\",\"@id\":\"https:\\\/\\\/narrateworld.com\\\/en\\\/prodotto\\\/the-essence-of-rome-in-a-cup-of-tea\\\/#breadcrumb\",\"itemListElement\":[{\"@type\":\"ListItem\",\"position\":1,\"name\":\"Home\",\"item\":\"https:\\\/\\\/narrateworld.com\\\/en\\\/\"},{\"@type\":\"ListItem\",\"position\":2,\"name\":\"Shop\",\"item\":\"https:\\\/\\\/narrateworld.com\\\/en\\\/shop-en\\\/\"},{\"@type\":\"ListItem\",\"position\":3,\"name\":\"The essence of Rome in a cup of tea\"}]},{\"@type\":\"WebSite\",\"@id\":\"https:\\\/\\\/narrateworld.com\\\/en\\\/#website\",\"url\":\"https:\\\/\\\/narrateworld.com\\\/en\\\/\",\"name\":\"Narrat\u00e8 World\",\"description\":\"La lettura ha scoperto l&#039;acqua calda\",\"publisher\":{\"@id\":\"https:\\\/\\\/narrateworld.com\\\/en\\\/#organization\"},\"potentialAction\":[{\"@type\":\"SearchAction\",\"target\":{\"@type\":\"EntryPoint\",\"urlTemplate\":\"https:\\\/\\\/narrateworld.com\\\/en\\\/?s={search_term_string}\"},\"query-input\":{\"@type\":\"PropertyValueSpecification\",\"valueRequired\":true,\"valueName\":\"search_term_string\"}}],\"inLanguage\":\"en-US\"},{\"@type\":\"Organization\",\"@id\":\"https:\\\/\\\/narrateworld.com\\\/en\\\/#organization\",\"name\":\"Narrat\u00e8 World\",\"url\":\"https:\\\/\\\/narrateworld.com\\\/en\\\/\",\"logo\":{\"@type\":\"ImageObject\",\"inLanguage\":\"en-US\",\"@id\":\"https:\\\/\\\/narrateworld.com\\\/en\\\/#\\\/schema\\\/logo\\\/image\\\/\",\"url\":\"https:\\\/\\\/www.narrateworld.com\\\/wp-content\\\/uploads\\\/2024\\\/05\\\/logo-order-email-seller.png\",\"contentUrl\":\"https:\\\/\\\/www.narrateworld.com\\\/wp-content\\\/uploads\\\/2024\\\/05\\\/logo-order-email-seller.png\",\"width\":664,\"height\":124,\"caption\":\"Narrat\u00e8 World\"},\"image\":{\"@id\":\"https:\\\/\\\/narrateworld.com\\\/en\\\/#\\\/schema\\\/logo\\\/image\\\/\"},\"sameAs\":[\"https:\\\/\\\/www.facebook.com\\\/narrateworld\",\"https:\\\/\\\/x.com\\\/narrateworld\",\"https:\\\/\\\/instagram.com\\\/narrateworld\"]}]}<\/script>\n<!-- \/ Yoast SEO plugin. -->","yoast_head_json":{"title":"Narrat\u00e8 World - The essence of Rome in a cup of tea","description":"L'essenza di Roma in un miscela di T\u00e8 unica e in un breve racconto che dura il tempo dell'infusione","robots":{"index":"index","follow":"follow","max-snippet":"max-snippet:-1","max-image-preview":"max-image-preview:large","max-video-preview":"max-video-preview:-1"},"canonical":"https:\/\/narrateworld.com\/en\/prodotto\/the-essence-of-rome-in-a-cup-of-tea\/","og_locale":"en_US","og_type":"article","og_title":"Narrat\u00e8 World - The essence of Rome in a cup of tea","og_description":"L'essenza di Roma in un miscela di T\u00e8 unica e in un breve racconto che dura il tempo dell'infusione","og_url":"https:\/\/narrateworld.com\/en\/prodotto\/the-essence-of-rome-in-a-cup-of-tea\/","og_site_name":"Narrat\u00e8 World","article_publisher":"https:\/\/www.facebook.com\/narrateworld","article_modified_time":"2024-05-09T14:36:09+00:00","og_image":[{"width":567,"height":613,"url":"https:\/\/narrateworld.com\/wp-content\/uploads\/2023\/06\/Narrate-Planet-Essenza-di-roma-in-un-te.png","type":"image\/png"}],"twitter_card":"summary_large_image","twitter_site":"@narrateworld","twitter_misc":{"Est. reading time":"4 minutes"},"schema":{"@context":"https:\/\/schema.org","@graph":[{"@type":"WebPage","@id":"https:\/\/narrateworld.com\/en\/prodotto\/the-essence-of-rome-in-a-cup-of-tea\/","url":"https:\/\/narrateworld.com\/en\/prodotto\/the-essence-of-rome-in-a-cup-of-tea\/","name":"Narrat\u00e8 World - The essence of Rome in a cup of tea","isPartOf":{"@id":"https:\/\/narrateworld.com\/en\/#website"},"primaryImageOfPage":{"@id":"https:\/\/narrateworld.com\/en\/prodotto\/the-essence-of-rome-in-a-cup-of-tea\/#primaryimage"},"image":{"@id":"https:\/\/narrateworld.com\/en\/prodotto\/the-essence-of-rome-in-a-cup-of-tea\/#primaryimage"},"thumbnailUrl":"https:\/\/narrateworld.com\/wp-content\/uploads\/2023\/06\/Narrate-Planet-Essenza-di-roma-in-un-te.png","datePublished":"2021-06-13T15:24:54+00:00","dateModified":"2024-05-09T14:36:09+00:00","description":"L'essenza di Roma in un miscela di T\u00e8 unica e in un breve racconto che dura il tempo dell'infusione","breadcrumb":{"@id":"https:\/\/narrateworld.com\/en\/prodotto\/the-essence-of-rome-in-a-cup-of-tea\/#breadcrumb"},"inLanguage":"en-US","potentialAction":[{"@type":"ReadAction","target":["https:\/\/narrateworld.com\/en\/prodotto\/the-essence-of-rome-in-a-cup-of-tea\/"]}]},{"@type":"ImageObject","inLanguage":"en-US","@id":"https:\/\/narrateworld.com\/en\/prodotto\/the-essence-of-rome-in-a-cup-of-tea\/#primaryimage","url":"https:\/\/narrateworld.com\/wp-content\/uploads\/2023\/06\/Narrate-Planet-Essenza-di-roma-in-un-te.png","contentUrl":"https:\/\/narrateworld.com\/wp-content\/uploads\/2023\/06\/Narrate-Planet-Essenza-di-roma-in-un-te.png","width":567,"height":613,"caption":"Narrate - Planet - Essenza di Roma in un te"},{"@type":"BreadcrumbList","@id":"https:\/\/narrateworld.com\/en\/prodotto\/the-essence-of-rome-in-a-cup-of-tea\/#breadcrumb","itemListElement":[{"@type":"ListItem","position":1,"name":"Home","item":"https:\/\/narrateworld.com\/en\/"},{"@type":"ListItem","position":2,"name":"Shop","item":"https:\/\/narrateworld.com\/en\/shop-en\/"},{"@type":"ListItem","position":3,"name":"The essence of Rome in a cup of tea"}]},{"@type":"WebSite","@id":"https:\/\/narrateworld.com\/en\/#website","url":"https:\/\/narrateworld.com\/en\/","name":"Narrat\u00e8 World","description":"La lettura ha scoperto l&#039;acqua calda","publisher":{"@id":"https:\/\/narrateworld.com\/en\/#organization"},"potentialAction":[{"@type":"SearchAction","target":{"@type":"EntryPoint","urlTemplate":"https:\/\/narrateworld.com\/en\/?s={search_term_string}"},"query-input":{"@type":"PropertyValueSpecification","valueRequired":true,"valueName":"search_term_string"}}],"inLanguage":"en-US"},{"@type":"Organization","@id":"https:\/\/narrateworld.com\/en\/#organization","name":"Narrat\u00e8 World","url":"https:\/\/narrateworld.com\/en\/","logo":{"@type":"ImageObject","inLanguage":"en-US","@id":"https:\/\/narrateworld.com\/en\/#\/schema\/logo\/image\/","url":"https:\/\/www.narrateworld.com\/wp-content\/uploads\/2024\/05\/logo-order-email-seller.png","contentUrl":"https:\/\/www.narrateworld.com\/wp-content\/uploads\/2024\/05\/logo-order-email-seller.png","width":664,"height":124,"caption":"Narrat\u00e8 World"},"image":{"@id":"https:\/\/narrateworld.com\/en\/#\/schema\/logo\/image\/"},"sameAs":["https:\/\/www.facebook.com\/narrateworld","https:\/\/x.com\/narrateworld","https:\/\/instagram.com\/narrateworld"]}]}},"_links":{"self":[{"href":"https:\/\/narrateworld.com\/en\/wp-json\/wp\/v2\/product\/26218","targetHints":{"allow":["GET"]}}],"collection":[{"href":"https:\/\/narrateworld.com\/en\/wp-json\/wp\/v2\/product"}],"about":[{"href":"https:\/\/narrateworld.com\/en\/wp-json\/wp\/v2\/types\/product"}],"version-history":[{"count":4,"href":"https:\/\/narrateworld.com\/en\/wp-json\/wp\/v2\/product\/26218\/revisions"}],"predecessor-version":[{"id":32800,"href":"https:\/\/narrateworld.com\/en\/wp-json\/wp\/v2\/product\/26218\/revisions\/32800"}],"wp:featuredmedia":[{"embeddable":true,"href":"https:\/\/narrateworld.com\/en\/wp-json\/wp\/v2\/media\/23890"}],"wp:attachment":[{"href":"https:\/\/narrateworld.com\/en\/wp-json\/wp\/v2\/media?parent=26218"}],"wp:term":[{"taxonomy":"product_brand","embeddable":true,"href":"https:\/\/narrateworld.com\/en\/wp-json\/wp\/v2\/product_brand?post=26218"},{"taxonomy":"product_cat","embeddable":true,"href":"https:\/\/narrateworld.com\/en\/wp-json\/wp\/v2\/product_cat?post=26218"},{"taxonomy":"product_tag","embeddable":true,"href":"https:\/\/narrateworld.com\/en\/wp-json\/wp\/v2\/product_tag?post=26218"}],"curies":[{"name":"wp","href":"https:\/\/api.w.org\/{rel}","templated":true}]}}