{"id":45804,"date":"2024-08-23T11:54:34","date_gmt":"2024-08-23T09:54:34","guid":{"rendered":"https:\/\/www.narrateworld.com\/?post_type=product&#038;p=45804"},"modified":"2024-10-11T16:19:04","modified_gmt":"2024-10-11T14:19:04","slug":"altruismo-tisane-filosofiche-narratherapy","status":"publish","type":"product","link":"https:\/\/narrateworld.com\/en\/prodotto\/altruismo-tisane-filosofiche-narratherapy\/","title":{"rendered":"ALTRUISMO &#8211; Tisane Filosofiche &#8211; NarraTHERAPY"},"content":{"rendered":"\t\t<div data-elementor-type=\"wp-post\" data-elementor-id=\"45804\" class=\"elementor elementor-45804\">\n\t\t\t\t\t\t<section class=\"wd-negative-gap elementor-section elementor-top-section elementor-element elementor-element-79752fbe wd-section-stretch elementor-section-content-top elementor-section-boxed elementor-section-height-default elementor-section-height-default\" data-id=\"79752fbe\" data-element_type=\"section\" data-settings=\"{&quot;background_background&quot;:&quot;classic&quot;}\">\n\t\t\t\t\t\t<div class=\"elementor-container elementor-column-gap-extended\">\n\t\t\t\t\t<div class=\"elementor-column elementor-col-50 elementor-top-column elementor-element elementor-element-2af8c87b\" data-id=\"2af8c87b\" data-element_type=\"column\">\n\t\t\t<div class=\"elementor-widget-wrap elementor-element-populated\">\n\t\t\t\t\t\t<div class=\"elementor-element elementor-element-34e43d1 elementor-widget elementor-widget-wd_text_block\" data-id=\"34e43d1\" data-element_type=\"widget\" data-widget_type=\"wd_text_block.default\">\n\t\t\t\t<div class=\"elementor-widget-container\">\n\t\t\t\t\t<div class=\"wd-text-block reset-last-child text-left\">\n\t\t\t\n\t\t\t<h3><span style=\"color: #947eb4;\"><strong>LA TISANA ALTRUISMO<\/strong><\/span><\/h3><p>L\u2019altruismo ha una forza straordinaria: ci avvicina agli altri e ci rende parte di qualcosa di pi\u00f9 grande. Oggi, per\u00f2, il vero spirito altruistico sta svanendo, sostituito da gesti di apparenza e superficialit\u00e0. \u00c8 fondamentale riscoprire il valore profondo dell\u2019altruismo autentico, che arricchisce il cuore e crea legami veri.<\/p><p><strong><span style=\"color: #947eb4;\">LE TISANE FILOSOFICHE<br \/><\/span>Le Tisane Filosofiche Narra<\/strong><strong>THERAPY<\/strong><strong>\u00a0sono un rimedio olistico composto da parole terapeutiche e infusi officinali biologici, fruibili attraverso il format Narrat\u00e8<\/strong><strong>\u00ae<\/strong><strong>: la lettura che dura il tempo d\u2019infusione<\/strong>. Racconti e tisane che insieme si potenziano vicendevolmente con l\u2019intento di comprendere e integrare le carenze all\u2019origine dei pi\u00f9 diffusi disagi contemporanei, per questo le definiamo\u00a0<strong>\u201cIntegratori Letterari\u201d<\/strong>.<strong>\u00a0La confezione si ispira alle scatoline dei medicinali e il \u201csincerino\u201d contenuto, ovvero un bugiardino che dice la verit\u00e0, racchiude sia le parole che il filtro monodose della tisana.<\/strong><\/p><p><strong><span style=\"color: #dda7c2;\"><span style=\"color: #947eb4;\">BLEND<br \/><\/span><\/span><\/strong><strong style=\"font-size: 18px; text-align: var(--text-align); color: var(--wd-text-color);\">Un blend che d\u00e0 il meglio di s\u00e9 quando \u00e8 condiviso<\/strong><span style=\"font-size: 18px; text-align: var(--text-align); color: var(--wd-text-color);\">. L\u2019<\/span><strong style=\"font-size: 18px; text-align: var(--text-align); color: var(--wd-text-color);\">Erba medica<\/strong><span style=\"font-size: 18px; text-align: var(--text-align); color: var(--wd-text-color);\">, ricca di vitamine, rappresenta un atto di altruismo \u201cnaturale\u201d. La <\/span><strong style=\"font-size: 18px; text-align: var(--text-align); color: var(--wd-text-color);\">Menta<\/strong><span style=\"font-size: 18px; text-align: var(--text-align); color: var(--wd-text-color);\"> che con la sua freschezza, evoca rinnovamento e crescita mentre lo <\/span><strong style=\"font-size: 18px; text-align: var(--text-align); color: var(--wd-text-color);\">Zenzero<\/strong><span style=\"font-size: 18px; text-align: var(--text-align); color: var(--wd-text-color);\"> offre il calore del conforto. La <\/span><strong style=\"font-size: 18px; text-align: var(--text-align); color: var(--wd-text-color);\">Cicoria<\/strong><span style=\"font-size: 18px; text-align: var(--text-align); color: var(--wd-text-color);\">, in floriterapia \u00e8 proprio il fiore dell\u2019altruismo. Il <\/span><strong style=\"font-size: 18px; text-align: var(--text-align); color: var(--wd-text-color);\">Girasole<\/strong><span style=\"font-size: 18px; text-align: var(--text-align); color: var(--wd-text-color);\">, con i suoi petali luminosi, simboleggia il donare come il sole dona la luce. Infine le <\/span><strong style=\"font-size: 18px; text-align: var(--text-align); color: var(--wd-text-color);\">Fragole<\/strong><span style=\"font-size: 18px; text-align: var(--text-align); color: var(--wd-text-color);\"> e i <\/span><strong style=\"font-size: 18px; text-align: var(--text-align); color: var(--wd-text-color);\">Mirtilli<\/strong><span style=\"font-size: 18px; text-align: var(--text-align); color: var(--wd-text-color);\"> sono associati ad amore e generosit\u00e0. <\/span><\/p><p><span style=\"font-size: 18px; text-align: var(--text-align); color: var(--wd-text-color);\">La formulazione, miscelazione, insacchettamento e confezionamento nel sacchetto salva aroma, avvengono a mano in una societ\u00e0 agricola piemontese. Il taglio delle piante inserite \u00e8 quello \u201ctisana\u201d che consente la migliore infusione possibile. Per accentuare l\u2019efficacia terapeutica delle piante officinali abbiamo scelto di utilizzare tisane biologiche di alta qualit\u00e0, in confezioni monodose, prodotte e confezionate a mano in Italia. Qualit\u00e0 e costi non paragonabili a quelle, seppur biologiche, prodotte industrialmente. Una scelta che aiuta a garantire la giusta retribuzione lavorativa e un incentivo all\u2019economia territoriale dell\u2019eccellenza agroalimentare italiana. Infine non abbiamo voluto aggiungere filo e pendulino al filtro per non dover impiegare ulteriori elementi di raccordo (<\/span><strong style=\"font-size: 18px; text-align: var(--text-align); color: var(--wd-text-color);\">con potenziali micro inquinanti)<\/strong><span style=\"font-size: 18px; text-align: var(--text-align); color: var(--wd-text-color);\">\u00a0cos\u00ec da salvaguardare al massimo le propriet\u00e0 aromatiche e salutistiche dell\u2019infuso.<\/span><\/p><p><strong>Prezzo al pubblico \u20ac 5,90 | ISBN 9791281421011\u00a0<\/strong><\/p>\n\t\t\t\t\t<\/div>\n\t\t\t\t<\/div>\n\t\t\t\t<\/div>\n\t\t\t\t\t<\/div>\n\t\t<\/div>\n\t\t\t\t<div class=\"elementor-column elementor-col-50 elementor-top-column elementor-element elementor-element-5471f06f\" data-id=\"5471f06f\" data-element_type=\"column\">\n\t\t\t<div class=\"elementor-widget-wrap elementor-element-populated\">\n\t\t\t\t\t\t<div class=\"elementor-element elementor-element-0784455 elementor-widget elementor-widget-wd_accordion\" data-id=\"0784455\" data-element_type=\"widget\" data-widget_type=\"wd_accordion.default\">\n\t\t\t\t<div class=\"elementor-widget-container\">\n\t\t\t\n\t\t<div class=\"wd-accordion wd-style-default\" data-state=\"first\">\n\t\t\t\t\t\t\t\n\t\t\t\t<div class=\"wd-accordion-item\">\n\t\t\t\t\t<div class=\"wd-accordion-title wd-active text-left wd-opener-pos-left\" data-accordion-index=\"0\">\n\t\t\t\t\t\t<div class=\"wd-accordion-title-text\">\n\t\t\t\t\t\t\t\t\t\t\t\t\t\t<span>\n\t\t\t\t\t\t\t\tI TESTI\t\t\t\t\t\t\t<\/span>\n\t\t\t\t\t\t<\/div>\n\t\t\t\t\t\t<span class=\"wd-accordion-opener wd-opener-style-arrow\"><\/span>\n\t\t\t\t\t<\/div>\n\n\t\t\t\t\t<div class=\"wd-accordion-content reset-last-child wd-active\" data-accordion-index=\"0\">\n\t\t\t\t\t\t\t\t\t\t\t\t\t\n\t\t\t\t\t\t\t<p>Le parole giuste hanno un grande\u00a0<strong>potere terapeutico sulla psiche<\/strong>, per questo le abbiamo volute integrare con gli infusi officinali. I testi contenuti sono suddivisi nelle due facce del sincerino: <strong>la prima \u00e8 dedicata interamente al racconto di Filosofia, che dura il tempo d\u2019infusione della tisana (5 min)<\/strong>. Il racconto \u00e8 opera di\u00a0<span style=\"text-decoration: underline\"><span style=\"color: #777777;text-decoration: underline\"><strong><a style=\"color: #777777;text-decoration: underline\" href=\"https:\/\/www.rollingstone.it\/cultura\/ilaria-gaspari-e-lastro-nascente-della-filosofia-italiana\/532313\/\" target=\"_blank\" rel=\"noopener\">Il<\/a><a style=\"color: #777777;text-decoration: underline\" href=\"https:\/\/www.rollingstone.it\/cultura\/ilaria-gaspari-e-lastro-nascente-della-filosofia-italiana\/532313\/\" target=\"_blank\" rel=\"noopener\">aria<\/a><\/strong><\/span><\/span><a href=\"https:\/\/www.rollingstone.it\/cultura\/ilaria-gaspari-e-lastro-nascente-della-filosofia-italiana\/532313\/\" target=\"_blank\" rel=\"noopener\"><span style=\"color: #777777\"><strong><span style=\"text-decoration: underline\"> Gaspari<\/span><\/strong><\/span><\/a> una degli astri nascenti della filosofia italiana.<br \/><strong>Questo testo \u00e8 impaginato con\u00a0<\/strong><strong>OpenDyslexic<\/strong><strong>\u00a0un font\u00a0<\/strong><strong>progettato<\/strong><strong>\u00a0per facilitare la lettura ai dislessici.<br \/><\/strong>L\u2019altra faccia del sincerino contiene invece i rimanenti contenuti multidisciplinari, utili ad avere altre sfaccettature da leggere nel post infusione:<br \/>- Psicologia, a cura della <a href=\"https:\/\/www.ilariacaelli.com\/\">Dott.ssa Ilaria CAELLI<\/a><br \/>- Letteratura a cura di Elena MOLINI di <span style=\"text-decoration: underline;color: #777777\"><strong><a style=\"color: #777777;text-decoration: underline\" href=\"https:\/\/www.piccolafarmacialetteraria.it\/\" target=\"_blank\" rel=\"noopener\">Piccola Farmacia Letteraria<\/a><br \/><\/strong><\/span><span style=\"color: #777777\"><strong style=\"color: #333333\">Su questa pagina si trova anche il Qr-code da cui \u00e8 possibile accedere ai contenuti multimediali e ascoltare l\u2019audio racconto interpretato magnificamente dalla voce di Daniela Amato<\/strong><\/span><span style=\"color: #777777\"><strong style=\"color: #333333\">.<\/strong><\/span><span style=\"color: #777777\"><span style=\"color: #333333\">\u00a0Un ulteriore vantaggio pensato per gli ipovedenti ma godibile da tutti.<\/span><\/span><span style=\"text-decoration: underline;color: #777777\"><strong><br \/><\/strong><\/span><\/p>\n\t\t\t\t\t\t\t\t\t\t\t\t\t\t\t\t\t\t<\/div>\n\t\t\t\t<\/div>\n\t\t\t\t\t\t\t\n\t\t\t\t<div class=\"wd-accordion-item\">\n\t\t\t\t\t<div class=\"wd-accordion-title text-left wd-opener-pos-left\" data-accordion-index=\"1\">\n\t\t\t\t\t\t<div class=\"wd-accordion-title-text\">\n\t\t\t\t\t\t\t\t\t\t\t\t\t\t<span>\n\t\t\t\t\t\t\t\t100% CONFEZIONATA A MANO, MADE IN ITALY E BIOLOGICA\t\t\t\t\t\t\t<\/span>\n\t\t\t\t\t\t<\/div>\n\t\t\t\t\t\t<span class=\"wd-accordion-opener wd-opener-style-arrow\"><\/span>\n\t\t\t\t\t<\/div>\n\n\t\t\t\t\t<div class=\"wd-accordion-content reset-last-child\" data-accordion-index=\"1\">\n\t\t\t\t\t\t\t\t\t\t\t\t\t\n\t\t\t\t\t\t\t<p>L'assemblaggio finale \u00e8 svolto a mano. La stampa \u00e8 curata da una tipografia della provincia di Varese e avviene utilizzando per il sincerino la StonePaper una carta ottenuta da polvere di pietra, vellutata al tatto, impermeabile ma fotodegradabile ed ecologica (non \u00e8 stato abbattuto un albero per la produzione).<br \/>La scatolina invece \u00e8 in cartoncino riciclato di alta qualit\u00e0. Il prodotto finito risulta cos\u00ec una piccola eccellenza del made in Italy da collezionare.<br \/>Le dimensioni della scatola sono 11 x 8 x 1,5 cm, quelle del sincerino 21 x 29,7 cm (aperto) e quelle del filtro 7 x 5 cm. Contiene 2g di infuso, taglio tisana, perfetto per preparare un\u2019eccellente tazza.<\/p>\n\t\t\t\t\t\t\t\t\t\t\t\t\t\t\t\t\t\t<\/div>\n\t\t\t\t<\/div>\n\t\t\t\t\t<\/div>\n\t\t\t\t<\/div>\n\t\t\t\t<\/div>\n\t\t\t\t<div class=\"elementor-element elementor-element-2d6609b elementor-widget elementor-widget-wd_image_or_svg\" data-id=\"2d6609b\" data-element_type=\"widget\" data-widget_type=\"wd_image_or_svg.default\">\n\t\t\t\t<div class=\"elementor-widget-container\">\n\t\t\t\n\t\t<div class=\"wd-image text-left\">\n\t\t\t\t\t\t\t\t<img fetchpriority=\"high\" decoding=\"async\" width=\"900\" height=\"900\" src=\"https:\/\/narrateworld.com\/wp-content\/uploads\/2024\/08\/ALTRUISMO.png\" class=\"attachment-full size-full\" alt=\"\" srcset=\"https:\/\/narrateworld.com\/wp-content\/uploads\/2024\/08\/ALTRUISMO.png 900w, https:\/\/narrateworld.com\/wp-content\/uploads\/2024\/08\/ALTRUISMO-300x300.png 300w, https:\/\/narrateworld.com\/wp-content\/uploads\/2024\/08\/ALTRUISMO-800x800.png 800w, https:\/\/narrateworld.com\/wp-content\/uploads\/2024\/08\/ALTRUISMO-150x150.png 150w, https:\/\/narrateworld.com\/wp-content\/uploads\/2024\/08\/ALTRUISMO-768x768.png 768w, https:\/\/narrateworld.com\/wp-content\/uploads\/2024\/08\/ALTRUISMO-860x860.png 860w, https:\/\/narrateworld.com\/wp-content\/uploads\/2024\/08\/ALTRUISMO-430x430.png 430w, https:\/\/narrateworld.com\/wp-content\/uploads\/2024\/08\/ALTRUISMO-700x700.png 700w\" sizes=\"(max-width: 900px) 100vw, 900px\" \/>\t\t\t\t\t<\/div>\n\n\t\t\t\t<\/div>\n\t\t\t\t<\/div>\n\t\t\t\t\t<\/div>\n\t\t<\/div>\n\t\t\t\t\t<\/div>\n\t\t<\/section>\n\t\t\t\t<\/div>\n\t\t","protected":false},"excerpt":{"rendered":"<p>Una forza straordinaria che arricchisce il cuore e crea legami veri.<\/p>\n","protected":false},"featured_media":45816,"template":"","meta":[],"product_brand":[],"product_cat":[112],"product_tag":[],"class_list":{"0":"post-45804","1":"product","2":"type-product","3":"status-publish","4":"has-post-thumbnail","6":"product_cat-narratherapy-tisane-filosofiche","8":"first","9":"instock","10":"taxable","11":"shipping-taxable","12":"purchasable","13":"product-type-simple"},"yoast_head":"<!-- This site is optimized with the Yoast SEO plugin v27.4 - https:\/\/yoast.com\/product\/yoast-seo-wordpress\/ -->\n<title>ALTRUISMO - Tisane Filosofiche - NarraTHERAPY - Narrat\u00e8 World<\/title>\n<meta name=\"robots\" content=\"index, follow, max-snippet:-1, max-image-preview:large, max-video-preview:-1\" \/>\n<link rel=\"canonical\" href=\"https:\/\/narrateworld.com\/en\/prodotto\/altruismo-tisane-filosofiche-narratherapy\/\" \/>\n<meta property=\"og:locale\" content=\"en_US\" \/>\n<meta property=\"og:type\" content=\"article\" \/>\n<meta property=\"og:title\" content=\"ALTRUISMO - Tisane Filosofiche - NarraTHERAPY - Narrat\u00e8 World\" \/>\n<meta property=\"og:description\" content=\"Una forza straordinaria che arricchisce il cuore e crea legami veri.\" \/>\n<meta property=\"og:url\" content=\"https:\/\/narrateworld.com\/en\/prodotto\/altruismo-tisane-filosofiche-narratherapy\/\" \/>\n<meta property=\"og:site_name\" content=\"Narrat\u00e8 World\" \/>\n<meta property=\"article:publisher\" content=\"https:\/\/www.facebook.com\/narrateworld\" \/>\n<meta property=\"article:modified_time\" content=\"2024-10-11T14:19:04+00:00\" \/>\n<meta property=\"og:image\" content=\"https:\/\/narrateworld.com\/wp-content\/uploads\/2024\/08\/ALTRUISMO.png\" \/>\n\t<meta property=\"og:image:width\" content=\"900\" \/>\n\t<meta property=\"og:image:height\" content=\"900\" \/>\n\t<meta property=\"og:image:type\" content=\"image\/png\" \/>\n<meta name=\"twitter:card\" content=\"summary_large_image\" \/>\n<meta name=\"twitter:site\" content=\"@narrateworld\" \/>\n<meta name=\"twitter:label1\" content=\"Est. reading time\" \/>\n\t<meta name=\"twitter:data1\" content=\"4 minutes\" \/>\n<script type=\"application\/ld+json\" class=\"yoast-schema-graph\">{\"@context\":\"https:\\\/\\\/schema.org\",\"@graph\":[{\"@type\":\"WebPage\",\"@id\":\"https:\\\/\\\/narrateworld.com\\\/en\\\/prodotto\\\/altruismo-tisane-filosofiche-narratherapy\\\/\",\"url\":\"https:\\\/\\\/narrateworld.com\\\/en\\\/prodotto\\\/altruismo-tisane-filosofiche-narratherapy\\\/\",\"name\":\"ALTRUISMO - Tisane Filosofiche - NarraTHERAPY - Narrat\u00e8 World\",\"isPartOf\":{\"@id\":\"https:\\\/\\\/narrateworld.com\\\/en\\\/#website\"},\"primaryImageOfPage\":{\"@id\":\"https:\\\/\\\/narrateworld.com\\\/en\\\/prodotto\\\/altruismo-tisane-filosofiche-narratherapy\\\/#primaryimage\"},\"image\":{\"@id\":\"https:\\\/\\\/narrateworld.com\\\/en\\\/prodotto\\\/altruismo-tisane-filosofiche-narratherapy\\\/#primaryimage\"},\"thumbnailUrl\":\"https:\\\/\\\/narrateworld.com\\\/wp-content\\\/uploads\\\/2024\\\/08\\\/ALTRUISMO.png\",\"datePublished\":\"2024-08-23T09:54:34+00:00\",\"dateModified\":\"2024-10-11T14:19:04+00:00\",\"breadcrumb\":{\"@id\":\"https:\\\/\\\/narrateworld.com\\\/en\\\/prodotto\\\/altruismo-tisane-filosofiche-narratherapy\\\/#breadcrumb\"},\"inLanguage\":\"en-US\",\"potentialAction\":[{\"@type\":\"ReadAction\",\"target\":[\"https:\\\/\\\/narrateworld.com\\\/en\\\/prodotto\\\/altruismo-tisane-filosofiche-narratherapy\\\/\"]}]},{\"@type\":\"ImageObject\",\"inLanguage\":\"en-US\",\"@id\":\"https:\\\/\\\/narrateworld.com\\\/en\\\/prodotto\\\/altruismo-tisane-filosofiche-narratherapy\\\/#primaryimage\",\"url\":\"https:\\\/\\\/narrateworld.com\\\/wp-content\\\/uploads\\\/2024\\\/08\\\/ALTRUISMO.png\",\"contentUrl\":\"https:\\\/\\\/narrateworld.com\\\/wp-content\\\/uploads\\\/2024\\\/08\\\/ALTRUISMO.png\",\"width\":900,\"height\":900},{\"@type\":\"BreadcrumbList\",\"@id\":\"https:\\\/\\\/narrateworld.com\\\/en\\\/prodotto\\\/altruismo-tisane-filosofiche-narratherapy\\\/#breadcrumb\",\"itemListElement\":[{\"@type\":\"ListItem\",\"position\":1,\"name\":\"Home\",\"item\":\"https:\\\/\\\/narrateworld.com\\\/en\\\/\"},{\"@type\":\"ListItem\",\"position\":2,\"name\":\"Shop\",\"item\":\"https:\\\/\\\/narrateworld.com\\\/en\\\/shop-en\\\/\"},{\"@type\":\"ListItem\",\"position\":3,\"name\":\"ALTRUISMO &#8211; Tisane Filosofiche &#8211; NarraTHERAPY\"}]},{\"@type\":\"WebSite\",\"@id\":\"https:\\\/\\\/narrateworld.com\\\/en\\\/#website\",\"url\":\"https:\\\/\\\/narrateworld.com\\\/en\\\/\",\"name\":\"Narrat\u00e8 World\",\"description\":\"La lettura ha scoperto l&#039;acqua calda\",\"publisher\":{\"@id\":\"https:\\\/\\\/narrateworld.com\\\/en\\\/#organization\"},\"potentialAction\":[{\"@type\":\"SearchAction\",\"target\":{\"@type\":\"EntryPoint\",\"urlTemplate\":\"https:\\\/\\\/narrateworld.com\\\/en\\\/?s={search_term_string}\"},\"query-input\":{\"@type\":\"PropertyValueSpecification\",\"valueRequired\":true,\"valueName\":\"search_term_string\"}}],\"inLanguage\":\"en-US\"},{\"@type\":\"Organization\",\"@id\":\"https:\\\/\\\/narrateworld.com\\\/en\\\/#organization\",\"name\":\"Narrat\u00e8 World\",\"url\":\"https:\\\/\\\/narrateworld.com\\\/en\\\/\",\"logo\":{\"@type\":\"ImageObject\",\"inLanguage\":\"en-US\",\"@id\":\"https:\\\/\\\/narrateworld.com\\\/en\\\/#\\\/schema\\\/logo\\\/image\\\/\",\"url\":\"https:\\\/\\\/www.narrateworld.com\\\/wp-content\\\/uploads\\\/2024\\\/05\\\/logo-order-email-seller.png\",\"contentUrl\":\"https:\\\/\\\/www.narrateworld.com\\\/wp-content\\\/uploads\\\/2024\\\/05\\\/logo-order-email-seller.png\",\"width\":664,\"height\":124,\"caption\":\"Narrat\u00e8 World\"},\"image\":{\"@id\":\"https:\\\/\\\/narrateworld.com\\\/en\\\/#\\\/schema\\\/logo\\\/image\\\/\"},\"sameAs\":[\"https:\\\/\\\/www.facebook.com\\\/narrateworld\",\"https:\\\/\\\/x.com\\\/narrateworld\",\"https:\\\/\\\/instagram.com\\\/narrateworld\"]}]}<\/script>\n<!-- \/ Yoast SEO plugin. -->","yoast_head_json":{"title":"ALTRUISMO - Tisane Filosofiche - NarraTHERAPY - Narrat\u00e8 World","robots":{"index":"index","follow":"follow","max-snippet":"max-snippet:-1","max-image-preview":"max-image-preview:large","max-video-preview":"max-video-preview:-1"},"canonical":"https:\/\/narrateworld.com\/en\/prodotto\/altruismo-tisane-filosofiche-narratherapy\/","og_locale":"en_US","og_type":"article","og_title":"ALTRUISMO - Tisane Filosofiche - NarraTHERAPY - Narrat\u00e8 World","og_description":"Una forza straordinaria che arricchisce il cuore e crea legami veri.","og_url":"https:\/\/narrateworld.com\/en\/prodotto\/altruismo-tisane-filosofiche-narratherapy\/","og_site_name":"Narrat\u00e8 World","article_publisher":"https:\/\/www.facebook.com\/narrateworld","article_modified_time":"2024-10-11T14:19:04+00:00","og_image":[{"width":900,"height":900,"url":"https:\/\/narrateworld.com\/wp-content\/uploads\/2024\/08\/ALTRUISMO.png","type":"image\/png"}],"twitter_card":"summary_large_image","twitter_site":"@narrateworld","twitter_misc":{"Est. reading time":"4 minutes"},"schema":{"@context":"https:\/\/schema.org","@graph":[{"@type":"WebPage","@id":"https:\/\/narrateworld.com\/en\/prodotto\/altruismo-tisane-filosofiche-narratherapy\/","url":"https:\/\/narrateworld.com\/en\/prodotto\/altruismo-tisane-filosofiche-narratherapy\/","name":"ALTRUISMO - Tisane Filosofiche - NarraTHERAPY - Narrat\u00e8 World","isPartOf":{"@id":"https:\/\/narrateworld.com\/en\/#website"},"primaryImageOfPage":{"@id":"https:\/\/narrateworld.com\/en\/prodotto\/altruismo-tisane-filosofiche-narratherapy\/#primaryimage"},"image":{"@id":"https:\/\/narrateworld.com\/en\/prodotto\/altruismo-tisane-filosofiche-narratherapy\/#primaryimage"},"thumbnailUrl":"https:\/\/narrateworld.com\/wp-content\/uploads\/2024\/08\/ALTRUISMO.png","datePublished":"2024-08-23T09:54:34+00:00","dateModified":"2024-10-11T14:19:04+00:00","breadcrumb":{"@id":"https:\/\/narrateworld.com\/en\/prodotto\/altruismo-tisane-filosofiche-narratherapy\/#breadcrumb"},"inLanguage":"en-US","potentialAction":[{"@type":"ReadAction","target":["https:\/\/narrateworld.com\/en\/prodotto\/altruismo-tisane-filosofiche-narratherapy\/"]}]},{"@type":"ImageObject","inLanguage":"en-US","@id":"https:\/\/narrateworld.com\/en\/prodotto\/altruismo-tisane-filosofiche-narratherapy\/#primaryimage","url":"https:\/\/narrateworld.com\/wp-content\/uploads\/2024\/08\/ALTRUISMO.png","contentUrl":"https:\/\/narrateworld.com\/wp-content\/uploads\/2024\/08\/ALTRUISMO.png","width":900,"height":900},{"@type":"BreadcrumbList","@id":"https:\/\/narrateworld.com\/en\/prodotto\/altruismo-tisane-filosofiche-narratherapy\/#breadcrumb","itemListElement":[{"@type":"ListItem","position":1,"name":"Home","item":"https:\/\/narrateworld.com\/en\/"},{"@type":"ListItem","position":2,"name":"Shop","item":"https:\/\/narrateworld.com\/en\/shop-en\/"},{"@type":"ListItem","position":3,"name":"ALTRUISMO &#8211; Tisane Filosofiche &#8211; NarraTHERAPY"}]},{"@type":"WebSite","@id":"https:\/\/narrateworld.com\/en\/#website","url":"https:\/\/narrateworld.com\/en\/","name":"Narrat\u00e8 World","description":"La lettura ha scoperto l&#039;acqua calda","publisher":{"@id":"https:\/\/narrateworld.com\/en\/#organization"},"potentialAction":[{"@type":"SearchAction","target":{"@type":"EntryPoint","urlTemplate":"https:\/\/narrateworld.com\/en\/?s={search_term_string}"},"query-input":{"@type":"PropertyValueSpecification","valueRequired":true,"valueName":"search_term_string"}}],"inLanguage":"en-US"},{"@type":"Organization","@id":"https:\/\/narrateworld.com\/en\/#organization","name":"Narrat\u00e8 World","url":"https:\/\/narrateworld.com\/en\/","logo":{"@type":"ImageObject","inLanguage":"en-US","@id":"https:\/\/narrateworld.com\/en\/#\/schema\/logo\/image\/","url":"https:\/\/www.narrateworld.com\/wp-content\/uploads\/2024\/05\/logo-order-email-seller.png","contentUrl":"https:\/\/www.narrateworld.com\/wp-content\/uploads\/2024\/05\/logo-order-email-seller.png","width":664,"height":124,"caption":"Narrat\u00e8 World"},"image":{"@id":"https:\/\/narrateworld.com\/en\/#\/schema\/logo\/image\/"},"sameAs":["https:\/\/www.facebook.com\/narrateworld","https:\/\/x.com\/narrateworld","https:\/\/instagram.com\/narrateworld"]}]}},"_links":{"self":[{"href":"https:\/\/narrateworld.com\/en\/wp-json\/wp\/v2\/product\/45804","targetHints":{"allow":["GET"]}}],"collection":[{"href":"https:\/\/narrateworld.com\/en\/wp-json\/wp\/v2\/product"}],"about":[{"href":"https:\/\/narrateworld.com\/en\/wp-json\/wp\/v2\/types\/product"}],"version-history":[{"count":95,"href":"https:\/\/narrateworld.com\/en\/wp-json\/wp\/v2\/product\/45804\/revisions"}],"predecessor-version":[{"id":46122,"href":"https:\/\/narrateworld.com\/en\/wp-json\/wp\/v2\/product\/45804\/revisions\/46122"}],"wp:featuredmedia":[{"embeddable":true,"href":"https:\/\/narrateworld.com\/en\/wp-json\/wp\/v2\/media\/45816"}],"wp:attachment":[{"href":"https:\/\/narrateworld.com\/en\/wp-json\/wp\/v2\/media?parent=45804"}],"wp:term":[{"taxonomy":"product_brand","embeddable":true,"href":"https:\/\/narrateworld.com\/en\/wp-json\/wp\/v2\/product_brand?post=45804"},{"taxonomy":"product_cat","embeddable":true,"href":"https:\/\/narrateworld.com\/en\/wp-json\/wp\/v2\/product_cat?post=45804"},{"taxonomy":"product_tag","embeddable":true,"href":"https:\/\/narrateworld.com\/en\/wp-json\/wp\/v2\/product_tag?post=45804"}],"curies":[{"name":"wp","href":"https:\/\/api.w.org\/{rel}","templated":true}]}}