{"id":47874,"date":"2025-05-22T10:58:09","date_gmt":"2025-05-22T08:58:09","guid":{"rendered":"https:\/\/www.narrateworld.com\/?post_type=product&#038;p=47874"},"modified":"2025-05-23T19:45:42","modified_gmt":"2025-05-23T17:45:42","slug":"salvagenthe-lavoro","status":"publish","type":"product","link":"https:\/\/narrateworld.com\/en\/prodotto\/salvagenthe-lavoro\/","title":{"rendered":"Salvagenth\u00e8 Lavoro"},"content":{"rendered":"\t\t<div data-elementor-type=\"wp-post\" data-elementor-id=\"47874\" class=\"elementor elementor-47874\">\n\t\t\t\t\t\t<section class=\"wd-negative-gap elementor-section elementor-top-section elementor-element elementor-element-79752fbe wd-section-stretch elementor-section-content-top elementor-section-boxed elementor-section-height-default elementor-section-height-default\" data-id=\"79752fbe\" data-element_type=\"section\" data-settings=\"{&quot;background_background&quot;:&quot;classic&quot;}\">\n\t\t\t\t\t\t<div class=\"elementor-container elementor-column-gap-extended\">\n\t\t\t\t\t<div class=\"elementor-column elementor-col-50 elementor-top-column elementor-element elementor-element-2af8c87b\" data-id=\"2af8c87b\" data-element_type=\"column\">\n\t\t\t<div class=\"elementor-widget-wrap elementor-element-populated\">\n\t\t\t\t\t\t<div class=\"elementor-element elementor-element-34e43d1 elementor-widget elementor-widget-wd_text_block\" data-id=\"34e43d1\" data-element_type=\"widget\" data-widget_type=\"wd_text_block.default\">\n\t\t\t\t<div class=\"elementor-widget-container\">\n\t\t\t\t\t<div class=\"wd-text-block reset-last-child text-left\">\n\t\t\t\n\t\t\t<h3><span style=\"color: #3e3a93\"><strong>BREVE PRONTUARIO DI SOPRAVVIVENZA AL LAVORO<\/strong><\/span><\/h3><p style=\"font-weight: 400\">Il lavoro \u00e8 una questione seria, per questo va affrontato col sorriso. Un agile strumento di riflessione sia per chi ce l'ha che per chi lo sta cercando. Abbiamo affidato questo titolo a Stefania Zolotti, un'acrobata delle parole e una giursita dei contenuti, il risultato \u00e8 ironico e irriverente, una breve guida irrinunciabile nella giungla lavorativa contemporanea. Non potevamo fare scelta migliore. In due lingue (ITA\/ENG) - 1<sup>a<\/sup> edizione maggio 2025<\/p><p><span style=\"color: #3e3a93\"><strong>NEW BLEND<br \/><\/strong><\/span><strong>T\u00e8 verde Bancha*, Canapa semi*, Basilico*, Arancio scorze*, Zenzero*, Menta piperita, Rhodiola rosea radice*, Ginseng*.\u00a0<\/strong>- * da agricoltura biologica<\/p><p style=\"text-align: center\"><img fetchpriority=\"high\" decoding=\"async\" class=\"alignnone wp-image-47882\" src=\"https:\/\/www.narrateworld.com\/wp-content\/uploads\/2025\/05\/INGREDIENTI_BLEND-400x95.png\" alt=\"\" width=\"1105\" height=\"261\" srcset=\"https:\/\/narrateworld.com\/wp-content\/uploads\/2025\/05\/INGREDIENTI_BLEND-400x95.png 400w, https:\/\/narrateworld.com\/wp-content\/uploads\/2025\/05\/INGREDIENTI_BLEND-768x182.png 768w, https:\/\/narrateworld.com\/wp-content\/uploads\/2025\/05\/INGREDIENTI_BLEND-860x204.png 860w, https:\/\/narrateworld.com\/wp-content\/uploads\/2025\/05\/INGREDIENTI_BLEND-430x102.png 430w, https:\/\/narrateworld.com\/wp-content\/uploads\/2025\/05\/INGREDIENTI_BLEND-700x166.png 700w, https:\/\/narrateworld.com\/wp-content\/uploads\/2025\/05\/INGREDIENTI_BLEND-150x36.png 150w, https:\/\/narrateworld.com\/wp-content\/uploads\/2025\/05\/INGREDIENTI_BLEND.png 901w\" sizes=\"(max-width: 1105px) 100vw, 1105px\" \/><\/p><p><span style=\"color: #3e3a93\"><strong>CARATTERISTICHE TECNICHE<br \/><\/strong><\/span><strong>Libretto:<\/strong> Dim. 9 x 10 x 0,6 cm (chiuso), cover con stampa in fluo. 24 facciate stampate in offset su carta riciclata + 2 bianche di guardia. Doppia rilegatura: con punti metallici e incollatura. Assemblato a mano con amore in Italia. Chiusura con bollino adesivo di garanzia contenente l\u2019indicazione della data di scadenza.<\/p><p><strong>Filtro confezionato a mano:<br \/><\/strong>La formulazione, miscelazione, insacchettamento e confezionamento nel sacchetto monodose salva aroma, del blend avvengono manualmente in una piccola azienda agricola piemontese. Il taglio degli ingredienti contenuti \u00e8 quello \u201ctisana\u201d che consente la migliore infusione possibile. Per questo abbiamo scelto di utilizzare t\u00e8 biologici di alta qualit\u00e0, in filtri monodose, prodotti e confezionati manualmente uno a uno, in Italia con qualit\u00e0 e costi non paragonabili a quelli prodotti industrialmente. Una scelta che aiuta a garantire la giusta retribuzione lavorativa agli artigiani e un incentivo all\u2019economia territoriale dell\u2019eccellenza agroalimentare italiana. Infine non abbiamo voluto aggiungere filo e pendulino al filtro per non dover impiegare ulteriori elementi di raccordo (con potenziali micro inquinanti sia in fase di produzione che di consumo) cos\u00ec da salvaguardare al massimo le propriet\u00e0 aromatiche e organolettiche dell\u2019infuso.<br \/>Contiene 2 grammi di miscela biologica di alta qualit\u00e0, certificata ICEA.<\/p><p>Tempo d\u2019infusione: 5 minuti. Validit\u00e0 3 anni dall\u2019imbustamento. Confezionata in un sacchetto protettivo monodose termosaldato in plastica per alimenti 6 x 8,5 x 0,15 cm.<\/p><p><span style=\"color: #d65a94\"><strong><span style=\"color: #3e3a93\">PAGINE SPECIALI<\/span><br \/><\/strong><\/span>Oltre ai 10 paragrafetti del testo dedicato all\u2019infusione, abbiamo dedicato 2 pagine con gli <strong>esercizi psicofisici di sopravvivenza<\/strong> a cura della redazione Narrafood, come i <strong>suggerimenti delle letture di sopravvivenza<\/strong>. L\u2019ultima pagina del libretto ospita il qr-code necessario ad accedere ai relativi contenuti multimediali.<\/p><p><strong>Prezzo al pubblico \u20ac 6,90 | ISBN 9791281421080<br \/><\/strong><\/p>\n\t\t\t\t\t<\/div>\n\t\t\t\t<\/div>\n\t\t\t\t<\/div>\n\t\t\t\t\t<\/div>\n\t\t<\/div>\n\t\t\t\t<div class=\"elementor-column elementor-col-50 elementor-top-column elementor-element elementor-element-5471f06f\" data-id=\"5471f06f\" data-element_type=\"column\">\n\t\t\t<div class=\"elementor-widget-wrap elementor-element-populated\">\n\t\t\t\t\t\t<div class=\"elementor-element elementor-element-0784455 elementor-widget elementor-widget-wd_accordion\" data-id=\"0784455\" data-element_type=\"widget\" data-widget_type=\"wd_accordion.default\">\n\t\t\t\t<div class=\"elementor-widget-container\">\n\t\t\t\n\t\t<div class=\"wd-accordion wd-style-default\" data-state=\"first\">\n\t\t\t\t\t\t\t\n\t\t\t\t<div class=\"wd-accordion-item\">\n\t\t\t\t\t<div class=\"wd-accordion-title wd-active text-left wd-opener-pos-left\" data-accordion-index=\"0\">\n\t\t\t\t\t\t<div class=\"wd-accordion-title-text\">\n\t\t\t\t\t\t\t\t\t\t\t\t\t\t<span>\n\t\t\t\t\t\t\t\tIl Blend di sopravvivenza al Lavoro\t\t\t\t\t\t\t<\/span>\n\t\t\t\t\t\t<\/div>\n\t\t\t\t\t\t<span class=\"wd-accordion-opener wd-opener-style-arrow\"><\/span>\n\t\t\t\t\t<\/div>\n\n\t\t\t\t\t<div class=\"wd-accordion-content reset-last-child wd-active\" data-accordion-index=\"0\">\n\t\t\t\t\t\t\t\t\t\t\t\t\t\n\t\t\t\t\t\t\t<p>Sopravvivere \u00e8 un\u2019impresa snervante: da qui la scelta della <strong>canapa<\/strong> (semi) come base di tutti i blend dei prontuari, assieme al pregiato <strong>t\u00e8 verde Bancha<\/strong>, ricco di antiossidanti, calcio e niacina, che protegge il sistema nervoso. Che tu sia in ufficio, in smart working o in meditazione orizzontale, questo blend ti sostiene con leggerezza: <strong>ginseng<\/strong> e <strong>rhodiola<\/strong> per non crollare, <strong>menta<\/strong> e <strong>basilico<\/strong> per rinfrescare le idee, <strong>arancia<\/strong> e <strong>zenzero<\/strong> per accendere i sensi. Un infuso che \u201cnobilita\u201d il palato.<\/p>\n\t\t\t\t\t\t\t\t\t\t\t\t\t\t\t\t\t\t<\/div>\n\t\t\t\t<\/div>\n\t\t\t\t\t\t\t\n\t\t\t\t<div class=\"wd-accordion-item\">\n\t\t\t\t\t<div class=\"wd-accordion-title text-left wd-opener-pos-left\" data-accordion-index=\"1\">\n\t\t\t\t\t\t<div class=\"wd-accordion-title-text\">\n\t\t\t\t\t\t\t\t\t\t\t\t\t\t<span>\n\t\t\t\t\t\t\t\tL&#039;autrice | Stefania ZOLOTTI\t\t\t\t\t\t\t<\/span>\n\t\t\t\t\t\t<\/div>\n\t\t\t\t\t\t<span class=\"wd-accordion-opener wd-opener-style-arrow\"><\/span>\n\t\t\t\t\t<\/div>\n\n\t\t\t\t\t<div class=\"wd-accordion-content reset-last-child\" data-accordion-index=\"1\">\n\t\t\t\t\t\t\t\t\t\t\t\t\t\n\t\t\t\t\t\t\t<p>Giornalista e <a href=\"https:\/\/www.informazionesenzafiltro.it\/autori\/stefania-zolotti\">direttrice responsabile di SenzaFiltro<\/a>. Con \u201cSentimenti precisi\u201d gira l\u2019Italia tenendo laboratori contro i blocchi della scrittura per aziende, enti, scuole: tutto a mano, solo fogli e penna. Per vent\u2019anni ha lavorato nel mondo del vino collaborando con le principali testate e pubblicando due libri: \u201dVino a doppio senso. Guida ironica per uomini e donne\u201d (Gabrio Marinelli Editore, 2006) e \u201cIl Bicchiere mezzo pieno. Liberarsi dagli esperti \u00e8 il primo passo per bere bene\u201d (Le Lettere, 2020).<\/p>\n\t\t\t\t\t\t\t\t\t\t\t\t\t\t\t\t\t\t<\/div>\n\t\t\t\t<\/div>\n\t\t\t\t\t<\/div>\n\t\t\t\t<\/div>\n\t\t\t\t<\/div>\n\t\t\t\t<div class=\"elementor-element elementor-element-2d6609b elementor-widget elementor-widget-wd_image_or_svg\" data-id=\"2d6609b\" data-element_type=\"widget\" data-widget_type=\"wd_image_or_svg.default\">\n\t\t\t\t<div class=\"elementor-widget-container\">\n\t\t\t\n\t\t<div class=\"wd-image text-left\">\n\t\t\t\t\t\t\t\t<img decoding=\"async\" width=\"1368\" height=\"1368\" src=\"https:\/\/narrateworld.com\/wp-content\/uploads\/2025\/05\/SCHEDA_BPS_LAVORO.png\" class=\"attachment-full size-full\" alt=\"\" srcset=\"https:\/\/narrateworld.com\/wp-content\/uploads\/2025\/05\/SCHEDA_BPS_LAVORO.png 1368w, https:\/\/narrateworld.com\/wp-content\/uploads\/2025\/05\/SCHEDA_BPS_LAVORO-300x300.png 300w, https:\/\/narrateworld.com\/wp-content\/uploads\/2025\/05\/SCHEDA_BPS_LAVORO-800x800.png 800w, https:\/\/narrateworld.com\/wp-content\/uploads\/2025\/05\/SCHEDA_BPS_LAVORO-150x150.png 150w, https:\/\/narrateworld.com\/wp-content\/uploads\/2025\/05\/SCHEDA_BPS_LAVORO-768x768.png 768w, https:\/\/narrateworld.com\/wp-content\/uploads\/2025\/05\/SCHEDA_BPS_LAVORO-860x860.png 860w, https:\/\/narrateworld.com\/wp-content\/uploads\/2025\/05\/SCHEDA_BPS_LAVORO-430x430.png 430w, https:\/\/narrateworld.com\/wp-content\/uploads\/2025\/05\/SCHEDA_BPS_LAVORO-700x700.png 700w\" sizes=\"(max-width: 1368px) 100vw, 1368px\" \/>\t\t\t\t\t<\/div>\n\n\t\t\t\t<\/div>\n\t\t\t\t<\/div>\n\t\t\t\t\t<\/div>\n\t\t<\/div>\n\t\t\t\t\t<\/div>\n\t\t<\/section>\n\t\t\t\t<\/div>\n\t\t","protected":false},"excerpt":{"rendered":"<p>Breve prontuario semiserio di sopravvivenza al Lavoro.<\/p>\n","protected":false},"featured_media":47984,"template":"","meta":[],"product_brand":[],"product_cat":[154],"product_tag":[],"class_list":{"0":"post-47874","1":"product","2":"type-product","3":"status-publish","4":"has-post-thumbnail","6":"product_cat-salvagenthe","8":"first","9":"instock","10":"featured","11":"taxable","12":"shipping-taxable","13":"purchasable","14":"product-type-simple"},"yoast_head":"<!-- This site is optimized with the Yoast SEO plugin v27.4 - https:\/\/yoast.com\/product\/yoast-seo-wordpress\/ -->\n<title>Salvagenth\u00e8 Lavoro - Narrat\u00e8 World<\/title>\n<meta name=\"robots\" content=\"index, follow, max-snippet:-1, max-image-preview:large, max-video-preview:-1\" \/>\n<link rel=\"canonical\" href=\"https:\/\/narrateworld.com\/en\/prodotto\/salvagenthe-lavoro\/\" \/>\n<meta property=\"og:locale\" content=\"en_US\" \/>\n<meta property=\"og:type\" content=\"article\" \/>\n<meta property=\"og:title\" content=\"Salvagenth\u00e8 Lavoro - Narrat\u00e8 World\" \/>\n<meta property=\"og:description\" content=\"Breve prontuario semiserio di sopravvivenza al Lavoro.\" \/>\n<meta property=\"og:url\" content=\"https:\/\/narrateworld.com\/en\/prodotto\/salvagenthe-lavoro\/\" \/>\n<meta property=\"og:site_name\" content=\"Narrat\u00e8 World\" \/>\n<meta property=\"article:publisher\" content=\"https:\/\/www.facebook.com\/narrateworld\" \/>\n<meta property=\"article:modified_time\" content=\"2025-05-23T17:45:42+00:00\" \/>\n<meta property=\"og:image\" content=\"https:\/\/narrateworld.com\/wp-content\/uploads\/2025\/05\/Narrate-Salvagenthe-LAVORO-fronte.png\" \/>\n\t<meta property=\"og:image:width\" content=\"567\" \/>\n\t<meta property=\"og:image:height\" content=\"613\" \/>\n\t<meta property=\"og:image:type\" content=\"image\/png\" \/>\n<meta name=\"twitter:card\" content=\"summary_large_image\" \/>\n<meta name=\"twitter:site\" content=\"@narrateworld\" \/>\n<meta name=\"twitter:label1\" content=\"Est. reading time\" \/>\n\t<meta name=\"twitter:data1\" content=\"4 minutes\" \/>\n<script type=\"application\/ld+json\" class=\"yoast-schema-graph\">{\"@context\":\"https:\\\/\\\/schema.org\",\"@graph\":[{\"@type\":\"WebPage\",\"@id\":\"https:\\\/\\\/narrateworld.com\\\/en\\\/prodotto\\\/salvagenthe-lavoro\\\/\",\"url\":\"https:\\\/\\\/narrateworld.com\\\/en\\\/prodotto\\\/salvagenthe-lavoro\\\/\",\"name\":\"Salvagenth\u00e8 Lavoro - Narrat\u00e8 World\",\"isPartOf\":{\"@id\":\"https:\\\/\\\/narrateworld.com\\\/en\\\/#website\"},\"primaryImageOfPage\":{\"@id\":\"https:\\\/\\\/narrateworld.com\\\/en\\\/prodotto\\\/salvagenthe-lavoro\\\/#primaryimage\"},\"image\":{\"@id\":\"https:\\\/\\\/narrateworld.com\\\/en\\\/prodotto\\\/salvagenthe-lavoro\\\/#primaryimage\"},\"thumbnailUrl\":\"https:\\\/\\\/narrateworld.com\\\/wp-content\\\/uploads\\\/2025\\\/05\\\/Narrate-Salvagenthe-LAVORO-fronte.png\",\"datePublished\":\"2025-05-22T08:58:09+00:00\",\"dateModified\":\"2025-05-23T17:45:42+00:00\",\"breadcrumb\":{\"@id\":\"https:\\\/\\\/narrateworld.com\\\/en\\\/prodotto\\\/salvagenthe-lavoro\\\/#breadcrumb\"},\"inLanguage\":\"en-US\",\"potentialAction\":[{\"@type\":\"ReadAction\",\"target\":[\"https:\\\/\\\/narrateworld.com\\\/en\\\/prodotto\\\/salvagenthe-lavoro\\\/\"]}]},{\"@type\":\"ImageObject\",\"inLanguage\":\"en-US\",\"@id\":\"https:\\\/\\\/narrateworld.com\\\/en\\\/prodotto\\\/salvagenthe-lavoro\\\/#primaryimage\",\"url\":\"https:\\\/\\\/narrateworld.com\\\/wp-content\\\/uploads\\\/2025\\\/05\\\/Narrate-Salvagenthe-LAVORO-fronte.png\",\"contentUrl\":\"https:\\\/\\\/narrateworld.com\\\/wp-content\\\/uploads\\\/2025\\\/05\\\/Narrate-Salvagenthe-LAVORO-fronte.png\",\"width\":567,\"height\":613},{\"@type\":\"BreadcrumbList\",\"@id\":\"https:\\\/\\\/narrateworld.com\\\/en\\\/prodotto\\\/salvagenthe-lavoro\\\/#breadcrumb\",\"itemListElement\":[{\"@type\":\"ListItem\",\"position\":1,\"name\":\"Home\",\"item\":\"https:\\\/\\\/narrateworld.com\\\/en\\\/\"},{\"@type\":\"ListItem\",\"position\":2,\"name\":\"Shop\",\"item\":\"https:\\\/\\\/narrateworld.com\\\/en\\\/shop-en\\\/\"},{\"@type\":\"ListItem\",\"position\":3,\"name\":\"Salvagenth\u00e8 Lavoro\"}]},{\"@type\":\"WebSite\",\"@id\":\"https:\\\/\\\/narrateworld.com\\\/en\\\/#website\",\"url\":\"https:\\\/\\\/narrateworld.com\\\/en\\\/\",\"name\":\"Narrat\u00e8 World\",\"description\":\"La lettura ha scoperto l&#039;acqua calda\",\"publisher\":{\"@id\":\"https:\\\/\\\/narrateworld.com\\\/en\\\/#organization\"},\"potentialAction\":[{\"@type\":\"SearchAction\",\"target\":{\"@type\":\"EntryPoint\",\"urlTemplate\":\"https:\\\/\\\/narrateworld.com\\\/en\\\/?s={search_term_string}\"},\"query-input\":{\"@type\":\"PropertyValueSpecification\",\"valueRequired\":true,\"valueName\":\"search_term_string\"}}],\"inLanguage\":\"en-US\"},{\"@type\":\"Organization\",\"@id\":\"https:\\\/\\\/narrateworld.com\\\/en\\\/#organization\",\"name\":\"Narrat\u00e8 World\",\"url\":\"https:\\\/\\\/narrateworld.com\\\/en\\\/\",\"logo\":{\"@type\":\"ImageObject\",\"inLanguage\":\"en-US\",\"@id\":\"https:\\\/\\\/narrateworld.com\\\/en\\\/#\\\/schema\\\/logo\\\/image\\\/\",\"url\":\"https:\\\/\\\/www.narrateworld.com\\\/wp-content\\\/uploads\\\/2024\\\/05\\\/logo-order-email-seller.png\",\"contentUrl\":\"https:\\\/\\\/www.narrateworld.com\\\/wp-content\\\/uploads\\\/2024\\\/05\\\/logo-order-email-seller.png\",\"width\":664,\"height\":124,\"caption\":\"Narrat\u00e8 World\"},\"image\":{\"@id\":\"https:\\\/\\\/narrateworld.com\\\/en\\\/#\\\/schema\\\/logo\\\/image\\\/\"},\"sameAs\":[\"https:\\\/\\\/www.facebook.com\\\/narrateworld\",\"https:\\\/\\\/x.com\\\/narrateworld\",\"https:\\\/\\\/instagram.com\\\/narrateworld\"]}]}<\/script>\n<!-- \/ Yoast SEO plugin. -->","yoast_head_json":{"title":"Salvagenth\u00e8 Lavoro - Narrat\u00e8 World","robots":{"index":"index","follow":"follow","max-snippet":"max-snippet:-1","max-image-preview":"max-image-preview:large","max-video-preview":"max-video-preview:-1"},"canonical":"https:\/\/narrateworld.com\/en\/prodotto\/salvagenthe-lavoro\/","og_locale":"en_US","og_type":"article","og_title":"Salvagenth\u00e8 Lavoro - Narrat\u00e8 World","og_description":"Breve prontuario semiserio di sopravvivenza al Lavoro.","og_url":"https:\/\/narrateworld.com\/en\/prodotto\/salvagenthe-lavoro\/","og_site_name":"Narrat\u00e8 World","article_publisher":"https:\/\/www.facebook.com\/narrateworld","article_modified_time":"2025-05-23T17:45:42+00:00","og_image":[{"width":567,"height":613,"url":"https:\/\/narrateworld.com\/wp-content\/uploads\/2025\/05\/Narrate-Salvagenthe-LAVORO-fronte.png","type":"image\/png"}],"twitter_card":"summary_large_image","twitter_site":"@narrateworld","twitter_misc":{"Est. reading time":"4 minutes"},"schema":{"@context":"https:\/\/schema.org","@graph":[{"@type":"WebPage","@id":"https:\/\/narrateworld.com\/en\/prodotto\/salvagenthe-lavoro\/","url":"https:\/\/narrateworld.com\/en\/prodotto\/salvagenthe-lavoro\/","name":"Salvagenth\u00e8 Lavoro - Narrat\u00e8 World","isPartOf":{"@id":"https:\/\/narrateworld.com\/en\/#website"},"primaryImageOfPage":{"@id":"https:\/\/narrateworld.com\/en\/prodotto\/salvagenthe-lavoro\/#primaryimage"},"image":{"@id":"https:\/\/narrateworld.com\/en\/prodotto\/salvagenthe-lavoro\/#primaryimage"},"thumbnailUrl":"https:\/\/narrateworld.com\/wp-content\/uploads\/2025\/05\/Narrate-Salvagenthe-LAVORO-fronte.png","datePublished":"2025-05-22T08:58:09+00:00","dateModified":"2025-05-23T17:45:42+00:00","breadcrumb":{"@id":"https:\/\/narrateworld.com\/en\/prodotto\/salvagenthe-lavoro\/#breadcrumb"},"inLanguage":"en-US","potentialAction":[{"@type":"ReadAction","target":["https:\/\/narrateworld.com\/en\/prodotto\/salvagenthe-lavoro\/"]}]},{"@type":"ImageObject","inLanguage":"en-US","@id":"https:\/\/narrateworld.com\/en\/prodotto\/salvagenthe-lavoro\/#primaryimage","url":"https:\/\/narrateworld.com\/wp-content\/uploads\/2025\/05\/Narrate-Salvagenthe-LAVORO-fronte.png","contentUrl":"https:\/\/narrateworld.com\/wp-content\/uploads\/2025\/05\/Narrate-Salvagenthe-LAVORO-fronte.png","width":567,"height":613},{"@type":"BreadcrumbList","@id":"https:\/\/narrateworld.com\/en\/prodotto\/salvagenthe-lavoro\/#breadcrumb","itemListElement":[{"@type":"ListItem","position":1,"name":"Home","item":"https:\/\/narrateworld.com\/en\/"},{"@type":"ListItem","position":2,"name":"Shop","item":"https:\/\/narrateworld.com\/en\/shop-en\/"},{"@type":"ListItem","position":3,"name":"Salvagenth\u00e8 Lavoro"}]},{"@type":"WebSite","@id":"https:\/\/narrateworld.com\/en\/#website","url":"https:\/\/narrateworld.com\/en\/","name":"Narrat\u00e8 World","description":"La lettura ha scoperto l&#039;acqua calda","publisher":{"@id":"https:\/\/narrateworld.com\/en\/#organization"},"potentialAction":[{"@type":"SearchAction","target":{"@type":"EntryPoint","urlTemplate":"https:\/\/narrateworld.com\/en\/?s={search_term_string}"},"query-input":{"@type":"PropertyValueSpecification","valueRequired":true,"valueName":"search_term_string"}}],"inLanguage":"en-US"},{"@type":"Organization","@id":"https:\/\/narrateworld.com\/en\/#organization","name":"Narrat\u00e8 World","url":"https:\/\/narrateworld.com\/en\/","logo":{"@type":"ImageObject","inLanguage":"en-US","@id":"https:\/\/narrateworld.com\/en\/#\/schema\/logo\/image\/","url":"https:\/\/www.narrateworld.com\/wp-content\/uploads\/2024\/05\/logo-order-email-seller.png","contentUrl":"https:\/\/www.narrateworld.com\/wp-content\/uploads\/2024\/05\/logo-order-email-seller.png","width":664,"height":124,"caption":"Narrat\u00e8 World"},"image":{"@id":"https:\/\/narrateworld.com\/en\/#\/schema\/logo\/image\/"},"sameAs":["https:\/\/www.facebook.com\/narrateworld","https:\/\/x.com\/narrateworld","https:\/\/instagram.com\/narrateworld"]}]}},"_links":{"self":[{"href":"https:\/\/narrateworld.com\/en\/wp-json\/wp\/v2\/product\/47874","targetHints":{"allow":["GET"]}}],"collection":[{"href":"https:\/\/narrateworld.com\/en\/wp-json\/wp\/v2\/product"}],"about":[{"href":"https:\/\/narrateworld.com\/en\/wp-json\/wp\/v2\/types\/product"}],"version-history":[{"count":8,"href":"https:\/\/narrateworld.com\/en\/wp-json\/wp\/v2\/product\/47874\/revisions"}],"predecessor-version":[{"id":48004,"href":"https:\/\/narrateworld.com\/en\/wp-json\/wp\/v2\/product\/47874\/revisions\/48004"}],"wp:featuredmedia":[{"embeddable":true,"href":"https:\/\/narrateworld.com\/en\/wp-json\/wp\/v2\/media\/47984"}],"wp:attachment":[{"href":"https:\/\/narrateworld.com\/en\/wp-json\/wp\/v2\/media?parent=47874"}],"wp:term":[{"taxonomy":"product_brand","embeddable":true,"href":"https:\/\/narrateworld.com\/en\/wp-json\/wp\/v2\/product_brand?post=47874"},{"taxonomy":"product_cat","embeddable":true,"href":"https:\/\/narrateworld.com\/en\/wp-json\/wp\/v2\/product_cat?post=47874"},{"taxonomy":"product_tag","embeddable":true,"href":"https:\/\/narrateworld.com\/en\/wp-json\/wp\/v2\/product_tag?post=47874"}],"curies":[{"name":"wp","href":"https:\/\/api.w.org\/{rel}","templated":true}]}}