{"id":48006,"date":"2025-05-24T11:36:27","date_gmt":"2025-05-24T09:36:27","guid":{"rendered":"https:\/\/www.narrateworld.com\/?post_type=product&#038;p=48006"},"modified":"2025-05-24T11:59:30","modified_gmt":"2025-05-24T09:59:30","slug":"a-cup-of-tea-with-marco-polo-copia","status":"publish","type":"product","link":"https:\/\/narrateworld.com\/en\/prodotto\/a-cup-of-tea-with-marco-polo-copia\/","title":{"rendered":"A cup of tea with Marco Polo (Copia)"},"content":{"rendered":"\t\t<div data-elementor-type=\"wp-post\" data-elementor-id=\"48006\" class=\"elementor elementor-48006 elementor-48005\">\n\t\t\t\t\t\t<section class=\"wd-negative-gap elementor-section elementor-top-section elementor-element elementor-element-79752fbe wd-section-stretch elementor-section-content-top elementor-section-boxed elementor-section-height-default elementor-section-height-default\" data-id=\"79752fbe\" data-element_type=\"section\" data-settings=\"{&quot;background_background&quot;:&quot;classic&quot;}\">\n\t\t\t\t\t\t<div class=\"elementor-container elementor-column-gap-extended\">\n\t\t\t\t\t<div class=\"elementor-column elementor-col-50 elementor-top-column elementor-element elementor-element-2af8c87b\" data-id=\"2af8c87b\" data-element_type=\"column\">\n\t\t\t<div class=\"elementor-widget-wrap elementor-element-populated\">\n\t\t\t\t\t\t<div class=\"elementor-element elementor-element-34e43d1 elementor-widget elementor-widget-wd_text_block\" data-id=\"34e43d1\" data-element_type=\"widget\" data-widget_type=\"wd_text_block.default\">\n\t\t\t\t<div class=\"elementor-widget-container\">\n\t\t\t\t\t<div class=\"wd-text-block reset-last-child text-left\">\n\t\t\t\n\t\t\t<h3><span style=\"color: #c7317c;\"><strong><span style=\"color: #e6c279;\">A CUP OF TEA WITH MARCO POLO<\/span><\/strong><\/span><\/h3><div><p style=\"font-weight: 400;\">What would Marco Polo tell us about himself if we had the fortune to spend the 5 minutes of infusion time with him? What would he choose to share? In which words? From this springs the unpublished, confidential story full of anecdotes that Prof. Vito Bianchi offers us from a first-person perspective, as if Marco himself were speaking. The story then continues with flavor, thanks to the specially formulated blend that delivers to the palate what has been absorbed through the eyes. Join the exclusive circle of Narrat\u00e8Lovers who can claim, without a doubt of contradiction, to have taken<strong> 'A Cup of Tea with Marco POLO'.<\/strong><\/p><p style=\"font-weight: 400;\"><span style=\"color: #e6c279;\"><strong>NEW BLEND\n<\/strong><\/span><strong>T\u00e8 nero Darjeeling* | Rooibos* | Cocco* | Orzo* | Zenzero* | Curcuma* | Noce&nbsp;moscata* | Garofano chiodi* | Rabarbaro*.<\/strong> - * da agricoltura biologica<\/p>\n\n<\/div>\n<p style=\"text-align: center;\"><img decoding=\"async\" class=\"alignnone wp-image-31512 size-full\" src=\"https:\/\/www.narrateworld.com\/wp-content\/uploads\/2024\/04\/Narrate-Blend-marco-polo-ingredienti.png\" alt=\"\" width=\"400\" height=\"74\" srcset=\"https:\/\/narrateworld.com\/wp-content\/uploads\/2024\/04\/Narrate-Blend-marco-polo-ingredienti.png 400w, https:\/\/narrateworld.com\/wp-content\/uploads\/2024\/04\/Narrate-Blend-marco-polo-ingredienti-150x28.png 150w\" sizes=\"(max-width: 400px) 100vw, 400px\" \/><\/p>\n<span style=\"color: #e6c279;\"><strong>TESTO\n<\/strong><\/span>This is the unpublished, confidential story full of anecdotes that Prof. Vito Bianchi offers us from a first-person perspective, as if Marco himself were speaking. The story then continues with flavor, thanks to the specially formulated blend that delivers to the palate what has been absorbed through the eyes. Join the exclusive circle of Narrat\u00e8Lovers who can claim, without a doubt of contradiction, to have taken <strong>'A Cup of Tea with Marco POLO'<\/strong>. In two languages (ITA\/ENG) - 1<sup>st <\/sup>edition May 2024.\n\n<strong><span style=\"color: #c7317c;\"><span style=\"color: #e6c279;\">CARATTERISTICHE TECNICHE<\/span>\n<\/span><\/strong><strong>Libretto:<\/strong> Dim. 9 x 10 x 0,6 cm (chiuso), cover con stampa in fluo e argento metallico.&nbsp;24 facciate stampate in offset su carta riciclata + 2 bianche. Doppia rilegatura a 2&nbsp;punti metallici e incollatura. Assemblato a mano con amore in Italia. Chiusura con&nbsp;bollino adesivo di garanzia e indicazione data di scadenza.\n\n<strong>Filtro confezionato a mano:\n<\/strong>La formulazione, miscelazione, insacchettamento e confezionamento nel sacchetto salva aroma, del blend avvengono manualmente in una piccola azienda agricola piemontese. Il taglio degli ingredienti contenuti \u00e8 quello \u201ctisana\u201d che consente la migliore infusione possibile. Per questo abbiamo scelto di utilizzare t\u00e8 biologici di alta qualit\u00e0, in confezioni monodose, prodotte e confezionate una a una, a mano, in Italia con qualit\u00e0 e costi non paragonabili a quelle prodotte industrialmente. Una scelta che aiuta a garantire la giusta retribuzione lavorativa e un incentivo all\u2019economia territoriale dell\u2019eccellenza agroalimentare italiana. Infine non abbiamo voluto aggiungere filo e pendulino al filtro per non dover impiegare ulteriori elementi di raccordo (con potenziali micro inquinanti) cos\u00ec da salvaguardare al massimo le propriet\u00e0 aromatiche e organolettiche dell\u2019infuso.\nContiene 2 grammi di miscela biologica di alta qualit\u00e0, certificata ICEA. Tempo d\u2019infusione: 5 minuti. Validit\u00e0 3 anni dall\u2019imbustamento. Confezionata in un sacchetto protettivo monodose termosaldato in plastica per alimenti 6 x 8,5 x 0,15 cm.\n\n<span style=\"color: #e6c279;\"><strong>PAGINE SPECIALI\n<\/strong><\/span>Contiene una sezione di informazioni brevi utili a conoscere le particolarit\u00e0 che hanno reso Marco Polo famoso nel mondo, assieme alla biografia essenziale, 5 curiosi\u00e0 e 5 link di approfondimento. Il Qr code nell'ultima pagina consente l'accesso ai contenuti multimediali con oltre un'ora di ulteriore intrattenimento.\n\n<strong>Prezzo al pubblico \u20ac 6,90 | ISBN 9788885507968<\/strong>\n\t\t\t\t\t<\/div>\n\t\t\t\t<\/div>\n\t\t\t\t<\/div>\n\t\t\t\t\t<\/div>\n\t\t<\/div>\n\t\t\t\t<div class=\"elementor-column elementor-col-50 elementor-top-column elementor-element elementor-element-5471f06f\" data-id=\"5471f06f\" data-element_type=\"column\">\n\t\t\t<div class=\"elementor-widget-wrap elementor-element-populated\">\n\t\t\t\t\t\t<div class=\"elementor-element elementor-element-0784455 elementor-widget elementor-widget-wd_accordion\" data-id=\"0784455\" data-element_type=\"widget\" data-widget_type=\"wd_accordion.default\">\n\t\t\t\t<div class=\"elementor-widget-container\">\n\t\t\t\n\t\t<div class=\"wd-accordion wd-style-default\" data-state=\"first\">\n\t\t\t\t\t\t\t\n\t\t\t\t<div class=\"wd-accordion-item\">\n\t\t\t\t\t<div class=\"wd-accordion-title wd-active text-left wd-opener-pos-left\" data-accordion-index=\"0\">\n\t\t\t\t\t\t<div class=\"wd-accordion-title-text\">\n\t\t\t\t\t\t\t\t\t\t\t\t\t\t<span>\n\t\t\t\t\t\t\t\tIl Blend MARCO POLO\t\t\t\t\t\t\t<\/span>\n\t\t\t\t\t\t<\/div>\n\t\t\t\t\t\t<span class=\"wd-accordion-opener wd-opener-style-arrow\"><\/span>\n\t\t\t\t\t<\/div>\n\n\t\t\t\t\t<div class=\"wd-accordion-content reset-last-child wd-active\" data-accordion-index=\"0\">\n\t\t\t\t\t\t\t\t\t\t\t\t\t\n\t\t\t\t\t\t\tUn blend esotico e avventuroso dove alla miscela Narrat\u00e8\u00ae dedicata a Venezia <strong>(T\u00e8 nero Darjeeling,\u00a0Rooibos, Zenzero, chiodi di Garofano, Noce moscata),<\/strong> abbiamo aggiunto il <strong>Cocco<\/strong>, l\u2019<strong>Orzo<\/strong>, la\u00a0<strong>Curcuma<\/strong> e il <strong>Rabarbaro<\/strong>, tutti ingredienti che vengono indicati ne \u201cIl Milione\u201d. Un indimenticabile\n\t\t\t\t\t\t\t\t\t\t\t\t\t\t\t\t\t\t<\/div>\n\t\t\t\t<\/div>\n\t\t\t\t\t\t\t\n\t\t\t\t<div class=\"wd-accordion-item\">\n\t\t\t\t\t<div class=\"wd-accordion-title text-left wd-opener-pos-left\" data-accordion-index=\"1\">\n\t\t\t\t\t\t<div class=\"wd-accordion-title-text\">\n\t\t\t\t\t\t\t\t\t\t\t\t\t\t<span>\n\t\t\t\t\t\t\t\tL&#039;autore | Vito Bianchi\t\t\t\t\t\t\t<\/span>\n\t\t\t\t\t\t<\/div>\n\t\t\t\t\t\t<span class=\"wd-accordion-opener wd-opener-style-arrow\"><\/span>\n\t\t\t\t\t<\/div>\n\n\t\t\t\t\t<div class=\"wd-accordion-content reset-last-child\" data-accordion-index=\"1\">\n\t\t\t\t\t\t\t\t\t\t\t\t\t\n\t\t\t\t\t\t\t<strong><span style=\"color: #777777;\"><a style=\"color: #777777;\" href=\"https:\/\/www.narrateworld.com\/en\/autori\/vito-bianchi\/\"><span style=\"text-decoration: underline;\">Vito Bianchi<\/span><\/a><\/span><\/strong>, scrittore, archeologo, studioso di Storia e Memoria, ha pubblicato una ventina di libri con le principali\u00a0case editrici italiane. In pubblicazioni miscellanee ha firmato oltre trecento fra articoli e saggi di carattere scientifico o\u00a0divulgativo, e i suoi testi sono tradotti in diverse lingue. Insegna dal 2001 all\u2019Universit\u00e0 di Bari ed \u00e8 docente per i corsi\u00a0post-universitari della Istud Business School di Milano. Autore e conduttore di trasmissioni per la Rai Radiotelevisione\u00a0Italiana, protagonista delle \u201cLezioni di Storia\u201d nei teatri italiani, collabora dal 1993 col Ministero della Cultura e\n\t\t\t\t\t\t\t\t\t\t\t\t\t\t\t\t\t\t<\/div>\n\t\t\t\t<\/div>\n\t\t\t\t\t<\/div>\n\t\t\t\t<\/div>\n\t\t\t\t<\/div>\n\t\t\t\t<div class=\"elementor-element elementor-element-2d6609b elementor-widget elementor-widget-wd_image_or_svg\" data-id=\"2d6609b\" data-element_type=\"widget\" data-widget_type=\"wd_image_or_svg.default\">\n\t\t\t\t<div class=\"elementor-widget-container\">\n\t\t\t\n\t\t<div class=\"wd-image text-left\">\n\t\t\t\t\t\t\t\t<img fetchpriority=\"high\" decoding=\"async\" width=\"674\" height=\"700\" src=\"https:\/\/narrateworld.com\/wp-content\/uploads\/2024\/05\/Narrapeople-Un-te-con-Marco-Polo-presentazione.png\" class=\"attachment-full size-full\" alt=\"Narrapeople-Un-te-con-Marco-Polo-presentazione\" srcset=\"https:\/\/narrateworld.com\/wp-content\/uploads\/2024\/05\/Narrapeople-Un-te-con-Marco-Polo-presentazione.png 674w, https:\/\/narrateworld.com\/wp-content\/uploads\/2024\/05\/Narrapeople-Un-te-con-Marco-Polo-presentazione-430x447.png 430w, https:\/\/narrateworld.com\/wp-content\/uploads\/2024\/05\/Narrapeople-Un-te-con-Marco-Polo-presentazione-150x156.png 150w, https:\/\/narrateworld.com\/wp-content\/uploads\/2024\/05\/Narrapeople-Un-te-con-Marco-Polo-presentazione-600x623.png 600w, https:\/\/narrateworld.com\/wp-content\/uploads\/2024\/05\/Narrapeople-Un-te-con-Marco-Polo-presentazione-289x300.png 289w\" sizes=\"(max-width: 674px) 100vw, 674px\" \/>\t\t\t\t\t<\/div>\n\n\t\t\t\t<\/div>\n\t\t\t\t<\/div>\n\t\t\t\t\t<\/div>\n\t\t<\/div>\n\t\t\t\t\t<\/div>\n\t\t<\/section>\n\t\t\t\t<\/div>\n\t\t","protected":false},"excerpt":{"rendered":"<p>Cosa ci racconterebbe di s\u00e9 Marco Polo, se avessimo la fortuna di trascorrere con lui i 5 minuti d&#8217;infusione?<\/p>\n","protected":false},"featured_media":47989,"template":"","meta":[],"product_brand":[],"product_cat":[216],"product_tag":[],"class_list":{"0":"post-48006","1":"product","2":"type-product","3":"status-publish","4":"has-post-thumbnail","6":"product_cat-narra-people-en","8":"first","9":"instock","10":"featured","11":"taxable","12":"shipping-taxable","13":"purchasable","14":"product-type-simple"},"yoast_head":"<!-- This site is optimized with the Yoast SEO plugin v27.4 - https:\/\/yoast.com\/product\/yoast-seo-wordpress\/ -->\n<title>A cup of tea with Marco Polo (Copia) - Narrat\u00e8 World<\/title>\n<meta name=\"robots\" content=\"index, follow, max-snippet:-1, max-image-preview:large, max-video-preview:-1\" \/>\n<link rel=\"canonical\" href=\"https:\/\/narrateworld.com\/en\/prodotto\/a-cup-of-tea-with-marco-polo-copia\/\" \/>\n<meta property=\"og:locale\" content=\"en_US\" \/>\n<meta property=\"og:type\" content=\"article\" \/>\n<meta property=\"og:title\" content=\"A cup of tea with Marco Polo (Copia) - Narrat\u00e8 World\" \/>\n<meta property=\"og:description\" content=\"Cosa ci racconterebbe di s\u00e9 Marco Polo, se avessimo la fortuna di trascorrere con lui i 5 minuti d&#039;infusione?\" \/>\n<meta property=\"og:url\" content=\"https:\/\/narrateworld.com\/en\/prodotto\/a-cup-of-tea-with-marco-polo-copia\/\" \/>\n<meta property=\"og:site_name\" content=\"Narrat\u00e8 World\" \/>\n<meta property=\"article:publisher\" content=\"https:\/\/www.facebook.com\/narrateworld\" \/>\n<meta property=\"article:modified_time\" content=\"2025-05-24T09:59:30+00:00\" \/>\n<meta property=\"og:image\" content=\"https:\/\/narrateworld.com\/wp-content\/uploads\/2025\/05\/Narrate-Salvagenthe-VERDI-fronte.png\" \/>\n\t<meta property=\"og:image:width\" content=\"567\" \/>\n\t<meta property=\"og:image:height\" content=\"613\" \/>\n\t<meta property=\"og:image:type\" content=\"image\/png\" \/>\n<meta name=\"twitter:card\" content=\"summary_large_image\" \/>\n<meta name=\"twitter:site\" content=\"@narrateworld\" \/>\n<meta name=\"twitter:label1\" content=\"Est. reading time\" \/>\n\t<meta name=\"twitter:data1\" content=\"4 minutes\" \/>\n<script type=\"application\/ld+json\" class=\"yoast-schema-graph\">{\"@context\":\"https:\\\/\\\/schema.org\",\"@graph\":[{\"@type\":\"WebPage\",\"@id\":\"https:\\\/\\\/narrateworld.com\\\/en\\\/prodotto\\\/a-cup-of-tea-with-marco-polo-copia\\\/\",\"url\":\"https:\\\/\\\/narrateworld.com\\\/en\\\/prodotto\\\/a-cup-of-tea-with-marco-polo-copia\\\/\",\"name\":\"A cup of tea with Marco Polo (Copia) - Narrat\u00e8 World\",\"isPartOf\":{\"@id\":\"https:\\\/\\\/narrateworld.com\\\/en\\\/#website\"},\"primaryImageOfPage\":{\"@id\":\"https:\\\/\\\/narrateworld.com\\\/en\\\/prodotto\\\/a-cup-of-tea-with-marco-polo-copia\\\/#primaryimage\"},\"image\":{\"@id\":\"https:\\\/\\\/narrateworld.com\\\/en\\\/prodotto\\\/a-cup-of-tea-with-marco-polo-copia\\\/#primaryimage\"},\"thumbnailUrl\":\"https:\\\/\\\/narrateworld.com\\\/wp-content\\\/uploads\\\/2025\\\/05\\\/Narrate-Salvagenthe-VERDI-fronte.png\",\"datePublished\":\"2025-05-24T09:36:27+00:00\",\"dateModified\":\"2025-05-24T09:59:30+00:00\",\"breadcrumb\":{\"@id\":\"https:\\\/\\\/narrateworld.com\\\/en\\\/prodotto\\\/a-cup-of-tea-with-marco-polo-copia\\\/#breadcrumb\"},\"inLanguage\":\"en-US\",\"potentialAction\":[{\"@type\":\"ReadAction\",\"target\":[\"https:\\\/\\\/narrateworld.com\\\/en\\\/prodotto\\\/a-cup-of-tea-with-marco-polo-copia\\\/\"]}]},{\"@type\":\"ImageObject\",\"inLanguage\":\"en-US\",\"@id\":\"https:\\\/\\\/narrateworld.com\\\/en\\\/prodotto\\\/a-cup-of-tea-with-marco-polo-copia\\\/#primaryimage\",\"url\":\"https:\\\/\\\/narrateworld.com\\\/wp-content\\\/uploads\\\/2025\\\/05\\\/Narrate-Salvagenthe-VERDI-fronte.png\",\"contentUrl\":\"https:\\\/\\\/narrateworld.com\\\/wp-content\\\/uploads\\\/2025\\\/05\\\/Narrate-Salvagenthe-VERDI-fronte.png\",\"width\":567,\"height\":613},{\"@type\":\"BreadcrumbList\",\"@id\":\"https:\\\/\\\/narrateworld.com\\\/en\\\/prodotto\\\/a-cup-of-tea-with-marco-polo-copia\\\/#breadcrumb\",\"itemListElement\":[{\"@type\":\"ListItem\",\"position\":1,\"name\":\"Home\",\"item\":\"https:\\\/\\\/narrateworld.com\\\/en\\\/\"},{\"@type\":\"ListItem\",\"position\":2,\"name\":\"Shop\",\"item\":\"https:\\\/\\\/narrateworld.com\\\/en\\\/shop-en\\\/\"},{\"@type\":\"ListItem\",\"position\":3,\"name\":\"A cup of tea with Marco Polo (Copia)\"}]},{\"@type\":\"WebSite\",\"@id\":\"https:\\\/\\\/narrateworld.com\\\/en\\\/#website\",\"url\":\"https:\\\/\\\/narrateworld.com\\\/en\\\/\",\"name\":\"Narrat\u00e8 World\",\"description\":\"La lettura ha scoperto l&#039;acqua calda\",\"publisher\":{\"@id\":\"https:\\\/\\\/narrateworld.com\\\/en\\\/#organization\"},\"potentialAction\":[{\"@type\":\"SearchAction\",\"target\":{\"@type\":\"EntryPoint\",\"urlTemplate\":\"https:\\\/\\\/narrateworld.com\\\/en\\\/?s={search_term_string}\"},\"query-input\":{\"@type\":\"PropertyValueSpecification\",\"valueRequired\":true,\"valueName\":\"search_term_string\"}}],\"inLanguage\":\"en-US\"},{\"@type\":\"Organization\",\"@id\":\"https:\\\/\\\/narrateworld.com\\\/en\\\/#organization\",\"name\":\"Narrat\u00e8 World\",\"url\":\"https:\\\/\\\/narrateworld.com\\\/en\\\/\",\"logo\":{\"@type\":\"ImageObject\",\"inLanguage\":\"en-US\",\"@id\":\"https:\\\/\\\/narrateworld.com\\\/en\\\/#\\\/schema\\\/logo\\\/image\\\/\",\"url\":\"https:\\\/\\\/www.narrateworld.com\\\/wp-content\\\/uploads\\\/2024\\\/05\\\/logo-order-email-seller.png\",\"contentUrl\":\"https:\\\/\\\/www.narrateworld.com\\\/wp-content\\\/uploads\\\/2024\\\/05\\\/logo-order-email-seller.png\",\"width\":664,\"height\":124,\"caption\":\"Narrat\u00e8 World\"},\"image\":{\"@id\":\"https:\\\/\\\/narrateworld.com\\\/en\\\/#\\\/schema\\\/logo\\\/image\\\/\"},\"sameAs\":[\"https:\\\/\\\/www.facebook.com\\\/narrateworld\",\"https:\\\/\\\/x.com\\\/narrateworld\",\"https:\\\/\\\/instagram.com\\\/narrateworld\"]}]}<\/script>\n<!-- \/ Yoast SEO plugin. -->","yoast_head_json":{"title":"A cup of tea with Marco Polo (Copia) - Narrat\u00e8 World","robots":{"index":"index","follow":"follow","max-snippet":"max-snippet:-1","max-image-preview":"max-image-preview:large","max-video-preview":"max-video-preview:-1"},"canonical":"https:\/\/narrateworld.com\/en\/prodotto\/a-cup-of-tea-with-marco-polo-copia\/","og_locale":"en_US","og_type":"article","og_title":"A cup of tea with Marco Polo (Copia) - Narrat\u00e8 World","og_description":"Cosa ci racconterebbe di s\u00e9 Marco Polo, se avessimo la fortuna di trascorrere con lui i 5 minuti d'infusione?","og_url":"https:\/\/narrateworld.com\/en\/prodotto\/a-cup-of-tea-with-marco-polo-copia\/","og_site_name":"Narrat\u00e8 World","article_publisher":"https:\/\/www.facebook.com\/narrateworld","article_modified_time":"2025-05-24T09:59:30+00:00","og_image":[{"width":567,"height":613,"url":"https:\/\/narrateworld.com\/wp-content\/uploads\/2025\/05\/Narrate-Salvagenthe-VERDI-fronte.png","type":"image\/png"}],"twitter_card":"summary_large_image","twitter_site":"@narrateworld","twitter_misc":{"Est. reading time":"4 minutes"},"schema":{"@context":"https:\/\/schema.org","@graph":[{"@type":"WebPage","@id":"https:\/\/narrateworld.com\/en\/prodotto\/a-cup-of-tea-with-marco-polo-copia\/","url":"https:\/\/narrateworld.com\/en\/prodotto\/a-cup-of-tea-with-marco-polo-copia\/","name":"A cup of tea with Marco Polo (Copia) - Narrat\u00e8 World","isPartOf":{"@id":"https:\/\/narrateworld.com\/en\/#website"},"primaryImageOfPage":{"@id":"https:\/\/narrateworld.com\/en\/prodotto\/a-cup-of-tea-with-marco-polo-copia\/#primaryimage"},"image":{"@id":"https:\/\/narrateworld.com\/en\/prodotto\/a-cup-of-tea-with-marco-polo-copia\/#primaryimage"},"thumbnailUrl":"https:\/\/narrateworld.com\/wp-content\/uploads\/2025\/05\/Narrate-Salvagenthe-VERDI-fronte.png","datePublished":"2025-05-24T09:36:27+00:00","dateModified":"2025-05-24T09:59:30+00:00","breadcrumb":{"@id":"https:\/\/narrateworld.com\/en\/prodotto\/a-cup-of-tea-with-marco-polo-copia\/#breadcrumb"},"inLanguage":"en-US","potentialAction":[{"@type":"ReadAction","target":["https:\/\/narrateworld.com\/en\/prodotto\/a-cup-of-tea-with-marco-polo-copia\/"]}]},{"@type":"ImageObject","inLanguage":"en-US","@id":"https:\/\/narrateworld.com\/en\/prodotto\/a-cup-of-tea-with-marco-polo-copia\/#primaryimage","url":"https:\/\/narrateworld.com\/wp-content\/uploads\/2025\/05\/Narrate-Salvagenthe-VERDI-fronte.png","contentUrl":"https:\/\/narrateworld.com\/wp-content\/uploads\/2025\/05\/Narrate-Salvagenthe-VERDI-fronte.png","width":567,"height":613},{"@type":"BreadcrumbList","@id":"https:\/\/narrateworld.com\/en\/prodotto\/a-cup-of-tea-with-marco-polo-copia\/#breadcrumb","itemListElement":[{"@type":"ListItem","position":1,"name":"Home","item":"https:\/\/narrateworld.com\/en\/"},{"@type":"ListItem","position":2,"name":"Shop","item":"https:\/\/narrateworld.com\/en\/shop-en\/"},{"@type":"ListItem","position":3,"name":"A cup of tea with Marco Polo (Copia)"}]},{"@type":"WebSite","@id":"https:\/\/narrateworld.com\/en\/#website","url":"https:\/\/narrateworld.com\/en\/","name":"Narrat\u00e8 World","description":"La lettura ha scoperto l&#039;acqua calda","publisher":{"@id":"https:\/\/narrateworld.com\/en\/#organization"},"potentialAction":[{"@type":"SearchAction","target":{"@type":"EntryPoint","urlTemplate":"https:\/\/narrateworld.com\/en\/?s={search_term_string}"},"query-input":{"@type":"PropertyValueSpecification","valueRequired":true,"valueName":"search_term_string"}}],"inLanguage":"en-US"},{"@type":"Organization","@id":"https:\/\/narrateworld.com\/en\/#organization","name":"Narrat\u00e8 World","url":"https:\/\/narrateworld.com\/en\/","logo":{"@type":"ImageObject","inLanguage":"en-US","@id":"https:\/\/narrateworld.com\/en\/#\/schema\/logo\/image\/","url":"https:\/\/www.narrateworld.com\/wp-content\/uploads\/2024\/05\/logo-order-email-seller.png","contentUrl":"https:\/\/www.narrateworld.com\/wp-content\/uploads\/2024\/05\/logo-order-email-seller.png","width":664,"height":124,"caption":"Narrat\u00e8 World"},"image":{"@id":"https:\/\/narrateworld.com\/en\/#\/schema\/logo\/image\/"},"sameAs":["https:\/\/www.facebook.com\/narrateworld","https:\/\/x.com\/narrateworld","https:\/\/instagram.com\/narrateworld"]}]}},"_links":{"self":[{"href":"https:\/\/narrateworld.com\/en\/wp-json\/wp\/v2\/product\/48006","targetHints":{"allow":["GET"]}}],"collection":[{"href":"https:\/\/narrateworld.com\/en\/wp-json\/wp\/v2\/product"}],"about":[{"href":"https:\/\/narrateworld.com\/en\/wp-json\/wp\/v2\/types\/product"}],"version-history":[{"count":1,"href":"https:\/\/narrateworld.com\/en\/wp-json\/wp\/v2\/product\/48006\/revisions"}],"predecessor-version":[{"id":48010,"href":"https:\/\/narrateworld.com\/en\/wp-json\/wp\/v2\/product\/48006\/revisions\/48010"}],"wp:featuredmedia":[{"embeddable":true,"href":"https:\/\/narrateworld.com\/en\/wp-json\/wp\/v2\/media\/47989"}],"wp:attachment":[{"href":"https:\/\/narrateworld.com\/en\/wp-json\/wp\/v2\/media?parent=48006"}],"wp:term":[{"taxonomy":"product_brand","embeddable":true,"href":"https:\/\/narrateworld.com\/en\/wp-json\/wp\/v2\/product_brand?post=48006"},{"taxonomy":"product_cat","embeddable":true,"href":"https:\/\/narrateworld.com\/en\/wp-json\/wp\/v2\/product_cat?post=48006"},{"taxonomy":"product_tag","embeddable":true,"href":"https:\/\/narrateworld.com\/en\/wp-json\/wp\/v2\/product_tag?post=48006"}],"curies":[{"name":"wp","href":"https:\/\/api.w.org\/{rel}","templated":true}]}}