{"id":48354,"date":"2025-08-27T19:27:07","date_gmt":"2025-08-27T17:27:07","guid":{"rendered":"https:\/\/www.narrateworld.com\/?post_type=product&#038;p=48354"},"modified":"2025-08-27T19:36:50","modified_gmt":"2025-08-27T17:36:50","slug":"hygge-tisane-filosofiche-wow","status":"publish","type":"product","link":"https:\/\/narrateworld.com\/en\/prodotto\/hygge-tisane-filosofiche-wow\/","title":{"rendered":"HYGGE &#8211; Tisane Filosofiche &#8211; WOW"},"content":{"rendered":"\t\t<div data-elementor-type=\"wp-post\" data-elementor-id=\"48354\" class=\"elementor elementor-48354\">\n\t\t\t\t\t\t<section class=\"wd-negative-gap elementor-section elementor-top-section elementor-element elementor-element-79752fbe wd-section-stretch elementor-section-content-top elementor-section-boxed elementor-section-height-default elementor-section-height-default\" data-id=\"79752fbe\" data-element_type=\"section\" data-settings=\"{&quot;background_background&quot;:&quot;classic&quot;}\">\n\t\t\t\t\t\t<div class=\"elementor-container elementor-column-gap-extended\">\n\t\t\t\t\t<div class=\"elementor-column elementor-col-50 elementor-top-column elementor-element elementor-element-2af8c87b\" data-id=\"2af8c87b\" data-element_type=\"column\">\n\t\t\t<div class=\"elementor-widget-wrap elementor-element-populated\">\n\t\t\t\t\t\t<div class=\"elementor-element elementor-element-34e43d1 elementor-widget__width-initial elementor-widget elementor-widget-wd_text_block\" data-id=\"34e43d1\" data-element_type=\"widget\" data-widget_type=\"wd_text_block.default\">\n\t\t\t\t<div class=\"elementor-widget-container\">\n\t\t\t\t\t<div class=\"wd-text-block reset-last-child text-left\">\n\t\t\t\n\t\t\t<h3><span style=\"color: #947eb4;\"><strong>LA TISANA HYGGE<\/strong><\/span><\/h3><p>Hygge \u00e8 il calore delle piccole cose: una coperta, una luce soffusa, una tazza tra le mani. \u00c8 intimit\u00e0, presenza, benessere condiviso. Il racconto ti accompagna in questa atmosfera danese, e la tisana, con un blend morbido e avvolgente, trasforma ogni sorso in un rifugio di dolcezza e quiete.<\/p><p><strong><span style=\"color: #947eb4;\">LE TISANE FILOSOFICHE WOW - <\/span><\/strong><strong><span style=\"color: #947eb4;\">La filosofia celata nelle parole intraducibili.<\/span><\/strong><\/p><p>C\u2019\u00e8 una filosofia che non si studia ma si respira per strada: nei proverbi, nei gesti, nelle abitudini quotidiane. Parole nate in culture diverse, capaci di esprimere l\u2019indicibile: emozioni, stati d\u2019animo, visioni profonde che nessun\u2019altra lingua ha saputo definire. WOW d\u00e0 loro voce con il rituale Narrat\u00e8\u00ae: un racconto filosofico di Ilaria Gaspari e un blend formulato <em>ad hoc<\/em>, da leggere in cinque minuti, il tempo dell\u2019infusione. Leggi. Bevi. Senti. La filosofia, quando \u00e8 autentica, fa esclamare davvero: WOW!<\/p><p><strong>La confezione si ispira alle scatoline dei medicinali e il \u201csincerino\u201d contenuto, ovvero un bugiardino che dice la verit\u00e0, racchiude sia le parole che il filtro monodose della tisana<\/strong><\/p><p><strong><span style=\"color: #dda7c2;\"><span style=\"color: #947eb4;\">BLEND<\/span><br \/><\/span><\/strong>Un infuso che accoglie, riscalda e distende. La <strong>Camomilla<\/strong> rilassa e dona serenit\u00e0, la <strong>Mela<\/strong> aggiunge dolcezza familiare e tradizione danese, la <strong>Cannella<\/strong> scalda il cuore con note di casa, la <strong>Vaniglia<\/strong> avvolge con morbida delicatezza, la <strong>Noce moscata<\/strong> dona profondit\u00e0 e calore. Una miscela che ricrea l\u2019intimit\u00e0 dei piccoli piaceri: per ritrovare quiete, presenza e semplice felicit\u00e0.<\/p><p>La formulazione, miscelazione, insacchettamento e confezionamento nella bustina salva aroma, avvengono a mano in una societ\u00e0 agricola piemontese. Il taglio delle piante inserite \u00e8 quello \u201ctisana\u201d che consente la migliore infusione possibile. Per accentuare l\u2019efficacia terapeutica delle piante officinali abbiamo scelto di utilizzare tisane biologiche di alta qualit\u00e0, in confezioni monodose, prodotte e confezionate a mano in Italia. Qualit\u00e0 e costi non paragonabili a quelle, seppur biologiche, prodotte industrialmente. Una scelta che aiuta a garantire la giusta retribuzione lavorativa e un incentivo all\u2019economia territoriale dell\u2019eccellenza agroalimentare italiana. Infine non abbiamo voluto aggiungere filo e pendulino al filtro per non dover impiegare ulteriori elementi di raccordo (<strong>con potenziali micro inquinanti)<\/strong>\u00a0cos\u00ec da salvaguardare al massimo le propriet\u00e0 aromatiche e salutistiche dell\u2019infuso.<\/p><p><strong>Prezzo al pubblico \u20ac 5,90 | ISBN 9791281421127<\/strong><\/p>\n\t\t\t\t\t<\/div>\n\t\t\t\t<\/div>\n\t\t\t\t<\/div>\n\t\t\t\t\t<\/div>\n\t\t<\/div>\n\t\t\t\t<div class=\"elementor-column elementor-col-50 elementor-top-column elementor-element elementor-element-5471f06f\" data-id=\"5471f06f\" data-element_type=\"column\">\n\t\t\t<div class=\"elementor-widget-wrap elementor-element-populated\">\n\t\t\t\t\t\t<div class=\"elementor-element elementor-element-0784455 elementor-widget elementor-widget-wd_accordion\" data-id=\"0784455\" data-element_type=\"widget\" data-widget_type=\"wd_accordion.default\">\n\t\t\t\t<div class=\"elementor-widget-container\">\n\t\t\t\n\t\t<div class=\"wd-accordion wd-style-default\" data-state=\"first\">\n\t\t\t\t\t\t\t\n\t\t\t\t<div class=\"wd-accordion-item\">\n\t\t\t\t\t<div class=\"wd-accordion-title wd-active text-left wd-opener-pos-left\" data-accordion-index=\"0\">\n\t\t\t\t\t\t<div class=\"wd-accordion-title-text\">\n\t\t\t\t\t\t\t\t\t\t\t\t\t\t<span>\n\t\t\t\t\t\t\t\tI TESTI\t\t\t\t\t\t\t<\/span>\n\t\t\t\t\t\t<\/div>\n\t\t\t\t\t\t<span class=\"wd-accordion-opener wd-opener-style-arrow\"><\/span>\n\t\t\t\t\t<\/div>\n\n\t\t\t\t\t<div class=\"wd-accordion-content reset-last-child wd-active\" data-accordion-index=\"0\">\n\t\t\t\t\t\t\t\t\t\t\t\t\t\n\t\t\t\t\t\t\t<p><span style=\"color: #777777;\"><strong>Le parole giuste hanno un grande\u00a0potere terapeutico sulla psiche, per questo le abbiamo volute integrare con gli infusi officinali.<\/strong> I testi contenuti sono suddivisi nelle due facce del sincerino: la prima \u00e8 dedicata interamente al racconto di <strong>Filosofia<\/strong>, che dura il tempo d\u2019infusione della tisana (5 min). Il racconto \u00e8 opera di\u00a0<a href=\"https:\/\/www.rollingstone.it\/cultura\/ilaria-gaspari-e-lastro-nascente-della-filosofia-italiana\/532313\/\" target=\"_blank\" rel=\"noopener\">Il<\/a><a href=\"https:\/\/www.rollingstone.it\/cultura\/ilaria-gaspari-e-lastro-nascente-della-filosofia-italiana\/532313\/\" target=\"_blank\" rel=\"noopener\">aria<\/a><a href=\"https:\/\/www.rollingstone.it\/cultura\/ilaria-gaspari-e-lastro-nascente-della-filosofia-italiana\/532313\/\" target=\"_blank\" rel=\"noopener\"> Gaspari<\/a> una degli astri nascenti della filosofia italiana.<br \/>Questo testo \u00e8 impaginato con\u00a0<strong>OpenDyslexic<\/strong>\u00a0un font\u00a0progettato\u00a0per facilitare la lettura ai dislessici.<br \/>L\u2019altra faccia del sincerino contiene invece i rimanenti contenuti multidisciplinari, utili a scoprire altre sfaccettature da leggere nel post infusione:<br \/>- <strong>Psicologia<\/strong>, a cura della redazione Narrafood Edizioni.<br \/>- <strong>Letteratura<\/strong> a cura di Elena MOLINI di <a href=\"https:\/\/www.piccolafarmacialetteraria.it\/\" target=\"_blank\" rel=\"noopener\">Piccola Farmacia Letteraria<\/a><br \/><\/span><br \/><span style=\"color: #333333;\">Su questa pagina si trova anche il <strong>Qr-code<\/strong> da cui \u00e8 possibile accedere ai contenuti multimediali che contengono anche il testo nella lingua originale e in inlgese. Si potr\u00e0 ascoltare, la <strong>pronuncia corretta<\/strong> della parola e l\u2019<strong>audio racconto<\/strong> in italiano interpretato magnificamente dalla voce di <strong>Daniela AMATO<\/strong>.\u00a0Un ulteriore vantaggio pensato per gli ipovedenti ma godibile da tutti.<\/span><\/p>\n\t\t\t\t\t\t\t\t\t\t\t\t\t\t\t\t\t\t<\/div>\n\t\t\t\t<\/div>\n\t\t\t\t\t\t\t\n\t\t\t\t<div class=\"wd-accordion-item\">\n\t\t\t\t\t<div class=\"wd-accordion-title text-left wd-opener-pos-left\" data-accordion-index=\"1\">\n\t\t\t\t\t\t<div class=\"wd-accordion-title-text\">\n\t\t\t\t\t\t\t\t\t\t\t\t\t\t<span>\n\t\t\t\t\t\t\t\t100% CONFEZIONATA A MANO, MADE IN ITALY E BIOLOGICA\t\t\t\t\t\t\t<\/span>\n\t\t\t\t\t\t<\/div>\n\t\t\t\t\t\t<span class=\"wd-accordion-opener wd-opener-style-arrow\"><\/span>\n\t\t\t\t\t<\/div>\n\n\t\t\t\t\t<div class=\"wd-accordion-content reset-last-child\" data-accordion-index=\"1\">\n\t\t\t\t\t\t\t\t\t\t\t\t\t\n\t\t\t\t\t\t\t<p>L'assemblaggio finale \u00e8 svolto a mano. La stampa \u00e8 curata da una tipografia della provincia di Varese e avviene utilizzando per il sincerino la StonePaper una carta ottenuta da polvere di pietra, vellutata al tatto, impermeabile ma fotodegradabile ed ecologica (non \u00e8 stato abbattuto un albero per la produzione).<br \/>La scatolina invece \u00e8 in cartoncino riciclato di alta qualit\u00e0. Il prodotto finito risulta cos\u00ec una piccola eccellenza del made in Italy da collezionare.<br \/>Le dimensioni della scatola sono 11 x 8 x 1,5 cm, quelle del sincerino 21 x 29,7 cm (aperto) e quelle del filtro 7 x 5 cm. Contiene 2g di infuso, taglio tisana, perfetto per preparare un\u2019eccellente tazza.<\/p>\n\t\t\t\t\t\t\t\t\t\t\t\t\t\t\t\t\t\t<\/div>\n\t\t\t\t<\/div>\n\t\t\t\t\t<\/div>\n\t\t\t\t<\/div>\n\t\t\t\t<\/div>\n\t\t\t\t<div class=\"elementor-element elementor-element-2d6609b elementor-widget elementor-widget-wd_image_or_svg\" data-id=\"2d6609b\" data-element_type=\"widget\" data-widget_type=\"wd_image_or_svg.default\">\n\t\t\t\t<div class=\"elementor-widget-container\">\n\t\t\t\n\t\t<div class=\"wd-image text-left\">\n\t\t\t\t\t\t\t\t<img fetchpriority=\"high\" decoding=\"async\" width=\"850\" height=\"851\" src=\"https:\/\/narrateworld.com\/wp-content\/uploads\/2025\/08\/HYGGE.png\" class=\"attachment-full size-full\" alt=\"\" srcset=\"https:\/\/narrateworld.com\/wp-content\/uploads\/2025\/08\/HYGGE.png 850w, https:\/\/narrateworld.com\/wp-content\/uploads\/2025\/08\/HYGGE-300x300.png 300w, https:\/\/narrateworld.com\/wp-content\/uploads\/2025\/08\/HYGGE-799x800.png 799w, https:\/\/narrateworld.com\/wp-content\/uploads\/2025\/08\/HYGGE-150x150.png 150w, https:\/\/narrateworld.com\/wp-content\/uploads\/2025\/08\/HYGGE-768x769.png 768w, https:\/\/narrateworld.com\/wp-content\/uploads\/2025\/08\/HYGGE-430x431.png 430w, https:\/\/narrateworld.com\/wp-content\/uploads\/2025\/08\/HYGGE-700x701.png 700w\" sizes=\"(max-width: 850px) 100vw, 850px\" \/>\t\t\t\t\t<\/div>\n\n\t\t\t\t<\/div>\n\t\t\t\t<\/div>\n\t\t\t\t\t<\/div>\n\t\t<\/div>\n\t\t\t\t\t<\/div>\n\t\t<\/section>\n\t\t\t\t<section class=\"wd-negative-gap elementor-section elementor-top-section elementor-element elementor-element-be3b677 elementor-section-boxed elementor-section-height-default elementor-section-height-default\" data-id=\"be3b677\" data-element_type=\"section\">\n\t\t\t\t\t\t<div class=\"elementor-container elementor-column-gap-default\">\n\t\t\t\t\t<div class=\"elementor-column elementor-col-100 elementor-top-column elementor-element elementor-element-6158400\" data-id=\"6158400\" data-element_type=\"column\">\n\t\t\t<div class=\"elementor-widget-wrap\">\n\t\t\t\t\t\t\t<\/div>\n\t\t<\/div>\n\t\t\t\t\t<\/div>\n\t\t<\/section>\n\t\t\t\t<\/div>\n\t\t","protected":false},"excerpt":{"rendered":"<p>Hygge \u00e8 il calore delle piccole cose: una coperta, una luce soffusa, una tazza tra le mani. Un infuso che accoglie, riscalda e distende.<\/p>\n","protected":false},"featured_media":48355,"template":"","meta":[],"product_brand":[],"product_cat":[112,317],"product_tag":[],"class_list":{"0":"post-48354","1":"product","2":"type-product","3":"status-publish","4":"has-post-thumbnail","6":"product_cat-narratherapy-tisane-filosofiche","7":"product_cat-wow","9":"first","10":"instock","11":"featured","12":"taxable","13":"shipping-taxable","14":"purchasable","15":"product-type-simple"},"yoast_head":"<!-- This site is optimized with the Yoast SEO plugin v27.4 - https:\/\/yoast.com\/product\/yoast-seo-wordpress\/ -->\n<title>HYGGE - Tisane Filosofiche - WOW - Narrat\u00e8 World<\/title>\n<meta name=\"description\" content=\"Hygge \u00e8 il calore delle piccole cose: una coperta, una luce soffusa, una tazza tra le mani. Un infuso che accoglie, riscalda e distende.\" \/>\n<meta name=\"robots\" content=\"index, follow, max-snippet:-1, max-image-preview:large, max-video-preview:-1\" \/>\n<link rel=\"canonical\" href=\"https:\/\/narrateworld.com\/en\/prodotto\/hygge-tisane-filosofiche-wow\/\" \/>\n<meta property=\"og:locale\" content=\"en_US\" \/>\n<meta property=\"og:type\" content=\"article\" \/>\n<meta property=\"og:title\" content=\"HYGGE - Tisane Filosofiche - WOW - Narrat\u00e8 World\" \/>\n<meta property=\"og:description\" content=\"Hygge \u00e8 il calore delle piccole cose: una coperta, una luce soffusa, una tazza tra le mani. Un infuso che accoglie, riscalda e distende.\" \/>\n<meta property=\"og:url\" content=\"https:\/\/narrateworld.com\/en\/prodotto\/hygge-tisane-filosofiche-wow\/\" \/>\n<meta property=\"og:site_name\" content=\"Narrat\u00e8 World\" \/>\n<meta property=\"article:publisher\" content=\"https:\/\/www.facebook.com\/narrateworld\" \/>\n<meta property=\"article:modified_time\" content=\"2025-08-27T17:36:50+00:00\" \/>\n<meta property=\"og:image\" content=\"https:\/\/narrateworld.com\/wp-content\/uploads\/2025\/08\/HYGGE.png\" \/>\n\t<meta property=\"og:image:width\" content=\"850\" \/>\n\t<meta property=\"og:image:height\" content=\"851\" \/>\n\t<meta property=\"og:image:type\" content=\"image\/png\" \/>\n<meta name=\"twitter:card\" content=\"summary_large_image\" \/>\n<meta name=\"twitter:site\" content=\"@narrateworld\" \/>\n<meta name=\"twitter:label1\" content=\"Est. reading time\" \/>\n\t<meta name=\"twitter:data1\" content=\"4 minutes\" \/>\n<script type=\"application\/ld+json\" class=\"yoast-schema-graph\">{\"@context\":\"https:\\\/\\\/schema.org\",\"@graph\":[{\"@type\":\"WebPage\",\"@id\":\"https:\\\/\\\/narrateworld.com\\\/en\\\/prodotto\\\/hygge-tisane-filosofiche-wow\\\/\",\"url\":\"https:\\\/\\\/narrateworld.com\\\/en\\\/prodotto\\\/hygge-tisane-filosofiche-wow\\\/\",\"name\":\"HYGGE - Tisane Filosofiche - WOW - Narrat\u00e8 World\",\"isPartOf\":{\"@id\":\"https:\\\/\\\/narrateworld.com\\\/en\\\/#website\"},\"primaryImageOfPage\":{\"@id\":\"https:\\\/\\\/narrateworld.com\\\/en\\\/prodotto\\\/hygge-tisane-filosofiche-wow\\\/#primaryimage\"},\"image\":{\"@id\":\"https:\\\/\\\/narrateworld.com\\\/en\\\/prodotto\\\/hygge-tisane-filosofiche-wow\\\/#primaryimage\"},\"thumbnailUrl\":\"https:\\\/\\\/narrateworld.com\\\/wp-content\\\/uploads\\\/2025\\\/08\\\/HYGGE.png\",\"datePublished\":\"2025-08-27T17:27:07+00:00\",\"dateModified\":\"2025-08-27T17:36:50+00:00\",\"description\":\"Hygge \u00e8 il calore delle piccole cose: una coperta, una luce soffusa, una tazza tra le mani. Un infuso che accoglie, riscalda e distende.\",\"breadcrumb\":{\"@id\":\"https:\\\/\\\/narrateworld.com\\\/en\\\/prodotto\\\/hygge-tisane-filosofiche-wow\\\/#breadcrumb\"},\"inLanguage\":\"en-US\",\"potentialAction\":[{\"@type\":\"ReadAction\",\"target\":[\"https:\\\/\\\/narrateworld.com\\\/en\\\/prodotto\\\/hygge-tisane-filosofiche-wow\\\/\"]}]},{\"@type\":\"ImageObject\",\"inLanguage\":\"en-US\",\"@id\":\"https:\\\/\\\/narrateworld.com\\\/en\\\/prodotto\\\/hygge-tisane-filosofiche-wow\\\/#primaryimage\",\"url\":\"https:\\\/\\\/narrateworld.com\\\/wp-content\\\/uploads\\\/2025\\\/08\\\/HYGGE.png\",\"contentUrl\":\"https:\\\/\\\/narrateworld.com\\\/wp-content\\\/uploads\\\/2025\\\/08\\\/HYGGE.png\",\"width\":850,\"height\":851},{\"@type\":\"BreadcrumbList\",\"@id\":\"https:\\\/\\\/narrateworld.com\\\/en\\\/prodotto\\\/hygge-tisane-filosofiche-wow\\\/#breadcrumb\",\"itemListElement\":[{\"@type\":\"ListItem\",\"position\":1,\"name\":\"Home\",\"item\":\"https:\\\/\\\/narrateworld.com\\\/en\\\/\"},{\"@type\":\"ListItem\",\"position\":2,\"name\":\"Shop\",\"item\":\"https:\\\/\\\/narrateworld.com\\\/en\\\/shop-en\\\/\"},{\"@type\":\"ListItem\",\"position\":3,\"name\":\"HYGGE &#8211; Tisane Filosofiche &#8211; WOW\"}]},{\"@type\":\"WebSite\",\"@id\":\"https:\\\/\\\/narrateworld.com\\\/en\\\/#website\",\"url\":\"https:\\\/\\\/narrateworld.com\\\/en\\\/\",\"name\":\"Narrat\u00e8 World\",\"description\":\"La lettura ha scoperto l&#039;acqua calda\",\"publisher\":{\"@id\":\"https:\\\/\\\/narrateworld.com\\\/en\\\/#organization\"},\"potentialAction\":[{\"@type\":\"SearchAction\",\"target\":{\"@type\":\"EntryPoint\",\"urlTemplate\":\"https:\\\/\\\/narrateworld.com\\\/en\\\/?s={search_term_string}\"},\"query-input\":{\"@type\":\"PropertyValueSpecification\",\"valueRequired\":true,\"valueName\":\"search_term_string\"}}],\"inLanguage\":\"en-US\"},{\"@type\":\"Organization\",\"@id\":\"https:\\\/\\\/narrateworld.com\\\/en\\\/#organization\",\"name\":\"Narrat\u00e8 World\",\"url\":\"https:\\\/\\\/narrateworld.com\\\/en\\\/\",\"logo\":{\"@type\":\"ImageObject\",\"inLanguage\":\"en-US\",\"@id\":\"https:\\\/\\\/narrateworld.com\\\/en\\\/#\\\/schema\\\/logo\\\/image\\\/\",\"url\":\"https:\\\/\\\/www.narrateworld.com\\\/wp-content\\\/uploads\\\/2024\\\/05\\\/logo-order-email-seller.png\",\"contentUrl\":\"https:\\\/\\\/www.narrateworld.com\\\/wp-content\\\/uploads\\\/2024\\\/05\\\/logo-order-email-seller.png\",\"width\":664,\"height\":124,\"caption\":\"Narrat\u00e8 World\"},\"image\":{\"@id\":\"https:\\\/\\\/narrateworld.com\\\/en\\\/#\\\/schema\\\/logo\\\/image\\\/\"},\"sameAs\":[\"https:\\\/\\\/www.facebook.com\\\/narrateworld\",\"https:\\\/\\\/x.com\\\/narrateworld\",\"https:\\\/\\\/instagram.com\\\/narrateworld\"]}]}<\/script>\n<!-- \/ Yoast SEO plugin. -->","yoast_head_json":{"title":"HYGGE - Tisane Filosofiche - WOW - Narrat\u00e8 World","description":"Hygge \u00e8 il calore delle piccole cose: una coperta, una luce soffusa, una tazza tra le mani. Un infuso che accoglie, riscalda e distende.","robots":{"index":"index","follow":"follow","max-snippet":"max-snippet:-1","max-image-preview":"max-image-preview:large","max-video-preview":"max-video-preview:-1"},"canonical":"https:\/\/narrateworld.com\/en\/prodotto\/hygge-tisane-filosofiche-wow\/","og_locale":"en_US","og_type":"article","og_title":"HYGGE - Tisane Filosofiche - WOW - Narrat\u00e8 World","og_description":"Hygge \u00e8 il calore delle piccole cose: una coperta, una luce soffusa, una tazza tra le mani. Un infuso che accoglie, riscalda e distende.","og_url":"https:\/\/narrateworld.com\/en\/prodotto\/hygge-tisane-filosofiche-wow\/","og_site_name":"Narrat\u00e8 World","article_publisher":"https:\/\/www.facebook.com\/narrateworld","article_modified_time":"2025-08-27T17:36:50+00:00","og_image":[{"width":850,"height":851,"url":"https:\/\/narrateworld.com\/wp-content\/uploads\/2025\/08\/HYGGE.png","type":"image\/png"}],"twitter_card":"summary_large_image","twitter_site":"@narrateworld","twitter_misc":{"Est. reading time":"4 minutes"},"schema":{"@context":"https:\/\/schema.org","@graph":[{"@type":"WebPage","@id":"https:\/\/narrateworld.com\/en\/prodotto\/hygge-tisane-filosofiche-wow\/","url":"https:\/\/narrateworld.com\/en\/prodotto\/hygge-tisane-filosofiche-wow\/","name":"HYGGE - Tisane Filosofiche - WOW - Narrat\u00e8 World","isPartOf":{"@id":"https:\/\/narrateworld.com\/en\/#website"},"primaryImageOfPage":{"@id":"https:\/\/narrateworld.com\/en\/prodotto\/hygge-tisane-filosofiche-wow\/#primaryimage"},"image":{"@id":"https:\/\/narrateworld.com\/en\/prodotto\/hygge-tisane-filosofiche-wow\/#primaryimage"},"thumbnailUrl":"https:\/\/narrateworld.com\/wp-content\/uploads\/2025\/08\/HYGGE.png","datePublished":"2025-08-27T17:27:07+00:00","dateModified":"2025-08-27T17:36:50+00:00","description":"Hygge \u00e8 il calore delle piccole cose: una coperta, una luce soffusa, una tazza tra le mani. Un infuso che accoglie, riscalda e distende.","breadcrumb":{"@id":"https:\/\/narrateworld.com\/en\/prodotto\/hygge-tisane-filosofiche-wow\/#breadcrumb"},"inLanguage":"en-US","potentialAction":[{"@type":"ReadAction","target":["https:\/\/narrateworld.com\/en\/prodotto\/hygge-tisane-filosofiche-wow\/"]}]},{"@type":"ImageObject","inLanguage":"en-US","@id":"https:\/\/narrateworld.com\/en\/prodotto\/hygge-tisane-filosofiche-wow\/#primaryimage","url":"https:\/\/narrateworld.com\/wp-content\/uploads\/2025\/08\/HYGGE.png","contentUrl":"https:\/\/narrateworld.com\/wp-content\/uploads\/2025\/08\/HYGGE.png","width":850,"height":851},{"@type":"BreadcrumbList","@id":"https:\/\/narrateworld.com\/en\/prodotto\/hygge-tisane-filosofiche-wow\/#breadcrumb","itemListElement":[{"@type":"ListItem","position":1,"name":"Home","item":"https:\/\/narrateworld.com\/en\/"},{"@type":"ListItem","position":2,"name":"Shop","item":"https:\/\/narrateworld.com\/en\/shop-en\/"},{"@type":"ListItem","position":3,"name":"HYGGE &#8211; Tisane Filosofiche &#8211; WOW"}]},{"@type":"WebSite","@id":"https:\/\/narrateworld.com\/en\/#website","url":"https:\/\/narrateworld.com\/en\/","name":"Narrat\u00e8 World","description":"La lettura ha scoperto l&#039;acqua calda","publisher":{"@id":"https:\/\/narrateworld.com\/en\/#organization"},"potentialAction":[{"@type":"SearchAction","target":{"@type":"EntryPoint","urlTemplate":"https:\/\/narrateworld.com\/en\/?s={search_term_string}"},"query-input":{"@type":"PropertyValueSpecification","valueRequired":true,"valueName":"search_term_string"}}],"inLanguage":"en-US"},{"@type":"Organization","@id":"https:\/\/narrateworld.com\/en\/#organization","name":"Narrat\u00e8 World","url":"https:\/\/narrateworld.com\/en\/","logo":{"@type":"ImageObject","inLanguage":"en-US","@id":"https:\/\/narrateworld.com\/en\/#\/schema\/logo\/image\/","url":"https:\/\/www.narrateworld.com\/wp-content\/uploads\/2024\/05\/logo-order-email-seller.png","contentUrl":"https:\/\/www.narrateworld.com\/wp-content\/uploads\/2024\/05\/logo-order-email-seller.png","width":664,"height":124,"caption":"Narrat\u00e8 World"},"image":{"@id":"https:\/\/narrateworld.com\/en\/#\/schema\/logo\/image\/"},"sameAs":["https:\/\/www.facebook.com\/narrateworld","https:\/\/x.com\/narrateworld","https:\/\/instagram.com\/narrateworld"]}]}},"_links":{"self":[{"href":"https:\/\/narrateworld.com\/en\/wp-json\/wp\/v2\/product\/48354","targetHints":{"allow":["GET"]}}],"collection":[{"href":"https:\/\/narrateworld.com\/en\/wp-json\/wp\/v2\/product"}],"about":[{"href":"https:\/\/narrateworld.com\/en\/wp-json\/wp\/v2\/types\/product"}],"version-history":[{"count":7,"href":"https:\/\/narrateworld.com\/en\/wp-json\/wp\/v2\/product\/48354\/revisions"}],"predecessor-version":[{"id":48365,"href":"https:\/\/narrateworld.com\/en\/wp-json\/wp\/v2\/product\/48354\/revisions\/48365"}],"wp:featuredmedia":[{"embeddable":true,"href":"https:\/\/narrateworld.com\/en\/wp-json\/wp\/v2\/media\/48355"}],"wp:attachment":[{"href":"https:\/\/narrateworld.com\/en\/wp-json\/wp\/v2\/media?parent=48354"}],"wp:term":[{"taxonomy":"product_brand","embeddable":true,"href":"https:\/\/narrateworld.com\/en\/wp-json\/wp\/v2\/product_brand?post=48354"},{"taxonomy":"product_cat","embeddable":true,"href":"https:\/\/narrateworld.com\/en\/wp-json\/wp\/v2\/product_cat?post=48354"},{"taxonomy":"product_tag","embeddable":true,"href":"https:\/\/narrateworld.com\/en\/wp-json\/wp\/v2\/product_tag?post=48354"}],"curies":[{"name":"wp","href":"https:\/\/api.w.org\/{rel}","templated":true}]}}