{"id":49020,"date":"2025-10-28T15:33:20","date_gmt":"2025-10-28T14:33:20","guid":{"rendered":"https:\/\/narrateworld.com\/?post_type=product&#038;p=49020"},"modified":"2025-10-28T15:40:27","modified_gmt":"2025-10-28T14:40:27","slug":"scrigno-therapy-fai-da-te-copia-2","status":"publish","type":"product","link":"https:\/\/narrateworld.com\/en\/prodotto\/scrigno-therapy-fai-da-te-copia-2\/","title":{"rendered":"Scrigno THERAPY [FAI DA T\u00c8] (Copia)"},"content":{"rendered":"\t\t<div data-elementor-type=\"wp-post\" data-elementor-id=\"49020\" class=\"elementor elementor-49020 elementor-49019\">\n\t\t\t\t\t\t<section class=\"wd-negative-gap elementor-section elementor-top-section elementor-element elementor-element-79752fbe wd-section-stretch elementor-section-content-top elementor-section-boxed elementor-section-height-default elementor-section-height-default\" data-id=\"79752fbe\" data-element_type=\"section\" data-settings=\"{&quot;background_background&quot;:&quot;classic&quot;}\">\n\t\t\t\t\t\t<div class=\"elementor-container elementor-column-gap-extended\">\n\t\t\t\t\t<div class=\"elementor-column elementor-col-50 elementor-top-column elementor-element elementor-element-2af8c87b\" data-id=\"2af8c87b\" data-element_type=\"column\">\n\t\t\t<div class=\"elementor-widget-wrap elementor-element-populated\">\n\t\t\t\t\t\t<div class=\"elementor-element elementor-element-34e43d1 elementor-widget elementor-widget-wd_text_block\" data-id=\"34e43d1\" data-element_type=\"widget\" data-widget_type=\"wd_text_block.default\">\n\t\t\t\t<div class=\"elementor-widget-container\">\n\t\t\t\t\t<div class=\"wd-text-block reset-last-child text-left\">\n\t\t\t\n\t\t\t<h3>SCRIGNO THERAPY [FAI DA T\u00c8]<\/h3><p>Massima flessibilit\u00e0, si posso inserire i tre titoli preferiti delle\u00a0<span style=\"color: #80709b;\"><a style=\"color: #80709b;\" href=\"\/?product_cat=narra-therapy-tisane-filosofiche\" target=\"_blank\" rel=\"noopener\"><strong>Tisane Filosofiche<\/strong><\/a> disponibili sul sito. Contiene anche un <strong>T\u00e8ccuino<\/strong><\/span> della stessa linea.<\/p><p>Per indicare i quattro titoli scelti, \u00e8 sufficente scriverlo\u00a0<strong>nelle\u00a0note<\/strong> del carrello.<\/p>\n\t\t\t\t\t<\/div>\n\t\t\t\t<\/div>\n\t\t\t\t<\/div>\n\t\t\t\t\t<\/div>\n\t\t<\/div>\n\t\t\t\t<div class=\"elementor-column elementor-col-50 elementor-top-column elementor-element elementor-element-5471f06f\" data-id=\"5471f06f\" data-element_type=\"column\">\n\t\t\t<div class=\"elementor-widget-wrap\">\n\t\t\t\t\t\t\t<\/div>\n\t\t<\/div>\n\t\t\t\t\t<\/div>\n\t\t<\/section>\n\t\t\t\t<\/div>\n\t\t","protected":false},"excerpt":{"rendered":"<p>Massima flessibilit\u00e0, si posso inserire i tre titoli preferiti delle\u00a0<strong>Tisane Filosofiche\u00a0<\/strong>disponibili sul sito.<\/p>\n","protected":false},"featured_media":49024,"template":"","meta":[],"product_brand":[],"product_cat":[194,221,214],"product_tag":[],"class_list":{"0":"post-49020","1":"product","2":"type-product","3":"status-publish","4":"has-post-thumbnail","6":"product_cat-boxes","7":"product_cat-boxes-diy","8":"product_cat-narratherapy","10":"first","11":"instock","12":"taxable","13":"shipping-taxable","14":"purchasable","15":"product-type-simple"},"yoast_head":"<!-- This site is optimized with the Yoast SEO plugin v27.4 - https:\/\/yoast.com\/product\/yoast-seo-wordpress\/ -->\n<title>Scrigno THERAPY [FAI DA T\u00c8] (Copia) - Narrat\u00e8 World<\/title>\n<meta name=\"robots\" content=\"index, follow, max-snippet:-1, max-image-preview:large, max-video-preview:-1\" \/>\n<link rel=\"canonical\" href=\"https:\/\/narrateworld.com\/en\/prodotto\/scrigno-therapy-fai-da-te-copia-2\/\" \/>\n<meta property=\"og:locale\" content=\"en_US\" \/>\n<meta property=\"og:type\" content=\"article\" \/>\n<meta property=\"og:title\" content=\"Scrigno THERAPY [FAI DA T\u00c8] (Copia) - Narrat\u00e8 World\" \/>\n<meta property=\"og:description\" content=\"Massima flessibilit\u00e0, si posso inserire i tre titoli preferiti delle\u00a0Tisane Filosofiche\u00a0disponibili sul sito.\" \/>\n<meta property=\"og:url\" content=\"https:\/\/narrateworld.com\/en\/prodotto\/scrigno-therapy-fai-da-te-copia-2\/\" \/>\n<meta property=\"og:site_name\" content=\"Narrat\u00e8 World\" \/>\n<meta property=\"article:publisher\" content=\"https:\/\/www.facebook.com\/narrateworld\" \/>\n<meta property=\"article:modified_time\" content=\"2025-10-28T14:40:27+00:00\" \/>\n<meta property=\"og:image\" content=\"https:\/\/narrateworld.com\/wp-content\/uploads\/2025\/10\/SUPERCAZZOLA-1.png\" \/>\n\t<meta property=\"og:image:width\" content=\"567\" \/>\n\t<meta property=\"og:image:height\" content=\"485\" \/>\n\t<meta property=\"og:image:type\" content=\"image\/png\" \/>\n<meta name=\"twitter:card\" content=\"summary_large_image\" \/>\n<meta name=\"twitter:site\" content=\"@narrateworld\" \/>\n<script type=\"application\/ld+json\" class=\"yoast-schema-graph\">{\"@context\":\"https:\\\/\\\/schema.org\",\"@graph\":[{\"@type\":\"WebPage\",\"@id\":\"https:\\\/\\\/narrateworld.com\\\/en\\\/prodotto\\\/scrigno-therapy-fai-da-te-copia-2\\\/\",\"url\":\"https:\\\/\\\/narrateworld.com\\\/en\\\/prodotto\\\/scrigno-therapy-fai-da-te-copia-2\\\/\",\"name\":\"Scrigno THERAPY [FAI DA T\u00c8] (Copia) - Narrat\u00e8 World\",\"isPartOf\":{\"@id\":\"https:\\\/\\\/narrateworld.com\\\/en\\\/#website\"},\"primaryImageOfPage\":{\"@id\":\"https:\\\/\\\/narrateworld.com\\\/en\\\/prodotto\\\/scrigno-therapy-fai-da-te-copia-2\\\/#primaryimage\"},\"image\":{\"@id\":\"https:\\\/\\\/narrateworld.com\\\/en\\\/prodotto\\\/scrigno-therapy-fai-da-te-copia-2\\\/#primaryimage\"},\"thumbnailUrl\":\"https:\\\/\\\/narrateworld.com\\\/wp-content\\\/uploads\\\/2025\\\/10\\\/SUPERCAZZOLA-1.png\",\"datePublished\":\"2025-10-28T14:33:20+00:00\",\"dateModified\":\"2025-10-28T14:40:27+00:00\",\"breadcrumb\":{\"@id\":\"https:\\\/\\\/narrateworld.com\\\/en\\\/prodotto\\\/scrigno-therapy-fai-da-te-copia-2\\\/#breadcrumb\"},\"inLanguage\":\"en-US\",\"potentialAction\":[{\"@type\":\"ReadAction\",\"target\":[\"https:\\\/\\\/narrateworld.com\\\/en\\\/prodotto\\\/scrigno-therapy-fai-da-te-copia-2\\\/\"]}]},{\"@type\":\"ImageObject\",\"inLanguage\":\"en-US\",\"@id\":\"https:\\\/\\\/narrateworld.com\\\/en\\\/prodotto\\\/scrigno-therapy-fai-da-te-copia-2\\\/#primaryimage\",\"url\":\"https:\\\/\\\/narrateworld.com\\\/wp-content\\\/uploads\\\/2025\\\/10\\\/SUPERCAZZOLA-1.png\",\"contentUrl\":\"https:\\\/\\\/narrateworld.com\\\/wp-content\\\/uploads\\\/2025\\\/10\\\/SUPERCAZZOLA-1.png\",\"width\":567,\"height\":485},{\"@type\":\"BreadcrumbList\",\"@id\":\"https:\\\/\\\/narrateworld.com\\\/en\\\/prodotto\\\/scrigno-therapy-fai-da-te-copia-2\\\/#breadcrumb\",\"itemListElement\":[{\"@type\":\"ListItem\",\"position\":1,\"name\":\"Home\",\"item\":\"https:\\\/\\\/narrateworld.com\\\/en\\\/\"},{\"@type\":\"ListItem\",\"position\":2,\"name\":\"Shop\",\"item\":\"https:\\\/\\\/narrateworld.com\\\/en\\\/shop-en\\\/\"},{\"@type\":\"ListItem\",\"position\":3,\"name\":\"Scrigno THERAPY [FAI DA T\u00c8] (Copia)\"}]},{\"@type\":\"WebSite\",\"@id\":\"https:\\\/\\\/narrateworld.com\\\/en\\\/#website\",\"url\":\"https:\\\/\\\/narrateworld.com\\\/en\\\/\",\"name\":\"Narrat\u00e8 World\",\"description\":\"La lettura ha scoperto l&#039;acqua calda\",\"publisher\":{\"@id\":\"https:\\\/\\\/narrateworld.com\\\/en\\\/#organization\"},\"potentialAction\":[{\"@type\":\"SearchAction\",\"target\":{\"@type\":\"EntryPoint\",\"urlTemplate\":\"https:\\\/\\\/narrateworld.com\\\/en\\\/?s={search_term_string}\"},\"query-input\":{\"@type\":\"PropertyValueSpecification\",\"valueRequired\":true,\"valueName\":\"search_term_string\"}}],\"inLanguage\":\"en-US\"},{\"@type\":\"Organization\",\"@id\":\"https:\\\/\\\/narrateworld.com\\\/en\\\/#organization\",\"name\":\"Narrat\u00e8 World\",\"url\":\"https:\\\/\\\/narrateworld.com\\\/en\\\/\",\"logo\":{\"@type\":\"ImageObject\",\"inLanguage\":\"en-US\",\"@id\":\"https:\\\/\\\/narrateworld.com\\\/en\\\/#\\\/schema\\\/logo\\\/image\\\/\",\"url\":\"https:\\\/\\\/www.narrateworld.com\\\/wp-content\\\/uploads\\\/2024\\\/05\\\/logo-order-email-seller.png\",\"contentUrl\":\"https:\\\/\\\/www.narrateworld.com\\\/wp-content\\\/uploads\\\/2024\\\/05\\\/logo-order-email-seller.png\",\"width\":664,\"height\":124,\"caption\":\"Narrat\u00e8 World\"},\"image\":{\"@id\":\"https:\\\/\\\/narrateworld.com\\\/en\\\/#\\\/schema\\\/logo\\\/image\\\/\"},\"sameAs\":[\"https:\\\/\\\/www.facebook.com\\\/narrateworld\",\"https:\\\/\\\/x.com\\\/narrateworld\",\"https:\\\/\\\/instagram.com\\\/narrateworld\"]}]}<\/script>\n<!-- \/ Yoast SEO plugin. -->","yoast_head_json":{"title":"Scrigno THERAPY [FAI DA T\u00c8] (Copia) - Narrat\u00e8 World","robots":{"index":"index","follow":"follow","max-snippet":"max-snippet:-1","max-image-preview":"max-image-preview:large","max-video-preview":"max-video-preview:-1"},"canonical":"https:\/\/narrateworld.com\/en\/prodotto\/scrigno-therapy-fai-da-te-copia-2\/","og_locale":"en_US","og_type":"article","og_title":"Scrigno THERAPY [FAI DA T\u00c8] (Copia) - Narrat\u00e8 World","og_description":"Massima flessibilit\u00e0, si posso inserire i tre titoli preferiti delle\u00a0Tisane Filosofiche\u00a0disponibili sul sito.","og_url":"https:\/\/narrateworld.com\/en\/prodotto\/scrigno-therapy-fai-da-te-copia-2\/","og_site_name":"Narrat\u00e8 World","article_publisher":"https:\/\/www.facebook.com\/narrateworld","article_modified_time":"2025-10-28T14:40:27+00:00","og_image":[{"width":567,"height":485,"url":"https:\/\/narrateworld.com\/wp-content\/uploads\/2025\/10\/SUPERCAZZOLA-1.png","type":"image\/png"}],"twitter_card":"summary_large_image","twitter_site":"@narrateworld","schema":{"@context":"https:\/\/schema.org","@graph":[{"@type":"WebPage","@id":"https:\/\/narrateworld.com\/en\/prodotto\/scrigno-therapy-fai-da-te-copia-2\/","url":"https:\/\/narrateworld.com\/en\/prodotto\/scrigno-therapy-fai-da-te-copia-2\/","name":"Scrigno THERAPY [FAI DA T\u00c8] (Copia) - Narrat\u00e8 World","isPartOf":{"@id":"https:\/\/narrateworld.com\/en\/#website"},"primaryImageOfPage":{"@id":"https:\/\/narrateworld.com\/en\/prodotto\/scrigno-therapy-fai-da-te-copia-2\/#primaryimage"},"image":{"@id":"https:\/\/narrateworld.com\/en\/prodotto\/scrigno-therapy-fai-da-te-copia-2\/#primaryimage"},"thumbnailUrl":"https:\/\/narrateworld.com\/wp-content\/uploads\/2025\/10\/SUPERCAZZOLA-1.png","datePublished":"2025-10-28T14:33:20+00:00","dateModified":"2025-10-28T14:40:27+00:00","breadcrumb":{"@id":"https:\/\/narrateworld.com\/en\/prodotto\/scrigno-therapy-fai-da-te-copia-2\/#breadcrumb"},"inLanguage":"en-US","potentialAction":[{"@type":"ReadAction","target":["https:\/\/narrateworld.com\/en\/prodotto\/scrigno-therapy-fai-da-te-copia-2\/"]}]},{"@type":"ImageObject","inLanguage":"en-US","@id":"https:\/\/narrateworld.com\/en\/prodotto\/scrigno-therapy-fai-da-te-copia-2\/#primaryimage","url":"https:\/\/narrateworld.com\/wp-content\/uploads\/2025\/10\/SUPERCAZZOLA-1.png","contentUrl":"https:\/\/narrateworld.com\/wp-content\/uploads\/2025\/10\/SUPERCAZZOLA-1.png","width":567,"height":485},{"@type":"BreadcrumbList","@id":"https:\/\/narrateworld.com\/en\/prodotto\/scrigno-therapy-fai-da-te-copia-2\/#breadcrumb","itemListElement":[{"@type":"ListItem","position":1,"name":"Home","item":"https:\/\/narrateworld.com\/en\/"},{"@type":"ListItem","position":2,"name":"Shop","item":"https:\/\/narrateworld.com\/en\/shop-en\/"},{"@type":"ListItem","position":3,"name":"Scrigno THERAPY [FAI DA T\u00c8] (Copia)"}]},{"@type":"WebSite","@id":"https:\/\/narrateworld.com\/en\/#website","url":"https:\/\/narrateworld.com\/en\/","name":"Narrat\u00e8 World","description":"La lettura ha scoperto l&#039;acqua calda","publisher":{"@id":"https:\/\/narrateworld.com\/en\/#organization"},"potentialAction":[{"@type":"SearchAction","target":{"@type":"EntryPoint","urlTemplate":"https:\/\/narrateworld.com\/en\/?s={search_term_string}"},"query-input":{"@type":"PropertyValueSpecification","valueRequired":true,"valueName":"search_term_string"}}],"inLanguage":"en-US"},{"@type":"Organization","@id":"https:\/\/narrateworld.com\/en\/#organization","name":"Narrat\u00e8 World","url":"https:\/\/narrateworld.com\/en\/","logo":{"@type":"ImageObject","inLanguage":"en-US","@id":"https:\/\/narrateworld.com\/en\/#\/schema\/logo\/image\/","url":"https:\/\/www.narrateworld.com\/wp-content\/uploads\/2024\/05\/logo-order-email-seller.png","contentUrl":"https:\/\/www.narrateworld.com\/wp-content\/uploads\/2024\/05\/logo-order-email-seller.png","width":664,"height":124,"caption":"Narrat\u00e8 World"},"image":{"@id":"https:\/\/narrateworld.com\/en\/#\/schema\/logo\/image\/"},"sameAs":["https:\/\/www.facebook.com\/narrateworld","https:\/\/x.com\/narrateworld","https:\/\/instagram.com\/narrateworld"]}]}},"_links":{"self":[{"href":"https:\/\/narrateworld.com\/en\/wp-json\/wp\/v2\/product\/49020","targetHints":{"allow":["GET"]}}],"collection":[{"href":"https:\/\/narrateworld.com\/en\/wp-json\/wp\/v2\/product"}],"about":[{"href":"https:\/\/narrateworld.com\/en\/wp-json\/wp\/v2\/types\/product"}],"version-history":[{"count":1,"href":"https:\/\/narrateworld.com\/en\/wp-json\/wp\/v2\/product\/49020\/revisions"}],"predecessor-version":[{"id":49027,"href":"https:\/\/narrateworld.com\/en\/wp-json\/wp\/v2\/product\/49020\/revisions\/49027"}],"wp:featuredmedia":[{"embeddable":true,"href":"https:\/\/narrateworld.com\/en\/wp-json\/wp\/v2\/media\/49024"}],"wp:attachment":[{"href":"https:\/\/narrateworld.com\/en\/wp-json\/wp\/v2\/media?parent=49020"}],"wp:term":[{"taxonomy":"product_brand","embeddable":true,"href":"https:\/\/narrateworld.com\/en\/wp-json\/wp\/v2\/product_brand?post=49020"},{"taxonomy":"product_cat","embeddable":true,"href":"https:\/\/narrateworld.com\/en\/wp-json\/wp\/v2\/product_cat?post=49020"},{"taxonomy":"product_tag","embeddable":true,"href":"https:\/\/narrateworld.com\/en\/wp-json\/wp\/v2\/product_tag?post=49020"}],"curies":[{"name":"wp","href":"https:\/\/api.w.org\/{rel}","templated":true}]}}